{"id":14008,"date":"2026-04-17T12:22:39","date_gmt":"2026-04-17T12:22:39","guid":{"rendered":"https:\/\/hekalsoluciones.com\/hekalsoluciones\/producto\/microfonos-logitech-de-expansion-para-group-color-negro\/"},"modified":"2026-04-28T11:00:39","modified_gmt":"2026-04-28T11:00:39","slug":"microfonos-logitech-de-expansion-para-group-color-negro","status":"publish","type":"product","link":"https:\/\/hekalsoluciones.com\/hekalsoluciones\/producto\/microfonos-logitech-de-expansion-para-group-color-negro\/","title":{"rendered":"Microfonos LOGITECH De Expansi\u00f3n Para Group COLOR Negro"},"content":{"rendered":"<p>Sonido Superior En Salas Grandes, Ampl\u00eda el alcance del sistema de videoconferencia GROUP con micr\u00f3fonos de expansi\u00f3n Logitech GROUP. Puede haber hasta 20 personas en una sala grande y se oir\u00e1 la voz de todas y cada una de ellas. Los micr\u00f3fonos se reconocen y configuran autom\u00e1ticamente al conectarlos al sistema manos libres de GROUP. Un indicador luminoso muestra cu\u00e1ndo se ha silenciado el micr\u00f3fono, cu\u00e1ndo hay una llamada activa y cu\u00e1ndo se ha iniciado el emparejamiento inal\u00e1mbrico Bluetooth Su patr\u00f3n polar omnidireccional ofrece una respuesta de sensibilidad constante gracias a su \u00e1ngulo de cobertura de 360\u00ba. \u00a1Vas a poder percibir sonidos en todas las direcciones!<\/p>\n<div class=\"shopcommerce-product-attributes\">\n<h4>Especificaciones<\/h4>\n<ul class=\"product-specs\">\n<li><strong>ACCESORIOS INCLUIDOS:<\/strong> 6<\/li>\n<li><strong>NOMBRE O DESCRIPCION:<\/strong> Microfonos LOGITECH De Expansi\u00f3n Para Group COLOR Negro<\/li>\n<li><strong>CARACTERISTICAS:<\/strong> Sonido Superior En Salas Grandes, Ampl\u00eda el alcance del sistema de videoconferencia GROUP con micr\u00f3fonos de expansi\u00f3n Logitech GROUP. Puede haber hasta 20 personas en una sala grande y se oir\u00e1 la voz de todas y cada una de ellas. Los micr\u00f3fonos se reconocen y configuran autom\u00e1ticamente al conectarlos al sistema manos libres de GROUP. Un indicador luminoso muestra cu\u00e1ndo se ha silenciado el micr\u00f3fono, cu\u00e1ndo hay una llamada activa y cu\u00e1ndo se ha iniciado el emparejamiento inal\u00e1mbrico Bluetooth Su patr\u00f3n polar omnidireccional ofrece una respuesta de sensibilidad constante gracias a su \u00e1ngulo de cobertura de 360\u00ba. \u00a1Vas a poder percibir sonidos en todas las direcciones!<\/li>\n<\/ul>\n<\/div>\n","protected":false},"excerpt":{"rendered":"<p>Sonido Superior En Salas Grandes, Ampl\u00eda el alcance del sistema de videoconferencia GROUP con micr\u00f3fonos de expansi\u00f3n Logitech GROUP. Puede haber hasta 20 personas en una sala grande y se<\/p>\n","protected":false},"featured_media":14009,"comment_status":"open","ping_status":"closed","template":"","meta":{"_monsterinsights_skip_tracking":false,"_monsterinsights_sitenote_active":false,"_monsterinsights_sitenote_note":"","_monsterinsights_sitenote_category":0},"aioseo_notices":[],"_links":{"self":[{"href":"https:\/\/hekalsoluciones.com\/hekalsoluciones\/wp-json\/wp\/v2\/product\/14008"}],"collection":[{"href":"https:\/\/hekalsoluciones.com\/hekalsoluciones\/wp-json\/wp\/v2\/product"}],"about":[{"href":"https:\/\/hekalsoluciones.com\/hekalsoluciones\/wp-json\/wp\/v2\/types\/product"}],"replies":[{"embeddable":true,"href":"https:\/\/hekalsoluciones.com\/hekalsoluciones\/wp-json\/wp\/v2\/comments?post=14008"}],"wp:featuredmedia":[{"embeddable":true,"href":"https:\/\/hekalsoluciones.com\/hekalsoluciones\/wp-json\/wp\/v2\/media\/14009"}],"wp:attachment":[{"href":"https:\/\/hekalsoluciones.com\/hekalsoluciones\/wp-json\/wp\/v2\/media?parent=14008"}],"curies":[{"name":"wp","href":"https:\/\/api.w.org\/{rel}","templated":true}]}}