{"id":14015,"date":"2026-04-18T09:33:52","date_gmt":"2026-04-18T09:33:52","guid":{"rendered":"https:\/\/hekalsoluciones.com\/hekalsoluciones\/producto\/monitor-dahua-led-27-panel-ips-100hz-8ms-full-hd-1920x1080-169-interfaz-hdmix1vgax1-incluye-cable-hdmi-bezel-ultradelgado-20-mm-contraste-10001-angulo-de-vison-178h-178\/"},"modified":"2026-04-27T18:01:17","modified_gmt":"2026-04-27T18:01:17","slug":"monitor-dahua-led-27-panel-ips-100hz-8ms-full-hd-1920x1080-169-interfaz-hdmix1vgax1-incluye-cable-hdmi-bezel-ultradelgado-20-mm-contraste-10001-angulo-de-vison-178h-178","status":"publish","type":"product","link":"https:\/\/hekalsoluciones.com\/hekalsoluciones\/producto\/monitor-dahua-led-27-panel-ips-100hz-8ms-full-hd-1920x1080-169-interfaz-hdmix1vgax1-incluye-cable-hdmi-bezel-ultradelgado-20-mm-contraste-10001-angulo-de-vison-178h-178\/","title":{"rendered":"Monitor Dahua LED 27 Panel IPS 100Hz (8ms) FULL HD (1920&#215;1080) 16:9, Interfaz HDMI\u00d71,VGA\u00d71 (INCLUYE CABLE HDMI) Bezel ultradelgado 2,0 mm Contraste 1000:1, angulo de vison 178\u00b0(H)\/178\u00b0(V) Compatible con soporte VESA 75x75mm (3.0&#215;3.0)"},"content":{"rendered":"<p>Monitor DAHUA DHI-LM27-A201H  Angulo de visi\u00f3n extra amplio de 178\u00b0H\/178\u00b0V procesamiento digital de alta fidelidad, admite m\u00faltiples entradas de se\u00f1al HDMI y VGA modo de control mediante botones fisicos, bajo consumo de energ\u00eda<\/p>\n","protected":false},"excerpt":{"rendered":"<p>Monitor DAHUA DHI-LM27-A201H Angulo de visi\u00f3n extra amplio de 178\u00b0H\/178\u00b0V procesamiento digital de alta fidelidad, admite m\u00faltiples entradas de se\u00f1al HDMI y VGA modo de control mediante botones fisicos, bajo<\/p>\n","protected":false},"featured_media":10955,"comment_status":"open","ping_status":"closed","template":"","meta":{"_monsterinsights_skip_tracking":false,"_monsterinsights_sitenote_active":false,"_monsterinsights_sitenote_note":"","_monsterinsights_sitenote_category":0},"aioseo_notices":[],"_links":{"self":[{"href":"https:\/\/hekalsoluciones.com\/hekalsoluciones\/wp-json\/wp\/v2\/product\/14015"}],"collection":[{"href":"https:\/\/hekalsoluciones.com\/hekalsoluciones\/wp-json\/wp\/v2\/product"}],"about":[{"href":"https:\/\/hekalsoluciones.com\/hekalsoluciones\/wp-json\/wp\/v2\/types\/product"}],"replies":[{"embeddable":true,"href":"https:\/\/hekalsoluciones.com\/hekalsoluciones\/wp-json\/wp\/v2\/comments?post=14015"}],"wp:featuredmedia":[{"embeddable":true,"href":"https:\/\/hekalsoluciones.com\/hekalsoluciones\/wp-json\/wp\/v2\/media\/10955"}],"wp:attachment":[{"href":"https:\/\/hekalsoluciones.com\/hekalsoluciones\/wp-json\/wp\/v2\/media?parent=14015"}],"curies":[{"name":"wp","href":"https:\/\/api.w.org\/{rel}","templated":true}]}}