{"id":14017,"date":"2026-04-20T23:41:23","date_gmt":"2026-04-20T23:41:23","guid":{"rendered":"https:\/\/hekalsoluciones.com\/hekalsoluciones\/producto\/smart-tank-750\/"},"modified":"2026-04-28T01:23:54","modified_gmt":"2026-04-28T01:23:54","slug":"smart-tank-750","status":"publish","type":"product","link":"https:\/\/hekalsoluciones.com\/hekalsoluciones\/producto\/smart-tank-750\/","title":{"rendered":"Smart Tank 750"},"content":{"rendered":"<p>Impresora HP 750\/Mulritfun duplex\/Wi-fi \/Neg 15ppm, color 9ppm\/ USB 2.0\/Bluetooth\/ADF\/Eternet<\/p>\n<div class=\"shopcommerce-product-attributes\">\n<h4>Especificaciones<\/h4>\n<ul class=\"product-specs\">\n<li><strong>CONDICI\u00d3N:<\/strong> NUEVO<\/li>\n<li><strong>COLOR:<\/strong> BLANCO<\/li>\n<li><strong>MARCA:<\/strong> HP<\/li>\n<li><strong>MODELO:<\/strong> Smart Tank 750<\/li>\n<li><strong>L\u00cdNEA DE PRODUCTOS:<\/strong> Inyecci\u00f3n T\u00e9rmica de Tinta HP<\/li>\n<li><strong>MODELO ALFANUMERICO:<\/strong> NA<\/li>\n<li><strong>MODELO DETALLADO:<\/strong> NA<\/li>\n<li><strong>CON WI-FI:<\/strong> SI<\/li>\n<li><strong>ES KIT:<\/strong> NO<\/li>\n<li><strong>ACCESORIOS INCLUIDOS:<\/strong> NO<\/li>\n<li><strong>CANTIDAD DE CARTUCHOS:<\/strong> 4<\/li>\n<li><strong>CANTIDAD DE CHAROLAS:<\/strong> 1<\/li>\n<li><strong>VELOCIDAD DE IMPRESION EN COLOR:<\/strong> 9 ppm (ISO)<\/li>\n<li><strong>VELOCIDAD DE IMPRESION EN BLANCO Y NEGRO:<\/strong> 15ppm (ISO)<\/li>\n<li><strong>UNIDADES DE DIMENSI\u00d3N:<\/strong> CM<\/li>\n<li><strong>TIPOS DE PAPEL:<\/strong> Papel normal, papeles fotogr\u00e1ficos HP, papel profesional o folleto mate HP, papel<\/li>\n<li><strong>CAPACIDAD M\u00c1XIMA DE HOJAS:<\/strong> <em>N\/A<\/em><\/li>\n<li><strong>TIPO DE PANTALLA:<\/strong> Twisted Pneumatic Positive, Reflective, LCD 2 x 0.4 in (50.8 x 10.16 mm)<\/li>\n<li><strong>TIPO DE IMPRESORA:<\/strong> <em>N\/A<\/em><\/li>\n<li><strong>TIPO DE IMPRESI\u00d3N:<\/strong> Inyecci\u00f3n de Tinta<\/li>\n<li><strong>CON BLUETOOTH:<\/strong> SI<\/li>\n<li><strong>CON USB:<\/strong> SI<\/li>\n<li><strong>TECNOLOG\u00cdA DE IMPRESI\u00d3N:<\/strong> Inyecci\u00f3n T\u00e9rmica de Tinta HP<\/li>\n<li><strong>CONEXIONES M\u00d3VILES:<\/strong> <em>N\/A<\/em><\/li>\n<li><strong>ES PORT\u00c1TIL:<\/strong> NO<\/li>\n<li><strong>TAMANOS DE PAPEL:<\/strong> A4; A5; A6; B5 (JIS); Sobre (DL, C5, C6, Chou 3, Chou 4); Tarjeta (Hagaki, Ofuku Hagaki)<\/li>\n<li><strong>UNIDAD DE PESO:<\/strong> KG<\/li>\n<li><strong>FUNCIONES DE LA IMPRESORA:<\/strong> Imprime, copia y Escanea duplex<\/li>\n<li><strong>SKU:<\/strong> 6UU47A#AKY<\/li>\n<li><strong>NOMBRE O DESCRIPCION:<\/strong> Impresora HP 750\/Mulritfun duplex\/Wi-fi \/Neg 15ppm, color 9ppm\/ USB 2.0\/Bluetooth\/ADF\/Eternet<\/li>\n<li><strong>CARACTERISTICAS:<\/strong> <em>N\/A<\/em><\/li>\n<li><strong>EAN:<\/strong> 195908303138<\/li>\n<li><strong>SKU SIMPLE:<\/strong> 6UU47A<\/li>\n<li><strong>ANCHURA DEL PAQUETE DE ENV\u00cdO:<\/strong> 8,89<\/li>\n<li><strong>ALTURA DEL PAQUETE DE ENV\u00cdO:<\/strong> 35,56<\/li>\n<li><strong>LARGO DEL PAQUETE DE ENV\u00cdO:<\/strong> 21,59<\/li>\n<li><strong>PESO DEL PAQUETE:<\/strong> 7,7<\/li>\n<li><strong>NOMBRE:<\/strong> Smart Tank 750<\/li>\n<\/ul>\n<\/div>\n","protected":false},"excerpt":{"rendered":"<p>Impresora HP 750\/Mulritfun duplex\/Wi-fi \/Neg 15ppm, color 9ppm\/ USB 2.0\/Bluetooth\/ADF\/Eternet Especificaciones CONDICI\u00d3N: NUEVO COLOR: BLANCO MARCA: HP MODELO: Smart Tank 750 L\u00cdNEA DE PRODUCTOS: Inyecci\u00f3n T\u00e9rmica de Tinta HP MODELO<\/p>\n","protected":false},"featured_media":14018,"comment_status":"open","ping_status":"closed","template":"","meta":{"_monsterinsights_skip_tracking":false,"_monsterinsights_sitenote_active":false,"_monsterinsights_sitenote_note":"","_monsterinsights_sitenote_category":0},"aioseo_notices":[],"_links":{"self":[{"href":"https:\/\/hekalsoluciones.com\/hekalsoluciones\/wp-json\/wp\/v2\/product\/14017"}],"collection":[{"href":"https:\/\/hekalsoluciones.com\/hekalsoluciones\/wp-json\/wp\/v2\/product"}],"about":[{"href":"https:\/\/hekalsoluciones.com\/hekalsoluciones\/wp-json\/wp\/v2\/types\/product"}],"replies":[{"embeddable":true,"href":"https:\/\/hekalsoluciones.com\/hekalsoluciones\/wp-json\/wp\/v2\/comments?post=14017"}],"wp:featuredmedia":[{"embeddable":true,"href":"https:\/\/hekalsoluciones.com\/hekalsoluciones\/wp-json\/wp\/v2\/media\/14018"}],"wp:attachment":[{"href":"https:\/\/hekalsoluciones.com\/hekalsoluciones\/wp-json\/wp\/v2\/media?parent=14017"}],"curies":[{"name":"wp","href":"https:\/\/api.w.org\/{rel}","templated":true}]}}