{"id":14027,"date":"2026-04-20T23:41:33","date_gmt":"2026-04-20T23:41:33","guid":{"rendered":"https:\/\/hekalsoluciones.com\/hekalsoluciones\/producto\/smart-tank-210\/"},"modified":"2026-04-28T01:23:54","modified_gmt":"2026-04-28T01:23:54","slug":"smart-tank-210","status":"publish","type":"product","link":"https:\/\/hekalsoluciones.com\/hekalsoluciones\/producto\/smart-tank-210\/","title":{"rendered":"Smart Tank 210"},"content":{"rendered":"<p>Impresora HP 210\/Wi-fi \/Neg 12ppm, color 5ppm\/ USB 2.0\/Bluetooth<\/p>\n<div class=\"shopcommerce-product-attributes\">\n<h4>Especificaciones<\/h4>\n<ul class=\"product-specs\">\n<li><strong>CONDICI\u00d3N:<\/strong> NUEVO<\/li>\n<li><strong>COLOR:<\/strong> BLANCO<\/li>\n<li><strong>MARCA:<\/strong> HP<\/li>\n<li><strong>MODELO:<\/strong> Smart Tank 210<\/li>\n<li><strong>L\u00cdNEA DE PRODUCTOS:<\/strong> Inyecci\u00f3n t\u00e9rmica de tinta HP<\/li>\n<li><strong>MODELO ALFANUMERICO:<\/strong> NA<\/li>\n<li><strong>MODELO DETALLADO:<\/strong> NA<\/li>\n<li><strong>CON WI-FI:<\/strong> SI<\/li>\n<li><strong>ES KIT:<\/strong> NO<\/li>\n<li><strong>ACCESORIOS INCLUIDOS:<\/strong> NO<\/li>\n<li><strong>CANTIDAD DE CARTUCHOS:<\/strong> 4<\/li>\n<li><strong>CANTIDAD DE CHAROLAS:<\/strong> <em>N\/A<\/em><\/li>\n<li><strong>VELOCIDAD DE IMPRESION EN COLOR:<\/strong> 5<\/li>\n<li><strong>VELOCIDAD DE IMPRESION EN BLANCO Y NEGRO:<\/strong> 12<\/li>\n<li><strong>UNIDADES DE DIMENSI\u00d3N:<\/strong> CM<\/li>\n<li><strong>UNIDAD DE VELOCIDAD DEL PROCESADOR:<\/strong> MKz<\/li>\n<li><strong>CAPACIDAD M\u00c1XIMA DE HOJAS:<\/strong> 100<\/li>\n<li><strong>TIPO DE IMPRESORA:<\/strong> Smart Tank<\/li>\n<li><strong>TIPO DE IMPRESI\u00d3N:<\/strong> Inyecci\u00f3n t\u00e9rmica de tinta HP<\/li>\n<li><strong>CON BLUETOOTH:<\/strong> SI<\/li>\n<li><strong>CON USB:<\/strong> SI<\/li>\n<li><strong>TECNOLOG\u00cdA DE IMPRESI\u00d3N:<\/strong> Inyeccion de tinta<\/li>\n<li><strong>CONEXIONES M\u00d3VILES:<\/strong> SI<\/li>\n<li><strong>ES PORT\u00c1TIL:<\/strong> NO<\/li>\n<li><strong>TAMANOS DE PAPEL:<\/strong> A4; B5; A6; Sobre DL, legal<\/li>\n<li><strong>UNIDAD DE PESO:<\/strong> KG<\/li>\n<li><strong>FUNCIONES DE LA IMPRESORA:<\/strong> Imprime<\/li>\n<li><strong>SKU:<\/strong> 3D4L3A#AKY<\/li>\n<li><strong>NOMBRE O DESCRIPCION:<\/strong> Impresora HP 210\/Wi-fi \/Neg 12ppm, color 5ppm\/ USB 2.0<\/li>\n<li><strong>CARACTERISTICAS:<\/strong> <em>N\/A<\/em><\/li>\n<li><strong>EAN:<\/strong> 196786546044<\/li>\n<li><strong>SKU SIMPLE:<\/strong> 3D4L3A<\/li>\n<li><strong>ANCHURA DEL PAQUETE DE ENV\u00cdO:<\/strong> 8,89<\/li>\n<li><strong>ALTURA DEL PAQUETE DE ENV\u00cdO:<\/strong> 35,5<\/li>\n<li><strong>LARGO DEL PAQUETE DE ENV\u00cdO:<\/strong> 12,7<\/li>\n<li><strong>PESO DEL PAQUETE:<\/strong> 3,73<\/li>\n<li><strong>NOMBRE:<\/strong> Smart Tank 210<\/li>\n<\/ul>\n<\/div>\n","protected":false},"excerpt":{"rendered":"<p>Impresora HP 210\/Wi-fi \/Neg 12ppm, color 5ppm\/ USB 2.0\/Bluetooth Especificaciones CONDICI\u00d3N: NUEVO COLOR: BLANCO MARCA: HP MODELO: Smart Tank 210 L\u00cdNEA DE PRODUCTOS: Inyecci\u00f3n t\u00e9rmica de tinta HP MODELO ALFANUMERICO:<\/p>\n","protected":false},"featured_media":14028,"comment_status":"open","ping_status":"closed","template":"","meta":{"_monsterinsights_skip_tracking":false,"_monsterinsights_sitenote_active":false,"_monsterinsights_sitenote_note":"","_monsterinsights_sitenote_category":0},"aioseo_notices":[],"_links":{"self":[{"href":"https:\/\/hekalsoluciones.com\/hekalsoluciones\/wp-json\/wp\/v2\/product\/14027"}],"collection":[{"href":"https:\/\/hekalsoluciones.com\/hekalsoluciones\/wp-json\/wp\/v2\/product"}],"about":[{"href":"https:\/\/hekalsoluciones.com\/hekalsoluciones\/wp-json\/wp\/v2\/types\/product"}],"replies":[{"embeddable":true,"href":"https:\/\/hekalsoluciones.com\/hekalsoluciones\/wp-json\/wp\/v2\/comments?post=14027"}],"wp:featuredmedia":[{"embeddable":true,"href":"https:\/\/hekalsoluciones.com\/hekalsoluciones\/wp-json\/wp\/v2\/media\/14028"}],"wp:attachment":[{"href":"https:\/\/hekalsoluciones.com\/hekalsoluciones\/wp-json\/wp\/v2\/media?parent=14027"}],"curies":[{"name":"wp","href":"https:\/\/api.w.org\/{rel}","templated":true}]}}