{"id":14046,"date":"2026-04-21T18:48:37","date_gmt":"2026-04-21T18:48:37","guid":{"rendered":"https:\/\/hekalsoluciones.com\/hekalsoluciones\/producto\/proyector-smart-portatil-lifestudio-pop-ef-61\/"},"modified":"2026-04-27T21:34:22","modified_gmt":"2026-04-27T21:34:22","slug":"proyector-smart-portatil-lifestudio-pop-ef-61","status":"publish","type":"product","link":"https:\/\/hekalsoluciones.com\/hekalsoluciones\/producto\/proyector-smart-portatil-lifestudio-pop-ef-61\/","title":{"rendered":"Proyector Smart Port\u00e1til Lifestudio Pop EF-61"},"content":{"rendered":"<p>Proyector Smart Port\u00e1til Lifestudio Pop EF-61  &#8211; Full HD &#8211; Aplicaci\u00f3n exclusiva Epson Projection Studio1 para iOS y Android Google TV2 con acceso a Netflix &#8211; con 700 l\u00famenes de brillo de color (clasificaci\u00f3n IDMS)<\/p>\n<div class=\"shopcommerce-product-attributes\">\n<h4>Especificaciones<\/h4>\n<ul class=\"product-specs\">\n<li><strong>ALTURA DEL PAQUETE DE ENV\u00cdO:<\/strong> <em>N\/A<\/em><\/li>\n<\/ul>\n<\/div>\n","protected":false},"excerpt":{"rendered":"<p>Proyector Smart Port\u00e1til Lifestudio Pop EF-61 &#8211; Full HD &#8211; Aplicaci\u00f3n exclusiva Epson Projection Studio1 para iOS y Android Google TV2 con acceso a Netflix &#8211; con 700 l\u00famenes de<\/p>\n","protected":false},"featured_media":10955,"comment_status":"open","ping_status":"closed","template":"","meta":{"_monsterinsights_skip_tracking":false,"_monsterinsights_sitenote_active":false,"_monsterinsights_sitenote_note":"","_monsterinsights_sitenote_category":0},"aioseo_notices":[],"_links":{"self":[{"href":"https:\/\/hekalsoluciones.com\/hekalsoluciones\/wp-json\/wp\/v2\/product\/14046"}],"collection":[{"href":"https:\/\/hekalsoluciones.com\/hekalsoluciones\/wp-json\/wp\/v2\/product"}],"about":[{"href":"https:\/\/hekalsoluciones.com\/hekalsoluciones\/wp-json\/wp\/v2\/types\/product"}],"replies":[{"embeddable":true,"href":"https:\/\/hekalsoluciones.com\/hekalsoluciones\/wp-json\/wp\/v2\/comments?post=14046"}],"wp:featuredmedia":[{"embeddable":true,"href":"https:\/\/hekalsoluciones.com\/hekalsoluciones\/wp-json\/wp\/v2\/media\/10955"}],"wp:attachment":[{"href":"https:\/\/hekalsoluciones.com\/hekalsoluciones\/wp-json\/wp\/v2\/media?parent=14046"}],"curies":[{"name":"wp","href":"https:\/\/api.w.org\/{rel}","templated":true}]}}