{"id":14048,"date":"2026-04-22T16:24:46","date_gmt":"2026-04-22T16:24:46","guid":{"rendered":"https:\/\/hekalsoluciones.com\/hekalsoluciones\/producto\/pad-mouse-genius-genpad-mouse-genius-con-apoya-muneca-negro\/"},"modified":"2026-04-28T11:00:32","modified_gmt":"2026-04-28T11:00:32","slug":"pad-mouse-genius-genpad-mouse-genius-con-apoya-muneca-negro","status":"publish","type":"product","link":"https:\/\/hekalsoluciones.com\/hekalsoluciones\/producto\/pad-mouse-genius-genpad-mouse-genius-con-apoya-muneca-negro\/","title":{"rendered":"Pad Mouse GENIUS GenPad Mouse Genius con apoya mu\u00f1eca &#8211; negro"},"content":{"rendered":"<p>Pad Mouse Genius G-WMP 100, con un c\u00f3modo y suave descansa mu\u00f1ecas, Mantiene la mu\u00f1eca en una posici\u00f3n apropiada y alivia la fatiga. Fabricado con un suave y liviano acolchado de espuma, que no se deforma ni se enrolla despu\u00e9s de un largo uso. Su base de caucho antideslizante previene el desplazamiento mientras se trabaja.<\/p>\n<div class=\"shopcommerce-product-attributes\">\n<h4>Especificaciones<\/h4>\n<ul class=\"product-specs\">\n<li><strong>CONDICI\u00d3N:<\/strong> NUEVO<\/li>\n<li><strong>COLOR:<\/strong> NEGRO<\/li>\n<li><strong>MARCA:<\/strong> GENIUS<\/li>\n<li><strong>MODELO:<\/strong> 31250011400<\/li>\n<li><strong>L\u00cdNEA DE PRODUCTOS:<\/strong> Pad Mouse<\/li>\n<li><strong>MODELO ALFANUMERICO:<\/strong> 31250011400<\/li>\n<li><strong>MODELO DETALLADO:<\/strong> 31250011400<\/li>\n<li><strong>FUENTE DEL PRODUCTO:<\/strong> Pad Mouse<\/li>\n<li><strong>ES KIT:<\/strong> NO<\/li>\n<li><strong>ALCANCE MAXIMO EN CM:<\/strong> 10.00<\/li>\n<li><strong>ALCANCE MAXIMO EN M:<\/strong> 0.00<\/li>\n<li><strong>ALCANCE MAXIMO EN KM:<\/strong> 0.00<\/li>\n<li><strong>ALCANCE MAXIMO EN PIES:<\/strong> 0.00<\/li>\n<li><strong>TIPO DE SENSOR:<\/strong> N\/A<\/li>\n<li><strong>TIPO DE MOUSE:<\/strong> antideslizante<\/li>\n<li><strong>CON BLUETOOTH:<\/strong> NO<\/li>\n<li><strong>CON CABLE:<\/strong> NO<\/li>\n<li><strong>CON CABLE RETR\u00c1CTIL:<\/strong> NO<\/li>\n<li><strong>CON INTERRUPTOR DE AHORRO DE ENERG\u00cdA:<\/strong> NO<\/li>\n<li><strong>CON LUCES:<\/strong> NO<\/li>\n<li><strong>CON RUEDA DE DESPLAZAMIENTO:<\/strong> NO<\/li>\n<li><strong>TECNOLOG\u00cdA DEL SENSOR:<\/strong> N\/A<\/li>\n<li><strong>ES INAL\u00c1MBRICO USB:<\/strong> NO<\/li>\n<li><strong>ES RECARGABLE:<\/strong> NO<\/li>\n<li><strong>RESOLUCI\u00d3N DEL SENSOR DEL MOUSE\u00a0DPI:<\/strong> <em>N\/A<\/em><\/li>\n<li><strong>RESOLUCI\u00d3N DEL SENSOR DEL MOUSE\u00a0PPI:<\/strong> <em>N\/A<\/em><\/li>\n<li><strong>RADIO FRECUENCIA:<\/strong> N\/A<\/li>\n<li><strong>NUMERO DE BOTONES:<\/strong> <em>N\/A<\/em><\/li>\n<li><strong>INTERFACES:<\/strong> N\/A<\/li>\n<li><strong>INCLUYE MOUSEPAD:<\/strong> NO<\/li>\n<li><strong>SKU:<\/strong> 31250011400<\/li>\n<li><strong>NOMBRE O DESCRIPCION:<\/strong> Pad Mouse GENIUS GenPad Mouse Genius con apoya mu\u00f1eca &#8211; negro<\/li>\n<li><strong>CARACTERISTICAS:<\/strong> Pad Mouse Genius G-WMP 100, con un c\u00f3modo y suave descansa mu\u00f1ecas, Mantiene la mu\u00f1eca en una posici\u00f3n apropiada y alivia la fatiga. Fabricado con un suave y liviano acolchado de espuma, que no se deforma ni se enrolla despu\u00e9s de un largo uso. Su base de caucho antideslizante previene el desplazamiento mientras se trabaja.<\/li>\n<li><strong>EAN:<\/strong> <em>N\/A<\/em><\/li>\n<\/ul>\n<\/div>\n","protected":false},"excerpt":{"rendered":"<p>Pad Mouse Genius G-WMP 100, con un c\u00f3modo y suave descansa mu\u00f1ecas, Mantiene la mu\u00f1eca en una posici\u00f3n apropiada y alivia la fatiga. Fabricado con un suave y liviano acolchado<\/p>\n","protected":false},"featured_media":14049,"comment_status":"open","ping_status":"closed","template":"","meta":{"_monsterinsights_skip_tracking":false,"_monsterinsights_sitenote_active":false,"_monsterinsights_sitenote_note":"","_monsterinsights_sitenote_category":0},"aioseo_notices":[],"_links":{"self":[{"href":"https:\/\/hekalsoluciones.com\/hekalsoluciones\/wp-json\/wp\/v2\/product\/14048"}],"collection":[{"href":"https:\/\/hekalsoluciones.com\/hekalsoluciones\/wp-json\/wp\/v2\/product"}],"about":[{"href":"https:\/\/hekalsoluciones.com\/hekalsoluciones\/wp-json\/wp\/v2\/types\/product"}],"replies":[{"embeddable":true,"href":"https:\/\/hekalsoluciones.com\/hekalsoluciones\/wp-json\/wp\/v2\/comments?post=14048"}],"wp:featuredmedia":[{"embeddable":true,"href":"https:\/\/hekalsoluciones.com\/hekalsoluciones\/wp-json\/wp\/v2\/media\/14049"}],"wp:attachment":[{"href":"https:\/\/hekalsoluciones.com\/hekalsoluciones\/wp-json\/wp\/v2\/media?parent=14048"}],"curies":[{"name":"wp","href":"https:\/\/api.w.org\/{rel}","templated":true}]}}