{"id":14058,"date":"2026-04-22T16:24:57","date_gmt":"2026-04-22T16:24:57","guid":{"rendered":"https:\/\/hekalsoluciones.com\/hekalsoluciones\/producto\/mousmouse-genius-optico-ergo-8300-iron-grey\/"},"modified":"2026-04-28T12:27:05","modified_gmt":"2026-04-28T12:27:05","slug":"mousmouse-genius-optico-ergo-8300-iron-grey","status":"publish","type":"product","link":"https:\/\/hekalsoluciones.com\/hekalsoluciones\/producto\/mousmouse-genius-optico-ergo-8300-iron-grey\/","title":{"rendered":"MousMouse GENIUS \u00f3ptico Ergo 8300 Iron Grey"},"content":{"rendered":"<p>Mouse \u00f3ptico Genius Ergo 8300Iron Grey\/\/Tipo de rat\u00f3n Inal\u00e1mbrico\/Interfaz del rat\u00f3n USB  inal\u00e1mbrico 2.4 GHzTecnolog\u00eda \u00d3ptico\/Resoluci\u00f3n 1600 ppp\/Botones 7\/tama\u00f1o 100,3 \u00d7 79 \u00d7 61,2 mil\u00edmetros\/<\/p>\n<div class=\"shopcommerce-product-attributes\">\n<h4>Especificaciones<\/h4>\n<ul class=\"product-specs\">\n<li><strong>CONDICI\u00d3N:<\/strong> NUEVO<\/li>\n<li><strong>COLOR:<\/strong> GRIS OSCURO<\/li>\n<li><strong>MARCA:<\/strong> GENIUS<\/li>\n<li><strong>MODELO:<\/strong> Mouse \u00f3ptico Genius Ergo 8300Iron Grey<\/li>\n<li><strong>L\u00cdNEA DE PRODUCTOS:<\/strong> MOUSE<\/li>\n<li><strong>MODELO ALFANUMERICO:<\/strong> N\/A<\/li>\n<li><strong>MODELO DETALLADO:<\/strong> Mouse \u00f3ptico Genius Ergo 8300 Iron Grey<\/li>\n<li><strong>FUENTE DEL PRODUCTO:<\/strong> N\/A<\/li>\n<li><strong>ES KIT:<\/strong> NO<\/li>\n<li><strong>ALCANCE MAXIMO EN CM:<\/strong> 0.00<\/li>\n<li><strong>ALCANCE MAXIMO EN M:<\/strong> 0.00<\/li>\n<li><strong>ALCANCE MAXIMO EN KM:<\/strong> 0.00<\/li>\n<li><strong>ALCANCE MAXIMO EN PIES:<\/strong> 0.00<\/li>\n<li><strong>TIPO DE SENSOR:<\/strong> OPTICO<\/li>\n<li><strong>TIPO DE MOUSE:<\/strong> INALAMBRICO<\/li>\n<li><strong>CON BLUETOOTH:<\/strong> NO<\/li>\n<li><strong>CON CABLE:<\/strong> NO<\/li>\n<li><strong>CON CABLE RETR\u00c1CTIL:<\/strong> NO<\/li>\n<li><strong>CON INTERRUPTOR DE AHORRO DE ENERG\u00cdA:<\/strong> NO<\/li>\n<li><strong>CON LUCES:<\/strong> NO<\/li>\n<li><strong>CON RUEDA DE DESPLAZAMIENTO:<\/strong> SI<\/li>\n<li><strong>TECNOLOG\u00cdA DEL SENSOR:<\/strong> OPTICO<\/li>\n<li><strong>ES INAL\u00c1MBRICO USB:<\/strong> SI<\/li>\n<li><strong>ES RECARGABLE:<\/strong> NO<\/li>\n<li><strong>RESOLUCI\u00d3N DEL SENSOR DEL MOUSE\u00a0DPI:<\/strong>  1600 ppp<\/li>\n<li><strong>RESOLUCI\u00d3N DEL SENSOR DEL MOUSE\u00a0PPI:<\/strong> 1600<\/li>\n<li><strong>RADIO FRECUENCIA:<\/strong> 2.4 GHZ<\/li>\n<li><strong>NUMERO DE BOTONES:<\/strong> 7<\/li>\n<li><strong>INTERFACES:<\/strong> USB<\/li>\n<li><strong>INCLUYE MOUSEPAD:<\/strong> NO<\/li>\n<li><strong>SKU:<\/strong> 31030037401<\/li>\n<li><strong>NOMBRE O DESCRIPCION:<\/strong> MousMouse GENIUS \u00f3ptico Ergo 8300 Iron Grey<\/li>\n<li><strong>CARACTERISTICAS:<\/strong> Mouse \u00f3ptico Genius Ergo 8300Iron Grey\/\/Tipo de rat\u00f3n Inal\u00e1mbrico\/Interfaz del rat\u00f3n USB  inal\u00e1mbrico 2.4 GHzTecnolog\u00eda \u00d3ptico\/Resoluci\u00f3n 1600 ppp\/Botones 7\/tama\u00f1o 100,3 \u00d7 79 \u00d7 61,2 mil\u00edmetros\/<\/li>\n<li><strong>EAN:<\/strong> 4710268259848<\/li>\n<\/ul>\n<\/div>\n","protected":false},"excerpt":{"rendered":"<p>Mouse \u00f3ptico Genius Ergo 8300Iron Grey\/\/Tipo de rat\u00f3n Inal\u00e1mbrico\/Interfaz del rat\u00f3n USB inal\u00e1mbrico 2.4 GHzTecnolog\u00eda \u00d3ptico\/Resoluci\u00f3n 1600 ppp\/Botones 7\/tama\u00f1o 100,3 \u00d7 79 \u00d7 61,2 mil\u00edmetros\/ Especificaciones CONDICI\u00d3N: NUEVO COLOR: GRIS<\/p>\n","protected":false},"featured_media":14059,"comment_status":"open","ping_status":"closed","template":"","meta":{"_monsterinsights_skip_tracking":false,"_monsterinsights_sitenote_active":false,"_monsterinsights_sitenote_note":"","_monsterinsights_sitenote_category":0},"aioseo_notices":[],"_links":{"self":[{"href":"https:\/\/hekalsoluciones.com\/hekalsoluciones\/wp-json\/wp\/v2\/product\/14058"}],"collection":[{"href":"https:\/\/hekalsoluciones.com\/hekalsoluciones\/wp-json\/wp\/v2\/product"}],"about":[{"href":"https:\/\/hekalsoluciones.com\/hekalsoluciones\/wp-json\/wp\/v2\/types\/product"}],"replies":[{"embeddable":true,"href":"https:\/\/hekalsoluciones.com\/hekalsoluciones\/wp-json\/wp\/v2\/comments?post=14058"}],"wp:featuredmedia":[{"embeddable":true,"href":"https:\/\/hekalsoluciones.com\/hekalsoluciones\/wp-json\/wp\/v2\/media\/14059"}],"wp:attachment":[{"href":"https:\/\/hekalsoluciones.com\/hekalsoluciones\/wp-json\/wp\/v2\/media?parent=14058"}],"curies":[{"name":"wp","href":"https:\/\/api.w.org\/{rel}","templated":true}]}}