{"id":14063,"date":"2026-04-22T17:23:07","date_gmt":"2026-04-22T17:23:07","guid":{"rendered":"https:\/\/hekalsoluciones.com\/hekalsoluciones\/producto\/teclado-genius-numerico-numpad-110-usb-color-negro\/"},"modified":"2026-04-29T10:10:10","modified_gmt":"2026-04-29T10:10:10","slug":"teclado-genius-numerico-numpad-110-usb-color-negro","status":"publish","type":"product","link":"https:\/\/hekalsoluciones.com\/hekalsoluciones\/producto\/teclado-genius-numerico-numpad-110-usb-color-negro\/","title":{"rendered":"Teclado GENIUS Num\u00e9rico NumPad 110 USB COLOR Negro"},"content":{"rendered":"<p>Teclado numerico NumPad 110 USB\/Interfaz USB\/Tipo de tecla  Chocolate\/Inclinaci\u00f3n de la pata de cabra S\u00ed\/Requisitos del sistema Windows\u00ae 8, 10, 11 o posterior \/ Puerto USB disponible<\/p>\n<div class=\"shopcommerce-product-attributes\">\n<h4>Especificaciones<\/h4>\n<ul class=\"product-specs\">\n<li><strong>CONDICI\u00d3N:<\/strong> NUEVO<\/li>\n<li><strong>MARCA:<\/strong> GENIUS<\/li>\n<li><strong>MODELO:<\/strong> Teclado numerico NumPad 110<\/li>\n<li><strong>L\u00cdNEA DE PRODUCTOS:<\/strong> TECLADO<\/li>\n<li><strong>MODELO DETALLADO:<\/strong> Teclado numerico NumPad 110<\/li>\n<li><strong>FUENTE DEL PRODUCTO:<\/strong> N\/A<\/li>\n<li><strong>ES KIT:<\/strong> NO<\/li>\n<li><strong>ALCANCE INALAMBRICO:<\/strong> N\/A<\/li>\n<li><strong>ALTURA DEL TECLADO EN MM:<\/strong> 0.00<\/li>\n<li><strong>ALTURA DEL TECLADO EN CM:<\/strong> 0.00<\/li>\n<li><strong>ANCHO DEL TECLADO CM:<\/strong> 0.00<\/li>\n<li><strong>ANCHO DEL TECLADO MM:<\/strong> 0.00<\/li>\n<li><strong>ANCHO DEL TECLADO PULGADAS:<\/strong> 0.00<\/li>\n<li><strong>ARQUITECTURA:<\/strong> N\/A<\/li>\n<li><strong>BATER\u00cdAS INCLUIDAS:<\/strong> NO<\/li>\n<li><strong>CANTIDAD DE TECLAS DE ACCESO R\u00c1PIDO:<\/strong> <em>N\/A<\/em><\/li>\n<li><strong>TIPO DE SWITCH:<\/strong> N\/A<\/li>\n<li><strong>TIPO DE CONECTOR:<\/strong> USB<\/li>\n<li><strong>COLOR DEL TECLADO:<\/strong> NEGRO<\/li>\n<li><strong>CON BLUETOOTH:<\/strong> NO<\/li>\n<li><strong>CON CABLE REMOVIBLE:<\/strong> NO<\/li>\n<li><strong>CON INTERFAZ USB:<\/strong> SI<\/li>\n<li><strong>CON PAD NUM\u00c9RICO:<\/strong> SI<\/li>\n<li><strong>CON RECEPCI\u00d3N INAL\u00c1MBRICA:<\/strong> NO<\/li>\n<li><strong>CON REPOSA MU\u00d1ECA:<\/strong> SI<\/li>\n<li><strong>CON RETROILUMINACI\u00d3N:<\/strong> NO<\/li>\n<li><strong>CON TECLAS ANTI-GHOST:<\/strong> NO<\/li>\n<li><strong>CON TECLAS R\u00c1PIDAS:<\/strong> NO<\/li>\n<li><strong>CON TOUCHPAD:<\/strong> NO<\/li>\n<li><strong>CON TRACKBALL:<\/strong> NO<\/li>\n<li><strong>RETROILUMINACION LED:<\/strong> N\/A<\/li>\n<li><strong>ES ERGON\u00d3MICA:<\/strong> NO<\/li>\n<li><strong>ES GAMER:<\/strong> NO<\/li>\n<li><strong>ES RESISTENTE A SALPICADURAS:<\/strong> NO<\/li>\n<li><strong>FORMA DE LAS TECLAS:<\/strong> TIPO CHOCOLATE<\/li>\n<li><strong>PESO DEL TECLADO:<\/strong> 0.00<\/li>\n<li><strong>NUMERO DE TECLAS PROGRAMABLES:<\/strong> <em>N\/A<\/em><\/li>\n<li><strong>N\u00daMERO DE TECLAS:<\/strong> <em>N\/A<\/em><\/li>\n<li><strong>LAYOUT:<\/strong> N\/A<\/li>\n<li><strong>LARGO DEL CABLE CM:<\/strong> 0.00<\/li>\n<li><strong>LARGO DEL CABLE MM:<\/strong> 0.00<\/li>\n<li><strong>IDIOMA:<\/strong> ESOA\u00d1OL<\/li>\n<li><strong>SKU:<\/strong> 31300016400<\/li>\n<li><strong>NOMBRE O DESCRIPCION:<\/strong> Teclado GENIUS Num\u00e9rico NumPad 110 USB COLOR Negro<\/li>\n<li><strong>CARACTERISTICAS:<\/strong> Este teclado num\u00e9rico USB es una opci\u00f3n conveniente para aquellos que necesitan un teclado num\u00e9rico adicional para su PC o port\u00e1til. La inclinaci\u00f3n ergon\u00f3mica y los soportes para el teclado num\u00e9rico son caracter\u00edsticas que buscan mejorar la comodidad durante el uso.<\/li>\n<li><strong>EAN:<\/strong> 091163259251<\/li>\n<\/ul>\n<\/div>\n","protected":false},"excerpt":{"rendered":"<p>Teclado numerico NumPad 110 USB\/Interfaz USB\/Tipo de tecla Chocolate\/Inclinaci\u00f3n de la pata de cabra S\u00ed\/Requisitos del sistema Windows\u00ae 8, 10, 11 o posterior \/ Puerto USB disponible Especificaciones CONDICI\u00d3N: NUEVO<\/p>\n","protected":false},"featured_media":14064,"comment_status":"open","ping_status":"closed","template":"","meta":{"_monsterinsights_skip_tracking":false,"_monsterinsights_sitenote_active":false,"_monsterinsights_sitenote_note":"","_monsterinsights_sitenote_category":0},"aioseo_notices":[],"_links":{"self":[{"href":"https:\/\/hekalsoluciones.com\/hekalsoluciones\/wp-json\/wp\/v2\/product\/14063"}],"collection":[{"href":"https:\/\/hekalsoluciones.com\/hekalsoluciones\/wp-json\/wp\/v2\/product"}],"about":[{"href":"https:\/\/hekalsoluciones.com\/hekalsoluciones\/wp-json\/wp\/v2\/types\/product"}],"replies":[{"embeddable":true,"href":"https:\/\/hekalsoluciones.com\/hekalsoluciones\/wp-json\/wp\/v2\/comments?post=14063"}],"wp:featuredmedia":[{"embeddable":true,"href":"https:\/\/hekalsoluciones.com\/hekalsoluciones\/wp-json\/wp\/v2\/media\/14064"}],"wp:attachment":[{"href":"https:\/\/hekalsoluciones.com\/hekalsoluciones\/wp-json\/wp\/v2\/media?parent=14063"}],"curies":[{"name":"wp","href":"https:\/\/api.w.org\/{rel}","templated":true}]}}