{"id":14068,"date":"2026-04-22T18:21:03","date_gmt":"2026-04-22T18:21:03","guid":{"rendered":"https:\/\/hekalsoluciones.com\/hekalsoluciones\/producto\/parlante-genius-sp-hf-180-usb-6w-color-negro\/"},"modified":"2026-04-28T20:46:24","modified_gmt":"2026-04-28T20:46:24","slug":"parlante-genius-sp-hf-180-usb-6w-color-negro","status":"publish","type":"product","link":"https:\/\/hekalsoluciones.com\/hekalsoluciones\/producto\/parlante-genius-sp-hf-180-usb-6w-color-negro\/","title":{"rendered":"Parlante GENIUS SP HF 180 USB 6W COLOR Negro"},"content":{"rendered":"<p>Parlante Genius  SP-HF-180 (BLACK)  USB  6W\/USB 6W\/Fuente de alimentaci\u00f3n Enchufe USB para computadoras port\u00e1tiles o de escritorio\/Entrada de audio\t3.5 mm\/Potencia total de salida (W) 6 W (3 W x2)\/Unidad de controlador 2\/Respuesta frecuente 160 Hz \u2013 18 kHz\/Control del volumen S\u00ed\/Longitud del cable (m)1.2 m<\/p>\n<div class=\"shopcommerce-product-attributes\">\n<h4>Especificaciones<\/h4>\n<ul class=\"product-specs\">\n<li><strong>CONDICI\u00d3N:<\/strong> NUEVO<\/li>\n<li><strong>COLOR:<\/strong> NEGRO<\/li>\n<li><strong>MARCA:<\/strong> GENIUS<\/li>\n<li><strong>MODELO:<\/strong> SP-HF-180<\/li>\n<li><strong>L\u00cdNEA DE PRODUCTOS:<\/strong> CONSUMO<\/li>\n<li><strong>VOLTAJE:<\/strong> 0.00<\/li>\n<li><strong>MODELO ALFANUMERICO:<\/strong> <em>N\/A<\/em><\/li>\n<li><strong>MODELO DETALLADO:<\/strong> <em>N\/A<\/em><\/li>\n<li><strong>INCLUYE CONTROL REMOTO:<\/strong> NO<\/li>\n<li><strong>CON WI-FI:<\/strong> NO<\/li>\n<li><strong>FUENTE DEL PRODUCTO:<\/strong> N\/A<\/li>\n<li><strong>ES KIT:<\/strong> NO<\/li>\n<li><strong>LUGARES DE COLOCACION:<\/strong> Piso<\/li>\n<li><strong>AUTONOMIA DE BATERIA:<\/strong> <em>N\/A<\/em><\/li>\n<li><strong>CANTIDAD DE PARLANTES:<\/strong> 2<\/li>\n<li><strong>CANTIDAD DE PASTILLAS:<\/strong> <em>N\/A<\/em><\/li>\n<li><strong>UNIDADES DE DIMENSI\u00d3N:<\/strong> CM<\/li>\n<li><strong>TIPOS DE PARLANTE:<\/strong> N\/A<\/li>\n<li><strong>TIPOS DE FILTROS DEL PARLANTE:<\/strong> N\/A<\/li>\n<li><strong>CON BASE:<\/strong> NO<\/li>\n<li><strong>CON BLUETOOTH:<\/strong> NO<\/li>\n<li><strong>CON CONTROLADORES DJ INTEGRADOS:<\/strong> NO<\/li>\n<li><strong>CON EFECTO DE VOZ:<\/strong> NO<\/li>\n<li><strong>CON FUNCI\u00d3N KARAOKE:<\/strong> NO<\/li>\n<li><strong>CON LUCES LED:<\/strong> NO<\/li>\n<li><strong>CON MICR\u00d3FONO:<\/strong> NO<\/li>\n<li><strong>CON MODO MANOS LIBRES:<\/strong> NO<\/li>\n<li><strong>CON RADIO:<\/strong> NO<\/li>\n<li><strong>CONECTOR DE ENTRADA:<\/strong> USB<\/li>\n<li><strong>RESPUESTA M\u00cdNIMA EN FRECUENCIA MHZ:<\/strong> 160.00<\/li>\n<li><strong>RESPUESTA M\u00cdNIMA EN FRECUENCIA GHZ:<\/strong> 160.00<\/li>\n<li><strong>RESPUESTA M\u00cdNIMA EN FRECUENCIA HZ:<\/strong> 1,600.00<\/li>\n<li><strong>RESPUESTA M\u00c1XIMA EN FRECUENCIA\u00a0MHZ:<\/strong> 1,600.00<\/li>\n<li><strong>RESPUESTA M\u00c1XIMA EN FRECUENCIA\u00a0GHZ:<\/strong> 160.00<\/li>\n<li><strong>RESPUESTA M\u00c1XIMA EN FRECUENCIA\u00a0HZ:<\/strong> 160.00<\/li>\n<li><strong>DISTORSION:<\/strong> N\/A<\/li>\n<li><strong>ES A PRUEBA DE AGUA:<\/strong> NO<\/li>\n<li><strong>ES APTO PARA USO EN EXTERIORES:<\/strong> NO<\/li>\n<li><strong>ES INAL\u00c1MBRICO:<\/strong> NO<\/li>\n<li><strong>ES PORT\u00c1TIL:<\/strong> NO<\/li>\n<li><strong>ES PROFESIONAL:<\/strong> NO<\/li>\n<li><strong>FORMATO DEL PARLANTE:<\/strong> N\/A<\/li>\n<li><strong>POTENCIA DE SALIDA (RMS):<\/strong> 6<\/li>\n<li><strong>POTENCIA DE SALIDA:<\/strong> 6 W<\/li>\n<li><strong>UNIDAD DE PESO:<\/strong> KG<\/li>\n<li><strong>INCLUYE SOPORTE:<\/strong> NO<\/li>\n<li><strong>INCLUYE RUEDAS:<\/strong> NO<\/li>\n<li><strong>INCLUYE MANIJA:<\/strong> NO<\/li>\n<li><strong>INCLUYE CARGADOR:<\/strong> NO<\/li>\n<li><strong>INCLUYE BATER\u00cdA RECARGABLE:<\/strong> NO<\/li>\n<li><strong>SKU:<\/strong> 31730029401<\/li>\n<li><strong>NOMBRE O DESCRIPCION:<\/strong> Potencia 6 watts RMS. Altavoces de madera para un sonido potente, mayor fidelidad de sonido. Alimentaci\u00f3n por USB, entrada de audio 3.5 mm. Control de volumen posterior y entrada Aux de 3.5mm. Ideal para Pc, laptops y tablets trav\u00e9s de IMPRESISTEM GENIUS Los altavoces multimedia de madera en una configuraci\u00f3n de 2.0 vatios con una potencia total de 6W proporcionan calidad y sonido est\u00e9reo sin distorsiones. El control de volumen se encuentra en un cable de 1,2 m de largo. La conexi\u00f3n a una computadora, computadora port\u00e1til, TV o tel\u00e9fono inteligente se puede realizar f\u00e1cilmente a trav\u00e9s de un conector de 3.5 mm. El puerto USB se utiliza para la fuente de alimentaci\u00f3n.<\/li>\n<li><strong>CARACTERISTICAS:<\/strong> Potencia 6 watts RMS. Altavoces de madera para un sonido potente, mayor fidelidad de sonido. Alimentaci\u00f3n por USB, entrada de audio 3.5 mm. Control de volumen posterior y entrada Aux de 3.5mm. Ideal para Pc, laptops y tablets trav\u00e9s de IMPRESISTEM GENIUS Los altavoces multimedia de madera en una configuraci\u00f3n de 2.0 vatios con una potencia total de 6W proporcionan calidad y sonido est\u00e9reo sin distorsiones. El control de volumen se encuentra en un cable de 1,2 m de largo. La conexi\u00f3n a una computadora, computadora port\u00e1til, TV o tel\u00e9fono inteligente se puede realizar f\u00e1cilmente a trav\u00e9s de un conector de 3.5 mm. El puerto USB se utiliza para la fuente de alimentaci\u00f3n.<\/li>\n<li><strong>IMAGEN:<\/strong> SI<\/li>\n<li><strong>EAN:<\/strong> 4710268 257158<\/li>\n<li><strong>SKU SIMPLE:<\/strong> <em>N\/A<\/em><\/li>\n<li><strong>PRECIO:<\/strong> <em>N\/A<\/em><\/li>\n<li><strong>STOCK:<\/strong> SI<\/li>\n<li><strong>M\u00c9TODO DE ENV\u00cdO:<\/strong> N\/A<\/li>\n<li><strong>ANCHURA DEL PAQUETE DE ENV\u00cdO:<\/strong> 129<\/li>\n<li><strong>ALTURA DEL PAQUETE DE ENV\u00cdO:<\/strong> 84<\/li>\n<li><strong>LARGO DEL PAQUETE DE ENV\u00cdO:<\/strong> 55<\/li>\n<li><strong>PESO DEL PAQUETE:<\/strong> 35<\/li>\n<li><strong>CANAL EXCLUSIVO:<\/strong> <em>N\/A<\/em><\/li>\n<li><strong>PRODUCTO NUEVO:<\/strong> SI<\/li>\n<li><strong>NOMBRE:<\/strong> Parlante GENIUS SP HF 180 USB 6W COLOR Negro<\/li>\n<\/ul>\n<\/div>\n","protected":false},"excerpt":{"rendered":"<p>Parlante Genius SP-HF-180 (BLACK) USB 6W\/USB 6W\/Fuente de alimentaci\u00f3n Enchufe USB para computadoras port\u00e1tiles o de escritorio\/Entrada de audio 3.5 mm\/Potencia total de salida (W) 6 W (3 W x2)\/Unidad<\/p>\n","protected":false},"featured_media":14069,"comment_status":"open","ping_status":"closed","template":"","meta":{"_monsterinsights_skip_tracking":false,"_monsterinsights_sitenote_active":false,"_monsterinsights_sitenote_note":"","_monsterinsights_sitenote_category":0},"aioseo_notices":[],"_links":{"self":[{"href":"https:\/\/hekalsoluciones.com\/hekalsoluciones\/wp-json\/wp\/v2\/product\/14068"}],"collection":[{"href":"https:\/\/hekalsoluciones.com\/hekalsoluciones\/wp-json\/wp\/v2\/product"}],"about":[{"href":"https:\/\/hekalsoluciones.com\/hekalsoluciones\/wp-json\/wp\/v2\/types\/product"}],"replies":[{"embeddable":true,"href":"https:\/\/hekalsoluciones.com\/hekalsoluciones\/wp-json\/wp\/v2\/comments?post=14068"}],"wp:featuredmedia":[{"embeddable":true,"href":"https:\/\/hekalsoluciones.com\/hekalsoluciones\/wp-json\/wp\/v2\/media\/14069"}],"wp:attachment":[{"href":"https:\/\/hekalsoluciones.com\/hekalsoluciones\/wp-json\/wp\/v2\/media?parent=14068"}],"curies":[{"name":"wp","href":"https:\/\/api.w.org\/{rel}","templated":true}]}}