{"id":14073,"date":"2026-04-22T18:35:30","date_gmt":"2026-04-22T18:35:30","guid":{"rendered":"https:\/\/hekalsoluciones.com\/hekalsoluciones\/producto\/power-bank-c100-azul-bateria-portatil-de-10000-mah-con-diseno-compacto-pantalla-led-y-carga-rapida-20w-a-traves-de-puertos-usb-c-y-usb-a\/"},"modified":"2026-04-27T17:37:53","modified_gmt":"2026-04-27T17:37:53","slug":"power-bank-c100-azul-bateria-portatil-de-10000-mah-con-diseno-compacto-pantalla-led-y-carga-rapida-20w-a-traves-de-puertos-usb-c-y-usb-a","status":"publish","type":"product","link":"https:\/\/hekalsoluciones.com\/hekalsoluciones\/producto\/power-bank-c100-azul-bateria-portatil-de-10000-mah-con-diseno-compacto-pantalla-led-y-carga-rapida-20w-a-traves-de-puertos-usb-c-y-usb-a\/","title":{"rendered":"Power Bank C100 AZUL bater\u00eda port\u00e1til de 10,000 mAh con dise\u00f1o compacto, pantalla LED y carga r\u00e1pida (20W) a trav\u00e9s de puertos USB-C y USB-A"},"content":{"rendered":"<p>Power Bank C100 AZUL bater\u00eda port\u00e1til de 10,000 mAh con dise\u00f1o compacto, pantalla LED y carga r\u00e1pida (20W) a trav\u00e9s de puertos USB-C y USB-A<\/p>\n","protected":false},"excerpt":{"rendered":"<p>Power Bank C100 AZUL bater\u00eda port\u00e1til de 10,000 mAh con dise\u00f1o compacto, pantalla LED y carga r\u00e1pida (20W) a trav\u00e9s de puertos USB-C y USB-A<\/p>\n","protected":false},"featured_media":10955,"comment_status":"open","ping_status":"closed","template":"","meta":{"_monsterinsights_skip_tracking":false,"_monsterinsights_sitenote_active":false,"_monsterinsights_sitenote_note":"","_monsterinsights_sitenote_category":0},"aioseo_notices":[],"_links":{"self":[{"href":"https:\/\/hekalsoluciones.com\/hekalsoluciones\/wp-json\/wp\/v2\/product\/14073"}],"collection":[{"href":"https:\/\/hekalsoluciones.com\/hekalsoluciones\/wp-json\/wp\/v2\/product"}],"about":[{"href":"https:\/\/hekalsoluciones.com\/hekalsoluciones\/wp-json\/wp\/v2\/types\/product"}],"replies":[{"embeddable":true,"href":"https:\/\/hekalsoluciones.com\/hekalsoluciones\/wp-json\/wp\/v2\/comments?post=14073"}],"wp:featuredmedia":[{"embeddable":true,"href":"https:\/\/hekalsoluciones.com\/hekalsoluciones\/wp-json\/wp\/v2\/media\/10955"}],"wp:attachment":[{"href":"https:\/\/hekalsoluciones.com\/hekalsoluciones\/wp-json\/wp\/v2\/media?parent=14073"}],"curies":[{"name":"wp","href":"https:\/\/api.w.org\/{rel}","templated":true}]}}