{"id":14076,"date":"2026-04-22T19:40:08","date_gmt":"2026-04-22T19:40:08","guid":{"rendered":"https:\/\/hekalsoluciones.com\/hekalsoluciones\/producto\/camara-web-genius-ecam-8000-usb-color-negro\/"},"modified":"2026-04-27T21:34:24","modified_gmt":"2026-04-27T21:34:24","slug":"camara-web-genius-ecam-8000-usb-color-negro","status":"publish","type":"product","link":"https:\/\/hekalsoluciones.com\/hekalsoluciones\/producto\/camara-web-genius-ecam-8000-usb-color-negro\/","title":{"rendered":"Camara Web GENIUS Ecam 8000 USB COLOR Negro"},"content":{"rendered":"<p>C\u00e1mara Web Genius ECam 8000 Full HD Resoluci\u00f3n 30FPS Negra. Grabar en Full HD 1080p Full HD 1080p te impresiona con la vivida imagen de alta resoluci\u00f3n. Llamadas de video con micr\u00f3fono digital integrado. Te da una conversaci\u00f3n &#8216;limpia&#8217; sin ruido molestoso en el fondo. Nitidez Colores enriquecidos, im\u00e1genes n\u00edtidas. Compartir una foto. Es f\u00e1cil de compartir los recuerdos grabando un video o hacer fotos y enviar a tus queridos. Giro y tr\u00edpode dise\u00f1ado Con un tr\u00edpode puede tener m\u00e1s opciones de colocaci\u00f3n. Giro de 360 grados te permite realizar llamada y grabaci\u00f3n con el \u00e1ngulo que quieras.<\/p>\n<div class=\"shopcommerce-product-attributes\">\n<h4>Especificaciones<\/h4>\n<ul class=\"product-specs\">\n<li><strong>CONDICI\u00d3N:<\/strong> NUEVO<\/li>\n<li><strong>COLOR:<\/strong> NEGRO<\/li>\n<li><strong>MARCA:<\/strong> GENIUS<\/li>\n<li><strong>MODELO:<\/strong> ECAM-8000<\/li>\n<li><strong>L\u00cdNEA DE PRODUCTOS:<\/strong> CONSUMO<\/li>\n<li><strong>MODELO ALFANUMERICO:<\/strong> N\/A<\/li>\n<li><strong>MODELO DETALLADO:<\/strong> N\/A<\/li>\n<li><strong>FUENTE DEL PRODUCTO:<\/strong> N\/A<\/li>\n<li><strong>ES KIT:<\/strong> NO<\/li>\n<li><strong>ZOOM:<\/strong> SI<\/li>\n<li><strong>UNIDADES DE DIMENSI\u00d3N:<\/strong> MM<\/li>\n<li><strong>TIPO DE LENTE:<\/strong> lente enfoque fijo<\/li>\n<li><strong>CON MICR\u00d3FONO INCORPORADO:<\/strong> SI<\/li>\n<li><strong>CON PROTECCI\u00d3N DE IMAGEN:<\/strong> SI<\/li>\n<li><strong>FLUIDEZ DE VIDEO:<\/strong> N\/A<\/li>\n<li><strong>SISTEMA OPERATIVO QUE SOPORTA:<\/strong> windows\/Mac<\/li>\n<li><strong>RESOLUCI\u00d3N DE PANTALLA:<\/strong> <em>N\/A<\/em><\/li>\n<li><strong>RESOLUCI\u00d3N DE LA IMAGEN:<\/strong> <em>N\/A<\/em><\/li>\n<li><strong>UNIDAD DE PESO:<\/strong> GR<\/li>\n<li><strong>INTERFACES:<\/strong> USB<\/li>\n<li><strong>SKU:<\/strong> 32200001406<\/li>\n<li><strong>NOMBRE O DESCRIPCION:<\/strong> Nada m\u00e1s f\u00e1cil que compartir recuerdos grabando un video o haciendo fotos para enviarlas a tus seres queridos. Un Full HD 1080p que te impresiona con su v\u00edvida imagen de alta resoluci\u00f3n. Obt\u00e9n colores enriquecidos y tomas n\u00edtidas, llamadas de video con micr\u00f3fono digital integrado para una conversaci\u00f3n &#039;limpia&#039;, sin molesto ruido de fondo. Base tr\u00edpode con la que puedes tener m\u00e1s opciones de colocaci\u00f3n y giro de 360 grados que permite realizar llamada y grabaci\u00f3n en el \u00e1ngulo que quieras.<\/li>\n<li><strong>EAN:<\/strong> 4710268258391<\/li>\n<li><strong>SKU SIMPLE:<\/strong> 32200001406<\/li>\n<li><strong>ANCHURA DEL PAQUETE DE ENV\u00cdO:<\/strong> 65<\/li>\n<li><strong>ALTURA DEL PAQUETE DE ENV\u00cdO:<\/strong> 56<\/li>\n<li><strong>LARGO DEL PAQUETE DE ENV\u00cdO:<\/strong> 132<\/li>\n<li><strong>PESO DEL PAQUETE:<\/strong> 23<\/li>\n<li><strong>ACABADO DE LA ESTRUCTURA:<\/strong> N\/A<\/li>\n<li><strong>NOMBRE:<\/strong> Camara Web GENIUS Ecam 8000 USB COLOR Negro<\/li>\n<li><strong>CARACTERISTICAS:<\/strong> C\u00e1mara Web Genius ECam 8000 Full HD Resoluci\u00f3n 30FPS Negra. Grabar en Full HD 1080p Full HD 1080p te impresiona con la vivida imagen de alta resoluci\u00f3n. Llamadas de video con micr\u00f3fono digital integrado. Te da una conversaci\u00f3n &#039;limpia&#039; sin ruido molestoso en el fondo. Nitidez Colores enriquecidos, im\u00e1genes n\u00edtidas. Compartir una foto. Es f\u00e1cil de compartir los recuerdos grabando un video o hacer fotos y enviar a tus queridos. Giro y tr\u00edpode dise\u00f1ado Con un tr\u00edpode puede tener m\u00e1s opciones de colocaci\u00f3n. Giro de 360 grados te permite realizar llamada y grabaci\u00f3n con el \u00e1ngulo que quieras.<\/li>\n<\/ul>\n<\/div>\n","protected":false},"excerpt":{"rendered":"<p>C\u00e1mara Web Genius ECam 8000 Full HD Resoluci\u00f3n 30FPS Negra. Grabar en Full HD 1080p Full HD 1080p te impresiona con la vivida imagen de alta resoluci\u00f3n. Llamadas de video<\/p>\n","protected":false},"featured_media":14077,"comment_status":"open","ping_status":"closed","template":"","meta":{"_monsterinsights_skip_tracking":false,"_monsterinsights_sitenote_active":false,"_monsterinsights_sitenote_note":"","_monsterinsights_sitenote_category":0},"aioseo_notices":[],"_links":{"self":[{"href":"https:\/\/hekalsoluciones.com\/hekalsoluciones\/wp-json\/wp\/v2\/product\/14076"}],"collection":[{"href":"https:\/\/hekalsoluciones.com\/hekalsoluciones\/wp-json\/wp\/v2\/product"}],"about":[{"href":"https:\/\/hekalsoluciones.com\/hekalsoluciones\/wp-json\/wp\/v2\/types\/product"}],"replies":[{"embeddable":true,"href":"https:\/\/hekalsoluciones.com\/hekalsoluciones\/wp-json\/wp\/v2\/comments?post=14076"}],"wp:featuredmedia":[{"embeddable":true,"href":"https:\/\/hekalsoluciones.com\/hekalsoluciones\/wp-json\/wp\/v2\/media\/14077"}],"wp:attachment":[{"href":"https:\/\/hekalsoluciones.com\/hekalsoluciones\/wp-json\/wp\/v2\/media?parent=14076"}],"curies":[{"name":"wp","href":"https:\/\/api.w.org\/{rel}","templated":true}]}}