{"id":14081,"date":"2026-04-22T19:40:12","date_gmt":"2026-04-22T19:40:12","guid":{"rendered":"https:\/\/hekalsoluciones.com\/hekalsoluciones\/producto\/camara-web-genius-facecam-1000x\/"},"modified":"2026-04-27T21:34:25","modified_gmt":"2026-04-27T21:34:25","slug":"camara-web-genius-facecam-1000x","status":"publish","type":"product","link":"https:\/\/hekalsoluciones.com\/hekalsoluciones\/producto\/camara-web-genius-facecam-1000x\/","title":{"rendered":"Camara web GENIUS FaceCam 1000X"},"content":{"rendered":"<p>La calidad de imagen HD de 720p y el zoom 3X le brinda una experiencia de video m\u00e1s clara y atractiva. Adem\u00e1s de calidad HD, la Facecam 1000X incluye micr\u00f3fono para que pueda hablar con claridad. Tambi\u00e9n incluye el software MiVE de Arcsoft, el cual podr\u00e1usar con MSN o Skype, para crear efectos de imagen, seguimiento facial y otras funciones.<\/p>\n<div class=\"shopcommerce-product-attributes\">\n<h4>Especificaciones<\/h4>\n<ul class=\"product-specs\">\n<li><strong>CONDICI\u00d3N:<\/strong> NUEVO<\/li>\n<li><strong>COLOR:<\/strong> NEGRO<\/li>\n<li><strong>MARCA:<\/strong> GENIUS<\/li>\n<li><strong>MODELO:<\/strong> 32200003400<\/li>\n<li><strong>L\u00cdNEA DE PRODUCTOS:<\/strong> CAMARAS<\/li>\n<li><strong>MODELO ALFANUMERICO:<\/strong> N\/A<\/li>\n<li><strong>MODELO DETALLADO:<\/strong> Facecam 1000X<\/li>\n<li><strong>FUENTE DEL PRODUCTO:<\/strong> N\/A<\/li>\n<li><strong>ES KIT:<\/strong> NO<\/li>\n<li><strong>ZOOM:<\/strong> SI<\/li>\n<li><strong>UNIDADES DE DIMENSI\u00d3N:<\/strong> CM<\/li>\n<li><strong>TIPO DE LENTE:<\/strong> objetivo de enfoque manual<\/li>\n<li><strong>CON MICR\u00d3FONO INCORPORADO:<\/strong> SI<\/li>\n<li><strong>CON PROTECCI\u00d3N DE IMAGEN:<\/strong> SI<\/li>\n<li><strong>FLUIDEZ DE VIDEO:<\/strong> N\/A<\/li>\n<li><strong>SISTEMA OPERATIVO QUE SOPORTA:<\/strong> WINDOWS\/MAC<\/li>\n<li><strong>RESOLUCI\u00d3N DE PANTALLA:<\/strong> 720p<\/li>\n<li><strong>RESOLUCI\u00d3N DE LA IMAGEN:<\/strong> 1280<\/li>\n<li><strong>UNIDAD DE PESO:<\/strong> GR<\/li>\n<li><strong>INTERFACES:<\/strong> USB<\/li>\n<li><strong>SKU:<\/strong> 32200003400<\/li>\n<li><strong>NOMBRE O DESCRIPCION:<\/strong> Camara web GENIUS FaceCam 1000X<\/li>\n<li><strong>IMAGEN:<\/strong> SI<\/li>\n<li><strong>EAN:<\/strong> 4710268 258285<\/li>\n<li><strong>SKU SIMPLE:<\/strong> 32200003400<\/li>\n<li><strong>PRECIO:<\/strong> N\/A<\/li>\n<li><strong>STOCK:<\/strong> SI<\/li>\n<li><strong>M\u00c9TODO DE ENV\u00cdO:<\/strong> N\/A<\/li>\n<li><strong>ANCHURA DEL PAQUETE DE ENV\u00cdO:<\/strong> 32<\/li>\n<li><strong>ALTURA DEL PAQUETE DE ENV\u00cdO:<\/strong> 29<\/li>\n<li><strong>LARGO DEL PAQUETE DE ENV\u00cdO:<\/strong> N\/A<\/li>\n<li><strong>PESO DEL PAQUETE:<\/strong> 25<\/li>\n<li><strong>CANAL EXCLUSIVO:<\/strong> SI<\/li>\n<li><strong>ACABADO DE LA ESTRUCTURA:<\/strong> N\/A<\/li>\n<li><strong>NOMBRE:<\/strong> Camara web GENIUS FaceCam 1000X<\/li>\n<li><strong>CARACTERISTICAS:<\/strong> La calidad de imagen HD de 720p y el zoom 3X le brinda una experiencia de video m\u00e1s clara y atractiva. Adem\u00e1s de calidad HD, la Facecam 1000X incluye micr\u00f3fono para que pueda hablar con claridad. Tambi\u00e9n incluye el software MiVE de Arcsoft, el cual podr\u00e1usar con MSN o Skype, para crear efectos de imagen, seguimiento facial y otras funciones.<\/li>\n<\/ul>\n<\/div>\n","protected":false},"excerpt":{"rendered":"<p>La calidad de imagen HD de 720p y el zoom 3X le brinda una experiencia de video m\u00e1s clara y atractiva. Adem\u00e1s de calidad HD, la Facecam 1000X incluye micr\u00f3fono<\/p>\n","protected":false},"featured_media":14082,"comment_status":"open","ping_status":"closed","template":"","meta":{"_monsterinsights_skip_tracking":false,"_monsterinsights_sitenote_active":false,"_monsterinsights_sitenote_note":"","_monsterinsights_sitenote_category":0},"aioseo_notices":[],"_links":{"self":[{"href":"https:\/\/hekalsoluciones.com\/hekalsoluciones\/wp-json\/wp\/v2\/product\/14081"}],"collection":[{"href":"https:\/\/hekalsoluciones.com\/hekalsoluciones\/wp-json\/wp\/v2\/product"}],"about":[{"href":"https:\/\/hekalsoluciones.com\/hekalsoluciones\/wp-json\/wp\/v2\/types\/product"}],"replies":[{"embeddable":true,"href":"https:\/\/hekalsoluciones.com\/hekalsoluciones\/wp-json\/wp\/v2\/comments?post=14081"}],"wp:featuredmedia":[{"embeddable":true,"href":"https:\/\/hekalsoluciones.com\/hekalsoluciones\/wp-json\/wp\/v2\/media\/14082"}],"wp:attachment":[{"href":"https:\/\/hekalsoluciones.com\/hekalsoluciones\/wp-json\/wp\/v2\/media?parent=14081"}],"curies":[{"name":"wp","href":"https:\/\/api.w.org\/{rel}","templated":true}]}}