{"id":14143,"date":"2026-05-06T14:03:40","date_gmt":"2026-05-06T14:03:40","guid":{"rendered":"https:\/\/hekalsoluciones.com\/hekalsoluciones\/producto\/hp-mouse-dual-inalambrico-bluetooth-ergonomico-optico-250-negro\/"},"modified":"2026-05-06T16:33:09","modified_gmt":"2026-05-06T16:33:09","slug":"hp-mouse-dual-inalambrico-bluetooth-ergonomico-optico-250-negro","status":"publish","type":"product","link":"https:\/\/hekalsoluciones.com\/hekalsoluciones\/producto\/hp-mouse-dual-inalambrico-bluetooth-ergonomico-optico-250-negro\/","title":{"rendered":"HP Mouse Dual Inal\u00e1mbrico Bluetooth Ergon\u00f3mico \u00d3ptico 250 Negro"},"content":{"rendered":"<p>HP Mouse Dual Inal\u00e1mbrico Bluetooth Ergon\u00f3mico \u00d3ptico 250 Negro,Precisi\u00f3n y velocidad excepcional. 1600 sensores \u00f3pticos,Hasta 16 meses de uso con una sola bater\u00eda AA,Mejor conectividad, Rango hasta 10 metros,<\/p>\n","protected":false},"excerpt":{"rendered":"<p>HP Mouse Dual Inal\u00e1mbrico Bluetooth Ergon\u00f3mico \u00d3ptico 250 Negro,Precisi\u00f3n y velocidad excepcional. 1600 sensores \u00f3pticos,Hasta 16 meses de uso con una sola bater\u00eda AA,Mejor conectividad, Rango hasta 10 metros,<\/p>\n","protected":false},"featured_media":14144,"comment_status":"open","ping_status":"closed","template":"","meta":{"_monsterinsights_skip_tracking":false,"_monsterinsights_sitenote_active":false,"_monsterinsights_sitenote_note":"","_monsterinsights_sitenote_category":0},"aioseo_notices":[],"_links":{"self":[{"href":"https:\/\/hekalsoluciones.com\/hekalsoluciones\/wp-json\/wp\/v2\/product\/14143"}],"collection":[{"href":"https:\/\/hekalsoluciones.com\/hekalsoluciones\/wp-json\/wp\/v2\/product"}],"about":[{"href":"https:\/\/hekalsoluciones.com\/hekalsoluciones\/wp-json\/wp\/v2\/types\/product"}],"replies":[{"embeddable":true,"href":"https:\/\/hekalsoluciones.com\/hekalsoluciones\/wp-json\/wp\/v2\/comments?post=14143"}],"wp:featuredmedia":[{"embeddable":true,"href":"https:\/\/hekalsoluciones.com\/hekalsoluciones\/wp-json\/wp\/v2\/media\/14144"}],"wp:attachment":[{"href":"https:\/\/hekalsoluciones.com\/hekalsoluciones\/wp-json\/wp\/v2\/media?parent=14143"}],"curies":[{"name":"wp","href":"https:\/\/api.w.org\/{rel}","templated":true}]}}