{"id":7867,"date":"2021-06-10T15:42:02","date_gmt":"2021-06-10T15:42:02","guid":{"rendered":"https:\/\/hekalsoluciones.com\/hekalsoluciones\/?post_type=product&#038;p=7867"},"modified":"2025-03-07T16:26:35","modified_gmt":"2025-03-07T16:26:35","slug":"portatil-latitude-7420-11th-generacion-intel-core-i5-1135g7","status":"publish","type":"product","link":"https:\/\/hekalsoluciones.com\/hekalsoluciones\/producto\/portatil-latitude-7420-11th-generacion-intel-core-i5-1135g7\/","title":{"rendered":"Portatil Latitude 7420 11th Generaci\u00f3n Intel\u00ae Core\u2122 i5-1135G7"},"content":{"rendered":"<div class=\"leftRight_MainHead\"><strong>Elegantemente innovador<\/strong><\/div>\n<div><\/div>\n<div class=\"leftRight_MainCopy\">\n<p><strong>Maximice la productividad:<\/strong>\u00a0la pantalla 4K o FHD disponible con 400 nits tambi\u00e9n cuenta con Comfort View Plus, una soluci\u00f3n de luz azul baja incorporada y siempre activa que reduce la luz azul da\u00f1ina al tiempo que ofrece un color excelente. Con certificaci\u00f3n T\u00dcV Rheinland.<\/p>\n<p><strong>Sensaci\u00f3n de primera calidad:<\/strong>\u00a0el dise\u00f1o de teclado Pro moderno y el nuevo panel t\u00e1ctil con un clic silencioso y una superficie m\u00e1s amplia ofrecen m\u00e1s precisi\u00f3n y comodidad.<\/p>\n<p><strong>Dise\u00f1o moderno a su manera:<\/strong>\u00a0seleccione entre una laptop vers\u00e1til 2 en 1 o tradicional, que se ofrece en los estilos de primera calidad de aluminio o fibra de carbono.<\/p>\n<p><strong>Compromiso con la sustentabilidad:<\/strong>\u00a0Dell fue pionera en el uso de la fibra de carbono recuperada en las computadoras y, a trav\u00e9s de un proceso innovador, utilizamos a\u00fan m\u00e1s en nuestra serie 7000. \u00bfEl resultado? Una computadora m\u00e1s liviana con m\u00e1s fibra de carbono reciclable. Pasamos a usar una pintura de bajo VOC a base de agua en el 100 % de las piezas pintadas, con lo que se pretende crear un entorno de trabajo m\u00e1s saludable. Registrado en EPEAT Gold.<\/p>\n<\/div>\n<div><\/div>\n<div><img src=\"https:\/\/i.dell.com\/is\/image\/DellContent\/\/content\/dam\/global-site-design\/product_images\/dell_client_products\/notebooks\/latitude_notebooks\/latitude_14_7420\/pdp\/laptop-latitude-14-7420-pdp-mod-3.jpg?fmt=jpg&amp;wid=390&amp;hei=370\" alt=\"Elegantemente innovador\" \/><\/div>\n","protected":false},"excerpt":{"rendered":"<p><strong>Portatil Dell Latitude 7420\u00a0<\/strong><\/p>\n<ul>\n<li>Intel\u00ae Core\u2122 i5-1135G7<\/li>\n<li>RAM 8GB<\/li>\n<li>MEMORIA 256GB\u00a0 SSD Intel\u00ae.<\/li>\n<li>Wi-Fi 6 AX201 2&#215;2 802.11ax 160MHz + Bluetooth 5.1 Wireless Card.<\/li>\n<li>4 Cell 63Whr ExpressChargeTM Capable Battery<\/li>\n<li>Windows 10 Pro 64bit English, French, Spanish.<\/li>\n<li>3 A\u00f1os de garant\u00eda.<\/li>\n<\/ul>\n","protected":false},"featured_media":9416,"comment_status":"open","ping_status":"closed","template":"","meta":{"_monsterinsights_skip_tracking":false,"_monsterinsights_sitenote_active":false,"_monsterinsights_sitenote_note":"","_monsterinsights_sitenote_category":0},"aioseo_notices":[],"_links":{"self":[{"href":"https:\/\/hekalsoluciones.com\/hekalsoluciones\/wp-json\/wp\/v2\/product\/7867"}],"collection":[{"href":"https:\/\/hekalsoluciones.com\/hekalsoluciones\/wp-json\/wp\/v2\/product"}],"about":[{"href":"https:\/\/hekalsoluciones.com\/hekalsoluciones\/wp-json\/wp\/v2\/types\/product"}],"replies":[{"embeddable":true,"href":"https:\/\/hekalsoluciones.com\/hekalsoluciones\/wp-json\/wp\/v2\/comments?post=7867"}],"wp:featuredmedia":[{"embeddable":true,"href":"https:\/\/hekalsoluciones.com\/hekalsoluciones\/wp-json\/wp\/v2\/media\/9416"}],"wp:attachment":[{"href":"https:\/\/hekalsoluciones.com\/hekalsoluciones\/wp-json\/wp\/v2\/media?parent=7867"}],"curies":[{"name":"wp","href":"https:\/\/api.w.org\/{rel}","templated":true}]}}