{"id":8026,"date":"2022-02-10T18:16:43","date_gmt":"2022-02-10T18:16:43","guid":{"rendered":"https:\/\/hekalsoluciones.com\/hekalsoluciones\/?post_type=product&#038;p=8026"},"modified":"2025-01-15T21:13:54","modified_gmt":"2025-01-15T21:13:54","slug":"optiplex-all-in-one-5490","status":"publish","type":"product","link":"https:\/\/hekalsoluciones.com\/hekalsoluciones\/producto\/optiplex-all-in-one-5490\/","title":{"rendered":"Optiplex All In One 5490"},"content":{"rendered":"<div id=\"AnchorZone3\" class=\"anchorZone\">\n<div class=\"anchorZoneContent\">\n<div>\n<div class=\"anchoredContentContainer clrFix anchoredContent_1imageup anchorMenu\">\n<div class=\"oneImageUpContainer\">\n<div class=\"oneImageUp\">\n<div class=\"oneImageHeadline\">Sistema operativo<\/div>\n<div class=\"oneImageBody\"><strong>Disponible con Windows 11 o Windows 10.<\/strong><\/div>\n<\/div>\n<\/div>\n<\/div>\n<div class=\"anchored_clearFloats\"><\/div>\n<div class=\"anchoredContentContainer clrFix anchoredContent_textonly anchorMenu\">\n<div class=\"textOnlyContainer\">\n<div class=\"textOnlyContainerHeadline\"><\/div>\n<\/div>\n<\/div>\n<div class=\"anchoredContentContainer clrFix anchoredContent_1imageup anchorMenu\">\n<div class=\"oneImageUpContainer\">\n<div class=\"oneImageUp\">\n<p><img id=\"\" class=\"lazy\" title=\"Inteligencia en la que puede confiar\" src=\"https:\/\/i.dell.com\/is\/image\/DellContent\/\/content\/dam\/global-site-design\/product_images\/dell_client_products\/desktops\/optiplex_desktops\/24_5490_aio\/media_gallery\/desktop_optiplex_5490_aio_pdp_mod_1a.jpg?fmt=jpg&amp;wid=964&amp;hei=544\" alt=\"Inteligencia en la que puede confiar\" border=\"0\" data-original=\"\/\/i.dell.com\/is\/image\/DellContent\/\/content\/dam\/global-site-design\/product_images\/dell_client_products\/desktops\/optiplex_desktops\/24_5490_aio\/media_gallery\/desktop_optiplex_5490_aio_pdp_mod_1a.jpg?fmt=jpg&amp;wid=964&amp;hei=544\" \/><\/p>\n<div class=\"oneImageHeadline\">Inteligencia en la que puede confiar<\/div>\n<div class=\"oneImageBody\">\n<p>OptiPlex tiene m\u00e1s de 28\u00a0a\u00f1os de experiencia en innovaci\u00f3n orientada al cliente en computadoras de escritorio mediante la creaci\u00f3n continua de experiencias m\u00e1s inteligentes y m\u00e1s r\u00e1pidas. Dispone de dise\u00f1os vers\u00e1tiles y ahorro de espacio con opciones de implementaci\u00f3n personalizadas y procesadores Intel<sup>\u00ae<\/sup>\u00a0de hasta 11.<sup>a<\/sup>\u00a0generaci\u00f3n.<a class=\"technote microcontent\" href=\"https:\/\/www.dell.com\/mc.ashx?id=technotes:product-availability&amp;c=co&amp;l=es&amp;s=bsd&amp;modalwidth=400&amp;modalHeight=150&amp;ovropac=0&amp;modalscroll=yes&amp;modaltarget=div&amp;modaltype=tooltip&amp;position=bottom&amp;title=Detalles%20importantes&amp;flip=false&amp;eventType=rollover\" rel=\"technotes:product-availability\" name=\"modalPopup\"><sup>3<\/sup><\/a><\/p>\n<p><strong>ExpressResponse:<\/strong><a class=\"technote microcontent\" href=\"https:\/\/www.dell.com\/mc.ashx?id=technotes:ExpressResponse&amp;c=co&amp;l=es&amp;s=bsd&amp;modalwidth=400&amp;modalHeight=150&amp;ovropac=0&amp;modalscroll=yes&amp;modaltarget=div&amp;modaltype=tooltip&amp;position=bottom&amp;title=Detalles%20importantes&amp;flip=false&amp;eventType=rollover\" rel=\"technotes:ExpressResponse\" name=\"modalPopup\"><sup>4<\/sup><\/a>con la tecnolog\u00eda Intel<sup>\u00ae<\/sup>\u00a0Adaptix\u2122, priorice sus aplicaciones m\u00e1s importantes para que se abran m\u00e1s r\u00e1pido y funcionen mejor.<\/p>\n<p><strong>Intelligent Audio:<\/strong>\u00a0Colabore como si estuviera en la misma habitaci\u00f3n. Intelligent Audio mejora la calidad de audio y reduce los ruidos de fondo, para que pueda escuchar y ser escuchado, lo que crea una mejor experiencia de conferencia para todos.<\/p>\n<p><strong>ExpressConnect:<\/strong>\u00a0El nuevo ExpressConnect se une autom\u00e1ticamente al punto de acceso con mayor intensidad de se\u00f1al y dirige el ancho de banda a las aplicaciones cr\u00edticas, dondequiera que trabaje.<\/p>\n<\/div>\n<\/div>\n<\/div>\n<\/div>\n<div class=\"anchored_clearFloats\"><\/div>\n<div class=\"anchoredContentContainer clrFix anchoredContent_1imageup anchorMenu\">\n<div class=\"oneImageUpContainer\">\n<div class=\"oneImageUp\">\n<p><img id=\"\" class=\"lazy\" title=\"Trabaje de manera inteligente\" src=\"https:\/\/i.dell.com\/is\/image\/DellContent\/\/content\/dam\/global-site-design\/product_images\/dell_client_products\/desktops\/optiplex_desktops\/24_5490_aio\/media_gallery\/desktop_optiplex_5490_aio_pdp_mod_1.jpg?fmt=jpg&amp;wid=965&amp;hei=391\" alt=\"Trabaje de manera inteligente\" border=\"0\" data-original=\"\/\/i.dell.com\/is\/image\/DellContent\/\/content\/dam\/global-site-design\/product_images\/dell_client_products\/desktops\/optiplex_desktops\/24_5490_aio\/media_gallery\/desktop_optiplex_5490_aio_pdp_mod_1.jpg?fmt=jpg&amp;wid=965&amp;hei=391\" \/><\/p>\n<div class=\"oneImageHeadline\">Trabaje de manera inteligente<\/div>\n<div class=\"oneImageBody\">\n<p><strong>Configuraciones flexibles<\/strong>. Adopte nuevas caracter\u00edsticas de productividad al mismo precio asequible de siempre. Se ofrecen varias opciones de configuraci\u00f3n, por lo que puede adquirir solo las caracter\u00edsticas que necesita.<\/p>\n<p><strong>Colaboraci\u00f3n sin inconvenientes<\/strong>. El audio inteligente realiza ajustes autom\u00e1ticos a la comunicaci\u00f3n para que pueda colaborar de manera m\u00e1s eficiente. La c\u00e1mara web emergente opcional con infrarrojo y Full HD opcionales se oculta de forma segura fuera de la vista cuando no se utiliza y agrega un nivel de seguridad con reconocimiento facial a trav\u00e9s de Windows\u00a0Hello y Microsoft\u00a0Skype\u00a0Empresarial. Tambi\u00e9n cuenta con un arreglo de cuatro micr\u00f3fonos para comunicaciones con gran claridad.<\/p>\n<p><strong>Inmersi\u00f3n en el trabajo:<\/strong>\u00a0Las pantallas FHD de 23,8\u201d con funci\u00f3n t\u00e1ctil o sin ella ofrecen una amplia \u00e1rea de trabajo activa con bisel delgado InfinityEdge.<\/p>\n<p><strong>Inteligencia integrada:<\/strong>\u00a0Cuenta con el modo de espera moderno de Windows\u00a010 para permitir una experiencia del usuario de encendido\/apagado instant\u00e1neo para lograr una conectividad constante y de bajo consumo de energ\u00eda.<\/p>\n<\/div>\n<\/div>\n<\/div>\n<\/div>\n<div class=\"anchored_clearFloats\"><\/div>\n<div class=\"anchoredContentContainer clrFix anchoredContent_textleftimageright anchorMenu\">\n<div class=\"textleftimageright_Container clrFix\">\n<div class=\"textleftimageright_MainImg\">\n<div class=\"leftRightMainImg\"><img loading=\"lazy\" class=\"lazy alignright\" title=\"Productividad sin concesiones\" src=\"https:\/\/i.dell.com\/is\/image\/DellContent\/\/content\/dam\/global-site-design\/product_images\/dell_client_products\/desktops\/optiplex_desktops\/24_5490_aio\/media_gallery\/desktop_optiplex_5490_aio_pdp_mod_2.jpg?fmt=jpg&amp;wid=390&amp;hei=300\" alt=\"Productividad sin concesiones\" width=\"431\" height=\"331\" border=\"0\" data-original=\"\/\/i.dell.com\/is\/image\/DellContent\/\/content\/dam\/global-site-design\/product_images\/dell_client_products\/desktops\/optiplex_desktops\/24_5490_aio\/media_gallery\/desktop_optiplex_5490_aio_pdp_mod_2.jpg?fmt=jpg&amp;wid=390&amp;hei=300\" \/><\/div>\n<\/div>\n<div class=\"textleftimageright_MainBody\">\n<h2 class=\"leftRight_MainHead\"><strong>Productividad sin concesiones<\/strong><\/h2>\n<div class=\"leftRight_MainCopy\">\n<p><strong>Potencia su d\u00eda de trabajo:<\/strong>\u00a0desarrollada con la arquitectura Intel<sup>\u00ae<\/sup>\u00a0de 11.\u00aa generaci\u00f3n, compatible con procesadores hasta Core\u2122 i7 que ofrecen un rendimiento sin concesiones.<\/p>\n<p><strong>Gr\u00e1ficos de \u00faltima generaci\u00f3n:<\/strong>\u00a0aborda las cargas de trabajo con uso m\u00e1s intensivo de gr\u00e1ficos con gr\u00e1ficos discretos en 65\u00a0W y UMA en 35\u00a0W.<\/p>\n<p><strong>Inicia m\u00e1s r\u00e1pido que nunca:<\/strong>\u00a0con una ranura M.2 para SSD, y hasta 64\u00a0GB de memoria DDR4 de 3200\u00a0MHz, su sistema no se ralentizar\u00e1 siquiera con los programas m\u00e1s exigentes.<\/p>\n<p><strong>Conectividad \u00e1gil:<\/strong>\u00a0con Intel<sup>\u00ae<\/sup>\u00a0Wi-Fi 6 AX201, se beneficiar\u00e1 de la tecnolog\u00eda Wi-Fi de \u00faltima generaci\u00f3n, que admite las velocidades de transferencia principales m\u00e1s r\u00e1pidas.<\/p>\n<\/div>\n<\/div>\n<\/div>\n<\/div>\n<h3 class=\"anchored_clearFloats\"><\/h3>\n<div class=\"anchoredContentContainer clrFix anchoredContent_textonly anchorMenu\">\n<div class=\"textOnlyContainer\">\n<h3 class=\"textOnlyContainerHeadline\"><strong>Modernice su experiencia con Dell\u00a0Technologies\u00a0Unified\u00a0Workspace<\/strong><\/h3>\n<div class=\"textOnly\">\n<div class=\"textOnlyBody\">\n<p><strong>Dell\u00a0Technologies\u00a0Unified\u00a0Workspace<\/strong>\u00a0es el m\u00e1ximo est\u00e1ndar para ayudar a los clientes a lograr un entorno de terminales modernizado y brindar una experiencia de usuario final optimizada. Las soluciones de software y servicios de Dell se integran con los entornos de terminales actuales y proporcionan mayor eficiencia, conocimientos \u00fatiles y una experiencia optimizada a trav\u00e9s de la implementaci\u00f3n, la seguridad, la administraci\u00f3n y el soporte.<\/p>\n<p>Las ventajas de implementar Dell\u00a0Technologies\u00a0Unified\u00a0Workspace compensan los costos de TI y hardware<a class=\"technote microcontent\" href=\"https:\/\/www.dell.com\/mc.ashx?id=technotes:unified-workspace&amp;c=co&amp;l=es&amp;s=bsd&amp;modalwidth=400&amp;modalHeight=150&amp;ovropac=0&amp;modalscroll=yes&amp;modaltarget=div&amp;modaltype=tooltip&amp;position=bottom&amp;title=Detalles%20importantes&amp;flip=false&amp;eventType=rollover\" rel=\"technotes:unified-workspace\" name=\"modalPopup\"><sup>5<\/sup><\/a><br \/>\n\u2022 Aprovisionamiento de f\u00e1brica moderno que reduce el tiempo de\u00a0<strong>implementaci\u00f3n<\/strong>\u00a0en un 50\u00a0%<a class=\"technote microcontent\" href=\"https:\/\/www.dell.com\/mc.ashx?id=technotes:prodeploy-plus&amp;c=co&amp;l=es&amp;s=bsd&amp;modalwidth=400&amp;modalHeight=150&amp;ovropac=0&amp;modalscroll=yes&amp;modaltarget=div&amp;modaltype=tooltip&amp;position=bottom&amp;title=Detalles%20importantes&amp;flip=false&amp;eventType=rollover\" rel=\"technotes:prodeploy-plus\" name=\"modalPopup\"><sup>6<\/sup><\/a><br \/>\n\u2022\u00a0<strong>Seguridad<\/strong>\u00a0de terminales integral por encima y por debajo del SO<br \/>\n\u2022\u00a0<strong>Administraci\u00f3n<\/strong>\u00a0unificada desde una \u00fanica consola de su elecci\u00f3n<br \/>\n\u2022\u00a0<strong>Soporte<\/strong>\u00a0predictivo y proactivo para reducir las llamadas de soporte hasta en un 46\u00a0%<a class=\"technote microcontent\" href=\"https:\/\/www.dell.com\/mc.ashx?id=technotes:reduce-support&amp;c=co&amp;l=es&amp;s=bsd&amp;modalwidth=400&amp;modalHeight=150&amp;ovropac=0&amp;modalscroll=yes&amp;modaltarget=div&amp;modaltype=tooltip&amp;position=bottom&amp;title=Detalles%20importantes&amp;flip=false&amp;eventType=rollover\" rel=\"technotes:reduce-support\" name=\"modalPopup\"><sup>7<\/sup><\/a>\u00a0y resolver los problemas 6 veces m\u00e1s r\u00e1pido<a class=\"technote microcontent\" href=\"https:\/\/www.dell.com\/mc.ashx?id=technotes:resolve-issues&amp;c=co&amp;l=es&amp;s=bsd&amp;modalwidth=400&amp;modalHeight=150&amp;ovropac=0&amp;modalscroll=yes&amp;modaltarget=div&amp;modaltype=tooltip&amp;position=bottom&amp;title=Detalles%20importantes&amp;flip=false&amp;eventType=rollover\" rel=\"technotes:resolve-issues\" name=\"modalPopup\"><sup>8<\/sup><\/a><\/p>\n<\/div>\n<\/div>\n<\/div>\n<\/div>\n<div class=\"anchored_clearFloats\"><\/div>\n<div class=\"anchoredContentContainer clrFix anchoredContent_1imageup anchorMenu\">\n<div class=\"oneImageUpContainer\">\n<div class=\"oneImageUp\">\n<p><img id=\"\" class=\"lazy\" title=\"Mejorar la sustentabilidad\" src=\"https:\/\/i.dell.com\/is\/image\/DellContent\/\/content\/dam\/global-site-design\/product_images\/dell_client_products\/desktops\/optiplex_desktops\/24_5490_aio\/media_gallery\/desktop_optiplex_5490_aio_pdp_mod_2a.jpg?fmt=jpg&amp;wid=965&amp;hei=334\" alt=\"Mejorar la sustentabilidad\" border=\"0\" data-original=\"\/\/i.dell.com\/is\/image\/DellContent\/\/content\/dam\/global-site-design\/product_images\/dell_client_products\/desktops\/optiplex_desktops\/24_5490_aio\/media_gallery\/desktop_optiplex_5490_aio_pdp_mod_2a.jpg?fmt=jpg&amp;wid=965&amp;hei=334\" \/><\/p>\n<div class=\"oneImageHeadline\">Mejorar la sustentabilidad<\/div>\n<div class=\"oneImageBody\">\n<p><strong>Etiquetas ecol\u00f3gicas:<\/strong>\u00a0Este producto cuenta con calificaci\u00f3n EPEAT Gold y ENERGY STAR (en determinadas configuraciones). El registro EPEAT var\u00eda seg\u00fan el pa\u00eds. Para la participaci\u00f3n o clasificaci\u00f3n de un pa\u00eds espec\u00edfico, visite\u00a0<a href=\"https:\/\/www.epeat.net\/\" target=\"_blank\" rel=\"noopener\">www.epeat.net<\/a>\u00a0(en ingl\u00e9s).<a class=\"technote microcontent\" href=\"https:\/\/www.dell.com\/mc.ashx?id=technotes:precision-3440-advance-technote&amp;c=co&amp;l=es&amp;s=bsd&amp;modalwidth=400&amp;modalHeight=150&amp;ovropac=0&amp;modalscroll=yes&amp;modaltarget=div&amp;modaltype=tooltip&amp;position=bottom&amp;title=Detalles%20importantes&amp;flip=false&amp;eventType=rollover\" rel=\"technotes:precision-3440-advance-technote\" name=\"modalPopup\"><sup>9<\/sup><\/a><\/p>\n<p><strong>Productos y empaques:<\/strong>\u00a0Dell\u00a0Technologies est\u00e1 migrando a productos y embalajes fabricados a partir de recursos reciclados o renovables y mejorando la eficiencia energ\u00e9tica de sus productos. Tambi\u00e9n estamos trabajando para reducir las emisiones de gases de efecto invernadero de nuestras actividades internas y de los partners de nuestra cadena de suministro directa. Obtenga m\u00e1s informaci\u00f3n sobre nuestro compromiso con la sostenibilidad y nuestros objetivos de impacto social para 2030\u00a0<a href=\"https:\/\/corporate.delltechnologies.com\/en-us\/social-impact\/reporting\/2030-goals.htm\" target=\"_blank\" rel=\"noopener\">aqu\u00ed<\/a>\u00a0(en ingl\u00e9s).<\/p>\n<p><strong>Huella de carbono:<\/strong>\u00a0Uno de los principales objetivos de Dell es minimizar nuestro impacto ambiental. Nuestro objetivo es reducir la huella de carbono de nuestros productos a lo largo de su ciclo de vida \u00fatil, desde el desarrollo hasta el reciclaje y en todos los puntos intermedios. Obtenga m\u00e1s informaci\u00f3n sobre la huella de carbono de este producto\u00a0<a href=\"https:\/\/corporate.delltechnologies.com\/en-us\/social-impact\/advancing-sustainability\/sustainable-products-and-services\/product-carbon-footprints.htm\" target=\"_blank\" rel=\"noopener\">aqu\u00ed<\/a>\u00a0(en ingl\u00e9s).<\/p>\n<\/div>\n<\/div>\n<\/div>\n<\/div>\n<div class=\"anchored_clearFloats\"><\/div>\n<div class=\"anchoredContentContainer clrFix anchoredContent_imageonly anchorMenu\">\n<div class=\"oneImageUpContainer\">\n<div class=\"oneImageUp\">\n<div class=\"oneImageHeadline\">Puertos y ranuras<\/div>\n<p><img id=\"\" class=\"lazy\" title=\"Puertos y ranuras\" src=\"https:\/\/i.dell.com\/is\/image\/DellContent\/\/content\/dam\/global-site-design\/product_images\/dell_client_products\/desktops\/optiplex_desktops\/24_5490_aio\/media_gallery\/desktop_optiplex_5490_aio_pdp_mod_3a.jpg?fmt=jpg&amp;wid=965&amp;hei=500\" alt=\"Puertos y ranuras\" border=\"0\" data-original=\"\/\/i.dell.com\/is\/image\/DellContent\/\/content\/dam\/global-site-design\/product_images\/dell_client_products\/desktops\/optiplex_desktops\/24_5490_aio\/media_gallery\/desktop_optiplex_5490_aio_pdp_mod_3a.jpg?fmt=jpg&amp;wid=965&amp;hei=500\" \/><\/p>\n<\/div>\n<\/div>\n<\/div>\n<div class=\"anchored_clearFloats\"><\/div>\n<div class=\"anchoredContentContainer clrFix anchoredContent_1imageup anchorMenu\">\n<div class=\"oneImageUpContainer\">\n<div class=\"oneImageUp\">\n<p><img id=\"\" class=\"lazy\" title=\"Puertos y ranuras\" src=\"https:\/\/i.dell.com\/is\/image\/DellContent\/\/content\/dam\/global-site-design\/product_images\/dell_client_products\/desktops\/optiplex_desktops\/24_5490_aio\/media_gallery\/desktop_optiplex_5490_aio_pdp_mod_3b1.jpg?fmt=jpg&amp;wid=965&amp;hei=459\" alt=\"Puertos y ranuras\" border=\"0\" data-original=\"\/\/i.dell.com\/is\/image\/DellContent\/\/content\/dam\/global-site-design\/product_images\/dell_client_products\/desktops\/optiplex_desktops\/24_5490_aio\/media_gallery\/desktop_optiplex_5490_aio_pdp_mod_3b1.jpg?fmt=jpg&amp;wid=965&amp;hei=459\" \/><\/p>\n<div class=\"oneImageBody\">8. Orificio para tornillo de la cubierta de cables | 9. Puerto DP++\u00a01.4\/HDCP\u00a02.3 | 10. Puerto RJ-45 de 10\/100\/1000\u00a0Mbps | 11. Puertos USB 2.0 con encendido inteligente |\u00a012. Puertos USB\u00a03.2 Type-A de 2.\u00aa generaci\u00f3n | 13. Puerto de audio de l\u00ednea de salida | 14. Conector de alimentaci\u00f3n | 15. Ranura de tarjeta para SD 4.0 | 16. Puerto\u00a0USB\u00a03.2 Type-C de 2.\u00aa\u00a0generaci\u00f3n | 17. Conector de audio universal | 18. Puerto USB\u00a03.2 Type-A de 1.\u00aa\u00a0generaci\u00f3n con PowerShare | 19. Indicador de estado del disco duro<\/div>\n<\/div>\n<\/div>\n<\/div>\n<div class=\"anchored_clearFloats\"><\/div>\n<div class=\"anchoredContentContainer clrFix anchoredContent_1imageup anchorMenu\">\n<div class=\"oneImageUpContainer\">\n<div class=\"oneImageUp\">\n<p><img id=\"\" class=\"lazy\" title=\"Dimensiones y peso\" src=\"https:\/\/i.dell.com\/is\/image\/DellContent\/\/content\/dam\/global-site-design\/product_images\/dell_client_products\/desktops\/optiplex_desktops\/24_5490_aio\/media_gallery\/desktop_optiplex_5490_aio_pdp_mod_41.jpg?fmt=jpg&amp;wid=965&amp;hei=465\" alt=\"Dimensiones y peso\" border=\"0\" data-original=\"\/\/i.dell.com\/is\/image\/DellContent\/\/content\/dam\/global-site-design\/product_images\/dell_client_products\/desktops\/optiplex_desktops\/24_5490_aio\/media_gallery\/desktop_optiplex_5490_aio_pdp_mod_41.jpg?fmt=jpg&amp;wid=965&amp;hei=465\" \/><\/p>\n<div class=\"oneImageHeadline\">Dimensiones y peso<\/div>\n<div class=\"oneImageBody\">\n<p><strong>Full HD t\u00e1ctil:<\/strong>\u00a01. Altura: 344\u00a0mm (13.54&#8243;) | 2. Ancho: 540.20\u00a0mm (21.26&#8243;) | 3. Profundidad: 52.80\u00a0mm (2.07&#8243;) | Peso inicial: 5.85\u00a0kg (12.74\u00a0lb) | Peso m\u00e1ximo: 6.30\u00a0kg (13.82\u00a0lb)<a class=\"technote microcontent\" href=\"https:\/\/www.dell.com\/mc.ashx?id=technotes:weights-vary&amp;c=co&amp;l=es&amp;s=bsd&amp;modalwidth=400&amp;modalHeight=150&amp;ovropac=0&amp;modalscroll=yes&amp;modaltarget=div&amp;modaltype=tooltip&amp;position=bottom&amp;title=Detalles%20importantes&amp;flip=false&amp;eventType=rollover\" rel=\"technotes:weights-vary\" name=\"modalPopup\"><sup>2<\/sup><\/a><\/p>\n<p><strong>Full HD no t\u00e1ctil:<\/strong>\u00a01. Altura: 344\u00a0mm (13.54&#8243;) | 2. Ancho: 540.20\u00a0mm (21.26&#8243;) | 3. Profundidad: 52.80\u00a0mm (2.07&#8243;) | Peso inicial: 5.84\u00a0kg (13.27\u00a0lb) | Peso m\u00e1ximo: 6.59\u00a0kg (14.42\u00a0lb)<a class=\"technote microcontent\" href=\"https:\/\/www.dell.com\/mc.ashx?id=technotes:weights-vary&amp;c=co&amp;l=es&amp;s=bsd&amp;modalwidth=400&amp;modalHeight=150&amp;ovropac=0&amp;modalscroll=yes&amp;modaltarget=div&amp;modaltype=tooltip&amp;position=bottom&amp;title=Detalles%20importantes&amp;flip=false&amp;eventType=rollover\" rel=\"technotes:weights-vary\" name=\"modalPopup\"><sup>2<\/sup><\/a><\/p>\n<\/div>\n<\/div>\n<\/div>\n<\/div>\n<div class=\"anchored_clearFloats\"><\/div>\n<\/div>\n<\/div>\n<\/div>\n","protected":false},"excerpt":{"rendered":"<div><strong>Optiplex All In One 5490<\/strong><\/div>\n<div class=\"font-compact-12 items hidden-xs\">\n<ul>\n<li>Intel Core i5-10500T<\/li>\n<li>RAM 16\u00a0 GB<\/li>\n<li>Disco SSD 256 GB\u00a0 Nvme<\/li>\n<li>WLAN: 802.11a\/b\/g\/n\/ac\/ax, Bluetooth 5.1<\/li>\n<li>Win 11 Pro<\/li>\n<li>Monitor: LED 23.81&#8243; 1920 x 1080 (Full HD) @ 60 Hz<\/li>\n<li>Teclado: espa\u00f1ol<\/li>\n<li>Negro<\/li>\n<li>3 a\u00f1os de Garantia\u00a0 Hardware Service with Onsite<\/li>\n<\/ul>\n<\/div>\n","protected":false},"featured_media":8027,"comment_status":"open","ping_status":"closed","template":"","meta":{"_monsterinsights_skip_tracking":false,"_monsterinsights_sitenote_active":false,"_monsterinsights_sitenote_note":"","_monsterinsights_sitenote_category":0},"aioseo_notices":[],"_links":{"self":[{"href":"https:\/\/hekalsoluciones.com\/hekalsoluciones\/wp-json\/wp\/v2\/product\/8026"}],"collection":[{"href":"https:\/\/hekalsoluciones.com\/hekalsoluciones\/wp-json\/wp\/v2\/product"}],"about":[{"href":"https:\/\/hekalsoluciones.com\/hekalsoluciones\/wp-json\/wp\/v2\/types\/product"}],"replies":[{"embeddable":true,"href":"https:\/\/hekalsoluciones.com\/hekalsoluciones\/wp-json\/wp\/v2\/comments?post=8026"}],"wp:featuredmedia":[{"embeddable":true,"href":"https:\/\/hekalsoluciones.com\/hekalsoluciones\/wp-json\/wp\/v2\/media\/8027"}],"wp:attachment":[{"href":"https:\/\/hekalsoluciones.com\/hekalsoluciones\/wp-json\/wp\/v2\/media?parent=8026"}],"curies":[{"name":"wp","href":"https:\/\/api.w.org\/{rel}","templated":true}]}}