{"id":8052,"date":"2022-02-14T17:21:45","date_gmt":"2022-02-14T17:21:45","guid":{"rendered":"https:\/\/hekalsoluciones.com\/hekalsoluciones\/?post_type=product&#038;p=8052"},"modified":"2026-04-28T21:18:35","modified_gmt":"2026-04-28T21:18:35","slug":"portatil-dell-latitude-3420-core-i3-1115g4","status":"publish","type":"product","link":"https:\/\/hekalsoluciones.com\/hekalsoluciones\/producto\/portatil-dell-latitude-3420-core-i3-1115g4\/","title":{"rendered":"Portatil Dell Latitude 3420 Core i3 1115G4"},"content":{"rendered":"<div class=\"ccs-cc-inline-features-block ccs-cc-inline-single-feature\">\n<div class=\"ccs-cc-inline-feature\" data-type=\"media\">\n<div class=\"ccs-cc-inline-feature-content ccs-cc-inline-thumbnail\"><a class=\"ccs-cc-inline-thumbnail-image ccs-cc-inline-thumbnail-media ccs-cc-inline-clickable\" title=\"Imagen del producto Mostrar tama\u00f1o m\u00e1s grande\" href=\"https:\/\/cdn.cnetcontent.com\/syndication\/mediaserverredirect\/1d934de9e359e1d3eb9f9fa9bd61da15\/original.jpg\" data-media-type=\"image\" data-caption=\"Imagen del producto\"><img src=\"https:\/\/cdn.cnetcontent.com\/syndication\/mediaserverredirect\/1d934de9e359e1d3eb9f9fa9bd61da15\/original.jpg\" alt=\"Imagen del producto\" data-large=\"\" data-alt-text=\"Please wait while content is loading...\" aria-label=\"Imagen del producto\" \/><\/a><\/div>\n<\/div>\n<\/div>\n<div class=\"ccs-cc-inline-features-block ccs-cc-inline-single-feature\">\n<div class=\"ccs-cc-inline-feature\" data-type=\"text\">\n<div class=\"ccs-cc-inline-feature-content ccs-cc-inline-feature-description\">\n<h3>Bienvenido a una nueva era de inteligencia<\/h3>\n<p><b data-cnet-ccs-icb-annotation=\"true\">ExpressConnect<\/b><br data-cnet-ccs-icb-annotation=\"true\" \/>Experimente wifi sin interrupciones. ExpressConnect se une autom\u00e1ticamente a los puntos de acceso m\u00e1s fuertes en la oficina y prioriza el ancho de banda para las aplicaciones de conferencias, dondequiera que trabaje.<br data-cnet-ccs-icb-annotation=\"true\" \/><br data-cnet-ccs-icb-annotation=\"true\" \/><b data-cnet-ccs-icb-annotation=\"true\">ExpressResponse<\/b><br data-cnet-ccs-icb-annotation=\"true\" \/>Con la tecnolog\u00eda Intel<sup data-cnet-ccs-icb-annotation=\"true\">\u00ae<\/sup>\u00a0Adaptix\u2122, d\u00e9 prioridad a sus aplicaciones m\u00e1s importantes, para que se abran m\u00e1s r\u00e1pido y funcionen mejor.<br data-cnet-ccs-icb-annotation=\"true\" \/><br data-cnet-ccs-icb-annotation=\"true\" \/><b data-cnet-ccs-icb-annotation=\"true\">ExpressCharge\u2122<\/b><br data-cnet-ccs-icb-annotation=\"true\" \/>Dell Optimizer ampl\u00eda el tiempo de ejecuci\u00f3n y mejora el rendimiento de la bater\u00eda al adaptarse a sus patrones y cargar hasta un 80 % en una hora.<br data-cnet-ccs-icb-annotation=\"true\" \/><br data-cnet-ccs-icb-annotation=\"true\" \/><b data-cnet-ccs-icb-annotation=\"true\">Intelligent Audio<\/b><br data-cnet-ccs-icb-annotation=\"true\" \/>Colabore como si estuviera en la misma habitaci\u00f3n. Intelligent Audio mejora su calidad de audio y reduce los ruidos de fondo, para que pueda escuchar y ser escuchado, lo que crea una mejor experiencia de conferencia para todos.<\/p>\n<\/div>\n<\/div>\n<\/div>\n<div class=\"ccs-cc-inline-features-block ccs-cc-inline-single-feature\">\n<div class=\"ccs-cc-inline-feature\" data-type=\"text media\" data-pos=\"left\">\n<div class=\"ccs-cc-inline-feature-content ccs-cc-inline-thumbnail\"><a class=\"ccs-cc-inline-thumbnail-image ccs-cc-inline-thumbnail-media ccs-cc-inline-clickable\" title=\"Caracter\u00edsticas esenciales para los negocios de todos los d\u00edas Mostrar tama\u00f1o m\u00e1s grande\" href=\"https:\/\/cdn.cnetcontent.com\/syndication\/mediaserverredirect\/40e7d2dfeb7b605e3359db6227d26be7\/original.jpg\" data-media-type=\"image\" data-caption=\"Caracter\u00edsticas esenciales para los negocios de todos los d\u00edas\"><img class=\"aligncenter\" src=\"https:\/\/cdn.cnetcontent.com\/syndication\/mediaserverredirect\/40e7d2dfeb7b605e3359db6227d26be7\/original.jpg\" alt=\"Caracter\u00edsticas esenciales para los negocios de todos los d\u00edas\" data-large=\"\" data-alt-text=\"Please wait while content is loading...\" aria-label=\"Caracter\u00edsticas esenciales para los negocios de todos los d\u00edas\" \/><\/a><\/div>\n<div class=\"ccs-cc-inline-feature-content ccs-cc-inline-feature-description\">\n<h3>Caracter\u00edsticas esenciales para los negocios de todos los d\u00edas<\/h3>\n<p><b data-cnet-ccs-icb-annotation=\"true\">Rendimiento r\u00e1pido:<\/b>\u00a0los \u00faltimos procesadores Intel<sup data-cnet-ccs-icb-annotation=\"true\">\u00ae<\/sup> Core\u2122 i3 de la 11.\u00aa generaci\u00f3n ofrecen a las empresas el rendimiento, la facilidad de administraci\u00f3n, las caracter\u00edsticas de seguridad incorporadas y la estabilidad de la arquitectura Intel<sup data-cnet-ccs-icb-annotation=\"true\">\u00ae<\/sup>, en sinton\u00eda con un plan de trabajo a prueba del futuro. Descargue y ejecute sin inconvenientes aplicaciones con alta definici\u00f3n gr\u00e1fica con NVIDIA MX450 opcional.<br data-cnet-ccs-icb-annotation=\"true\" \/><br data-cnet-ccs-icb-annotation=\"true\" \/><b data-cnet-ccs-icb-annotation=\"true\">Conexi\u00f3n en cualquier lugar:<\/b>\u00a0trabaje sin interrupciones mientras est\u00e1 en movimiento gracias a las velocidades opcionales de banda ancha m\u00f3vil LTE de hasta 450 Mbps. La capacidad de wifi 6 de Intel<sup data-cnet-ccs-icb-annotation=\"true\">\u00ae<\/sup>\u00a0proporciona conectividad confiable, velocidades r\u00e1pidas y seguridad de \u00faltima generaci\u00f3n para computadoras y redes inal\u00e1mbricas.<br data-cnet-ccs-icb-annotation=\"true\" \/><br data-cnet-ccs-icb-annotation=\"true\" \/><b data-cnet-ccs-icb-annotation=\"true\">Puertos para cada prop\u00f3sito:<\/b>\u00a0compatible con m\u00e1s monitores y accesorios, con una gama completa de puertos disponibles, que incluyen puerto USB 3.2 Gen2x2 Type-C\u2122 y puertos heredados como HDMI y RJ45.<br data-cnet-ccs-icb-annotation=\"true\" \/><br data-cnet-ccs-icb-annotation=\"true\" \/><b data-cnet-ccs-icb-annotation=\"true\">Arranque r\u00e1pido:<\/b>\u00a0arranque el sistema de inmediato con un lector de huellas digitales integrado en el bot\u00f3n de encendido.<br data-cnet-ccs-icb-annotation=\"true\" \/><br data-cnet-ccs-icb-annotation=\"true\" \/><b data-cnet-ccs-icb-annotation=\"true\">Alimentaci\u00f3n a trav\u00e9s de:<\/b>\u00a0impulse la eficiencia con las opciones de paquete de bater\u00eda de baja densidad, 3C y 4C.<\/p>\n<\/div>\n<\/div>\n<\/div>\n<div class=\"ccs-cc-inline-features-block ccs-cc-inline-single-feature\">\n<div class=\"ccs-cc-inline-feature\" data-type=\"text media\" data-pos=\"right\">\n<div class=\"ccs-cc-inline-feature-content ccs-cc-inline-thumbnail\"><a class=\"ccs-cc-inline-thumbnail-image ccs-cc-inline-thumbnail-media ccs-cc-inline-clickable\" title=\"Dise\u00f1o moderno para aumentar la productividad Mostrar tama\u00f1o m\u00e1s grande\" href=\"https:\/\/cdn.cnetcontent.com\/syndication\/mediaserverredirect\/c3281f519a2a6f354f595799c16fd7c9\/original.jpg\" data-media-type=\"image\" data-caption=\"Dise\u00f1o moderno para aumentar la productividad\"><img src=\"https:\/\/cdn.cnetcontent.com\/syndication\/mediaserverredirect\/c3281f519a2a6f354f595799c16fd7c9\/original.jpg\" alt=\"Dise\u00f1o moderno para aumentar la productividad\" data-large=\"\" data-alt-text=\"Please wait while content is loading...\" aria-label=\"Dise\u00f1o moderno para aumentar la productividad\" \/><\/a><\/div>\n<div class=\"ccs-cc-inline-feature-content ccs-cc-inline-feature-description\">\n<h3>Dise\u00f1o moderno para aumentar la productividad<\/h3>\n<p><b data-cnet-ccs-icb-annotation=\"true\">Dise\u00f1o sorprendente:<\/b>\u00a0nuestra Latitude 3420 es m\u00e1s peque\u00f1a y liviana, con un nuevo acabado m\u00e1s oscuro, paredes pulidas y cubierta delgada.<br data-cnet-ccs-icb-annotation=\"true\" \/><br data-cnet-ccs-icb-annotation=\"true\" \/><b data-cnet-ccs-icb-annotation=\"true\">Teclado actualizado:<\/b>\u00a0el teclado de borde a borde m\u00e1s grande, teclas y un panel t\u00e1ctil 18 % m\u00e1s grande hacen que la escritura y la navegaci\u00f3n sean m\u00e1s f\u00e1ciles que nunca.<br data-cnet-ccs-icb-annotation=\"true\" \/><br data-cnet-ccs-icb-annotation=\"true\" \/><b data-cnet-ccs-icb-annotation=\"true\">Pantalla mejorada:<\/b>\u00a0obtenga una vista m\u00e1s brillante con los paneles de pantalla Full HD de hasta 300 nit.<br data-cnet-ccs-icb-annotation=\"true\" \/><br data-cnet-ccs-icb-annotation=\"true\" \/><b data-cnet-ccs-icb-annotation=\"true\">Obturador de privacidad:<\/b>\u00a0disponible con un obturador de c\u00e1mara de privacidad mec\u00e1nica para mayor seguridad.<br data-cnet-ccs-icb-annotation=\"true\" \/><br data-cnet-ccs-icb-annotation=\"true\" \/><b data-cnet-ccs-icb-annotation=\"true\">Nuestro compromiso con la sostenibilidad:<\/b>\u00a0nuestros sistemas cuentan con la certificaci\u00f3n EPEAT Gold, lo que garantiza que Latitude es una compra de la que puede sentirse orgulloso. Adem\u00e1s, la elecci\u00f3n de los sistemas que cumplen con Energy Star no solo le permite ahorrar dinero, sino que tambi\u00e9n reduce las emisiones asociadas con la producci\u00f3n de electricidad.<\/p>\n<\/div>\n<\/div>\n<\/div>\n<div class=\"ccs-cc-inline-features-block ccs-cc-inline-single-feature\">\n<div class=\"ccs-cc-inline-feature\" data-type=\"text\">\n<div class=\"ccs-cc-inline-feature-content ccs-cc-inline-feature-description\">\n<h3>Modernice su experiencia con Dell Technologies Unified Workspace<\/h3>\n<p><b data-cnet-ccs-icb-annotation=\"true\">Dell Technologies Unified Workspace<\/b>\u00a0es el m\u00e1ximo est\u00e1ndar para ayudar a los clientes a lograr un entorno de terminales modernizado y brindar una experiencia de usuario final optimizada. Las soluciones de software y servicios de Dell se integran con los entornos de terminales actuales y proporcionan mayor eficiencia, conocimientos \u00fatiles y una experiencia optimizada a trav\u00e9s de la seguridad y la administraci\u00f3n.<br data-cnet-ccs-icb-annotation=\"true\" \/><br data-cnet-ccs-icb-annotation=\"true\" \/>Las ventajas de implementar Dell Technologies Unified Workspace compensan los costos de TI y hardware.<\/p>\n<ul data-cnet-ccs-icb-annotation=\"true\">\n<li data-cnet-ccs-icb-annotation=\"true\"><b data-cnet-ccs-icb-annotation=\"true\">Seguridad<\/b>\u00a0de terminales integral por encima y por debajo del SO<\/li>\n<li data-cnet-ccs-icb-annotation=\"true\"><b data-cnet-ccs-icb-annotation=\"true\">Administraci\u00f3n<\/b>\u00a0unificada desde una \u00fanica consola de su elecci\u00f3n<\/li>\n<\/ul>\n<\/div>\n<\/div>\n<\/div>\n<div class=\"ccs-cc-inline-features-block ccs-cc-inline-single-feature\">\n<div class=\"ccs-cc-inline-feature\" data-type=\"media\">\n<div class=\"ccs-cc-inline-feature-content ccs-cc-inline-thumbnail\"><a class=\"ccs-cc-inline-thumbnail-image ccs-cc-inline-thumbnail-media ccs-cc-inline-clickable\" title=\"Imagen del producto Mostrar tama\u00f1o m\u00e1s grande\" href=\"https:\/\/cdn.cnetcontent.com\/syndication\/mediaserverredirect\/f2f4dd47524a87168c968e9e2c29a021\/original.jpg\" data-media-type=\"image\" data-caption=\"Imagen del producto\"><img src=\"https:\/\/cdn.cnetcontent.com\/syndication\/mediaserverredirect\/f2f4dd47524a87168c968e9e2c29a021\/original.jpg\" alt=\"Imagen del producto\" data-large=\"\" data-alt-text=\"Please wait while content is loading...\" aria-label=\"Imagen del producto\" \/><\/a><\/div>\n<\/div>\n<\/div>\n<div class=\"ccs-cc-inline-features-block ccs-cc-inline-single-feature\">\n<div class=\"ccs-cc-inline-feature\" data-type=\"text\">\n<div class=\"ccs-cc-inline-feature-content ccs-cc-inline-feature-description\">\n<h3>Puertos y ranuras<\/h3>\n<p>1. Bandeja de tarjeta uSIM opcional | 2. Ranura de lector de tarjetas uSD 3.0 | 3. Conector de audio | 4. USB 2.0 | 5. Puerto USB 3.2 Type-A de 1.\u00aa generaci\u00f3n | 6. RJ-45 con LED de estado | 7. Ranura de candado Wedge | 8. Entrada de alimentaci\u00f3n, barril de 4,5 mm con LED de estado | 9. HDMI 1.4 | 10. Puerto USB 3.2 Type-A de 1.\u00aa generaci\u00f3n | 11. Puerto USB 3.2 Type C\u2122 de generaci\u00f3n 2&#215;2 con modo alternativo DisplayPort<\/p>\n<\/div>\n<\/div>\n<\/div>\n<div class=\"ccs-cc-inline-features-block ccs-cc-inline-single-feature\">\n<div class=\"ccs-cc-inline-feature\" data-type=\"media\">\n<div class=\"ccs-cc-inline-feature-content ccs-cc-inline-thumbnail\"><a class=\"ccs-cc-inline-thumbnail-image ccs-cc-inline-thumbnail-media ccs-cc-inline-clickable\" title=\"Imagen del producto Mostrar tama\u00f1o m\u00e1s grande\" href=\"https:\/\/cdn.cnetcontent.com\/syndication\/mediaserverredirect\/1d9fcd4b499bafe0a5213e87da5b3123\/original.jpg\" data-media-type=\"image\" data-caption=\"Imagen del producto\"><img src=\"https:\/\/cdn.cnetcontent.com\/syndication\/mediaserverredirect\/1d9fcd4b499bafe0a5213e87da5b3123\/original.jpg\" alt=\"Imagen del producto\" data-large=\"\" data-alt-text=\"Please wait while content is loading...\" aria-label=\"Imagen del producto\" \/><\/a><\/div>\n<\/div>\n<\/div>\n<div class=\"ccs-cc-inline-features-block ccs-cc-inline-single-feature\">\n<div class=\"ccs-cc-inline-feature\" data-type=\"text\">\n<div class=\"ccs-cc-inline-feature-content ccs-cc-inline-feature-description\">\n<h3>Dimensiones y peso<\/h3>\n<p>1. Altura: 17,6 mm (0,69&#8243;) | 2. Ancho: 326 mm (12,83&#8243;) | 3. Profundidad: 226 mm (8,9&#8243;) | Peso inicial: 1,52 kg (3,36 lb)<\/p>\n<\/div>\n<\/div>\n<\/div>\n<div class=\"ccs-cc-inline-features-block ccs-cc-inline-single-feature\">\n<div class=\"ccs-cc-inline-feature\" data-type=\"text\">\n<div class=\"ccs-cc-inline-feature-content ccs-cc-inline-feature-description\"><\/div>\n<\/div>\n<\/div>\n","protected":false},"excerpt":{"rendered":"<div class=\"font-bold font-compact-16 title js-productName js-productName-415715 center-xs\" data-productname=\"Dell Latitude 3420 - Core i3 1115G4 \/ 3 GHz - Ubuntu\"><strong>Dell Latitude 3420 &#8211; Core i3 1115G4 \/ 3 GHz &#8211; Linux<\/strong><\/div>\n<div class=\"font-compact-12 items hidden-xs\">\n<ul>\n<li>\u00a0Memoria 8 GB RAM<\/li>\n<li>\u00a0Disco duro: 256SSD + 1 TB HDD SMR<\/li>\n<li>\u00a0Pantalla 14&#8243; TN 1366 x 768 (HD)<\/li>\n<li>Negro<\/li>\n<li>Sistema Operativo Linux<\/li>\n<li>Garantia 1 a\u00f1o Onsite<b><img loading=\"lazy\" class=\"aligncenter wp-image-10280\" src=\"https:\/\/hekalsoluciones.com\/hekalsoluciones\/wp-content\/uploads\/2024\/06\/ENVIO-GRATIS.png\" alt=\"\" width=\"535\" height=\"209\" srcset=\"https:\/\/hekalsoluciones.com\/hekalsoluciones\/wp-content\/uploads\/2024\/06\/ENVIO-GRATIS.png 1280w, https:\/\/hekalsoluciones.com\/hekalsoluciones\/wp-content\/uploads\/2024\/06\/ENVIO-GRATIS-300x117.png 300w, https:\/\/hekalsoluciones.com\/hekalsoluciones\/wp-content\/uploads\/2024\/06\/ENVIO-GRATIS-1024x400.png 1024w, https:\/\/hekalsoluciones.com\/hekalsoluciones\/wp-content\/uploads\/2024\/06\/ENVIO-GRATIS-768x300.png 768w\" sizes=\"(max-width: 535px) 100vw, 535px\" \/><\/b><\/li>\n<\/ul>\n<\/div>\n","protected":false},"featured_media":9420,"comment_status":"open","ping_status":"closed","template":"","meta":{"_monsterinsights_skip_tracking":false,"_monsterinsights_sitenote_active":false,"_monsterinsights_sitenote_note":"","_monsterinsights_sitenote_category":0},"aioseo_notices":[],"_links":{"self":[{"href":"https:\/\/hekalsoluciones.com\/hekalsoluciones\/wp-json\/wp\/v2\/product\/8052"}],"collection":[{"href":"https:\/\/hekalsoluciones.com\/hekalsoluciones\/wp-json\/wp\/v2\/product"}],"about":[{"href":"https:\/\/hekalsoluciones.com\/hekalsoluciones\/wp-json\/wp\/v2\/types\/product"}],"replies":[{"embeddable":true,"href":"https:\/\/hekalsoluciones.com\/hekalsoluciones\/wp-json\/wp\/v2\/comments?post=8052"}],"wp:featuredmedia":[{"embeddable":true,"href":"https:\/\/hekalsoluciones.com\/hekalsoluciones\/wp-json\/wp\/v2\/media\/9420"}],"wp:attachment":[{"href":"https:\/\/hekalsoluciones.com\/hekalsoluciones\/wp-json\/wp\/v2\/media?parent=8052"}],"curies":[{"name":"wp","href":"https:\/\/api.w.org\/{rel}","templated":true}]}}