{"id":8082,"date":"2022-02-15T15:54:54","date_gmt":"2022-02-15T15:54:54","guid":{"rendered":"https:\/\/hekalsoluciones.com\/hekalsoluciones\/?post_type=product&#038;p=8082"},"modified":"2025-03-07T16:09:32","modified_gmt":"2025-03-07T16:09:32","slug":"portatil-dell-latitude-5420-11th-generation-intel-core-i7-1165g7-8gb","status":"publish","type":"product","link":"https:\/\/hekalsoluciones.com\/hekalsoluciones\/producto\/portatil-dell-latitude-5420-11th-generation-intel-core-i7-1165g7-8gb\/","title":{"rendered":"Portatil Dell Latitude 5420  11th Generation Intel\u00ae Core\u2122 i7-1165G7 8GB"},"content":{"rendered":"<h3 class=\"cf-feature-title\">Totalmente cargado y listo para trabajar<\/h3>\n<div class=\"cf-f-item-desc\">\n<p><strong>Tome las riendas:<\/strong>\u00a0siga trabajando con una duraci\u00f3n excepcional de la bater\u00eda y configuraciones inteligentes para conservar la energ\u00eda cuando se est\u00e9 agotando.\u00a0Elija entre una bater\u00eda de 42 Wh para un peso m\u00e1s liviano o una bater\u00eda m\u00e1s grande de 63 Wh para un tiempo de funcionamiento m\u00e1s prolongado.\u00a0Obtenga una mayor duraci\u00f3n de la bater\u00eda cuando elija el panel Super Low Power, que consume menos energ\u00eda que una pantalla est\u00e1ndar sin afectar el brillo de la pantalla.<\/p>\n<p><strong>Con\u00e9ctese con confianza:<\/strong>\u00a0\u00a0mant\u00e9ngase conectado con velocidades de banda ancha m\u00f3vil LTE de hasta 450 Mbps.\u00a0Wi-Fi 6E permite 7 canales adicionales (en la banda de 6 GHz) para obtener m\u00e1s ancho de banda, lo que proporciona una conexi\u00f3n Wi-Fi m\u00e1s r\u00e1pida y fluida, especialmente en \u00e1reas de alta densidad.\u00a0<a class=\"technote microcontent\" rel=\"technotes:available-march-2021\">*<\/a>\u00a0Viaja con facilidad con la nueva tecnolog\u00eda eSIM que se conecta a m\u00e1s operadores globales sin tener que cambiar de tarjeta SIM.\u00a0<a class=\"technote microcontent\" rel=\"technotes:subject-to-service-provider-broadband\">*<\/a><\/p>\n<p><strong>Escale seg\u00fan sus necesidades:<\/strong>No hay nada que le impida realizar su mejor trabajo con la memoria y el almacenamiento escalables, que incluyen hasta 64 GB de memoria DDR4 y hasta 2 TB de almacenamiento.\u00a0Elija entre las opciones de teclado retroiluminado y no retroiluminado.<\/p>\n<p><strong>Puertos para cualquier prop\u00f3sito:<\/strong>\u00a0Con\u00e9ctese r\u00e1pidamente a perif\u00e9ricos con una gama completa de puertos disponibles, incluidos 2x Type-C \u2122 Thunderbolt \u2122 4\u00a0<a class=\"technote microcontent\" rel=\"technotes:thunderbolt\">*<\/a>\u00a0que pueden alimentar hasta 2 pantallas 4K o 1 pantalla 8K y puertos heredados como HDMI y RJ45.<\/p>\n<p><strong>Su gran rendimiento:<\/strong>\u00a0Hasta el \u00faltimo 11 de Gen Intel\u00a0<sup>\u00ae<\/sup>\u00a0Core \u2122 i7 vPro\u00a0<sup>\u00ae<\/sup>\u00a0procesadores de ofrecer a las empresas el rendimiento, capacidad de gesti\u00f3n, una funci\u00f3n de las caracter\u00edsticas de seguridad y estabilidad de la Intel\u00a0<sup>\u00ae<\/sup>\u00a0plataforma vPro, la plataforma construida para el negocio.<\/p>\n<p><strong>Proteja su trabajo:<\/strong>\u00a0Todas las opciones de seguridad que espera en un 5000, incluido el lector de huellas dactilares en el bot\u00f3n de encendido, la c\u00e1mara de infrarrojos para el inicio de sesi\u00f3n facial de Windows Hello y el lector de tarjetas inteligentes (con contacto y sin contacto NFC).<\/p>\n<\/div>\n<div><\/div>\n<div><img src=\"https:\/\/i.dell.com\/is\/image\/DellContent\/\/content\/dam\/global-site-design\/product_images\/dell_client_products\/notebooks\/latitude_notebooks\/14_5420\/pdp\/laptops-latitude-5420-pdp-mod-2.jpg?fmt=jpg&amp;wid=965&amp;hei=396\" alt=\"Completamente cargada y lista para trabajar\" \/><\/div>\n","protected":false},"excerpt":{"rendered":"<p><strong>Portatil Dell Latitude 5420<\/strong><\/p>\n<ul>\n<li>11th Generation Intel\u00ae Core\u2122 i7-1165G7<\/li>\n<li>8GB, 1x8GB, DDR4 Non-ECC.<\/li>\n<li>M.2 2230 256GB PCIe C35 SS<\/li>\n<li>14&#8243; FHD (1920&#215;1080).<\/li>\n<li>Non-Touch, Anti-Glare, IPS, 250nits,<\/li>\n<li>WLAN\/WWAN.<\/li>\n<li>Intel Integrated Graphics HD Camera<\/li>\n<li>4 Cell 63Whr ExpressChargeTM Capable Battery Intel\u00ae.<\/li>\n<li>Wi-Fi 6 AX201 2&#215;2 .11ax 160MHz + Bluetooth 5.1<\/li>\n<li>Windows 10 Pro 64bit English, French Spanish.<\/li>\n<li>3 A\u00f1os de garant\u00eda.<b><img loading=\"lazy\" class=\"aligncenter wp-image-10280\" src=\"https:\/\/hekalsoluciones.com\/hekalsoluciones\/wp-content\/uploads\/2024\/06\/ENVIO-GRATIS.png\" alt=\"\" width=\"535\" height=\"209\" srcset=\"https:\/\/hekalsoluciones.com\/hekalsoluciones\/wp-content\/uploads\/2024\/06\/ENVIO-GRATIS.png 1280w, https:\/\/hekalsoluciones.com\/hekalsoluciones\/wp-content\/uploads\/2024\/06\/ENVIO-GRATIS-300x117.png 300w, https:\/\/hekalsoluciones.com\/hekalsoluciones\/wp-content\/uploads\/2024\/06\/ENVIO-GRATIS-1024x400.png 1024w, https:\/\/hekalsoluciones.com\/hekalsoluciones\/wp-content\/uploads\/2024\/06\/ENVIO-GRATIS-768x300.png 768w\" sizes=\"(max-width: 535px) 100vw, 535px\" \/><\/b><\/li>\n<\/ul>\n","protected":false},"featured_media":7864,"comment_status":"open","ping_status":"closed","template":"","meta":{"_monsterinsights_skip_tracking":false,"_monsterinsights_sitenote_active":false,"_monsterinsights_sitenote_note":"","_monsterinsights_sitenote_category":0},"aioseo_notices":[],"_links":{"self":[{"href":"https:\/\/hekalsoluciones.com\/hekalsoluciones\/wp-json\/wp\/v2\/product\/8082"}],"collection":[{"href":"https:\/\/hekalsoluciones.com\/hekalsoluciones\/wp-json\/wp\/v2\/product"}],"about":[{"href":"https:\/\/hekalsoluciones.com\/hekalsoluciones\/wp-json\/wp\/v2\/types\/product"}],"replies":[{"embeddable":true,"href":"https:\/\/hekalsoluciones.com\/hekalsoluciones\/wp-json\/wp\/v2\/comments?post=8082"}],"wp:featuredmedia":[{"embeddable":true,"href":"https:\/\/hekalsoluciones.com\/hekalsoluciones\/wp-json\/wp\/v2\/media\/7864"}],"wp:attachment":[{"href":"https:\/\/hekalsoluciones.com\/hekalsoluciones\/wp-json\/wp\/v2\/media?parent=8082"}],"curies":[{"name":"wp","href":"https:\/\/api.w.org\/{rel}","templated":true}]}}