{"id":8110,"date":"2022-02-15T20:26:29","date_gmt":"2022-02-15T20:26:29","guid":{"rendered":"https:\/\/hekalsoluciones.com\/hekalsoluciones\/?post_type=product&#038;p=8110"},"modified":"2024-11-05T21:34:09","modified_gmt":"2024-11-05T21:34:09","slug":"monitor-dell-18-5-e1916h","status":"publish","type":"product","link":"https:\/\/hekalsoluciones.com\/hekalsoluciones\/producto\/monitor-dell-18-5-e1916h\/","title":{"rendered":"Monitor Dell 18.5&#8243; E1916H"},"content":{"rendered":"<p class=\"para\"><img title=\"Monitor Dell\u00a019 | E1916H: un imprescindible para la oficina diaria\" src=\"https:\/\/i.dell.com\/images\/global\/products\/monitors\/monitors_highlights\/dell-e1916h-monitor-overview1.jpg\" alt=\"Monitor Dell\u00a019 | E1916H: un imprescindible para la oficina diaria\" border=\"0\" \/><\/p>\n<div class=\"para_intropara\">\n<h3 class=\"para_intropara h3para_intropara\">Un imprescindible para la oficina diaria<\/h3>\n<\/div>\n<p>&nbsp;<\/p>\n<div class=\"para\"><b>Rendimiento de la pantalla:<\/b>\u00a0vea las aplicaciones, las hojas de c\u00e1lculo y m\u00e1s en las 18,5\u00a0pulgadas de claridad HD de 1366\u00a0x\u00a0768, con 16,7 millones de colores, un espectro de colores de 85\u00a0por ciento<a class=\"technote_link\" rel=\"\/Content\/public\/glossary.aspx?c=co&amp;s=corp&amp;l=es&amp;cs=&amp;~tnmode=html&amp;i=color_gamut_e2214h\"><sup>1<\/sup><\/a>\u00a0y un \u00e1ngulo de visualizaci\u00f3n de 90\u00b0\/65\u00b0 vertical y horizontal.<\/div>\n<div class=\"para\"><\/div>\n<div class=\"para\"><b>Conecte y vea:<\/b>\u00a0compatible con computadoras heredadas y actuales mediante VGA y conectividad DisplayPort.<\/div>\n<div class=\"para\"><\/div>\n<div class=\"para\"><b>Opci\u00f3n de montaje:<\/b>\u00a0mantenga el escritorio ordenado al montar el monitor compatible con VESA<sup>\u00ae<\/sup>\u00a0 en la pared o con el brazo Dell para un monitor, que se detalla a continuaci\u00f3n.<\/div>\n<div class=\"para\"><\/div>\n<div class=\"para\"><b>Inclinaci\u00f3n a voluntad:<\/b>\u00a0trabaje c\u00f3modamente inclinando el monitor 5\u00b0 hacia delante o 21\u00b0 hacia atr\u00e1s.<\/div>\n<div class=\"para\"><\/div>\n<div class=\"para\"><b>Controles pr\u00e1cticos:<\/b>\u00a0acceda f\u00e1cilmente a los botones de alimentaci\u00f3n, brillo y contraste, y a los modos preestablecidos personalizables en el panel frontal del monitor.<\/div>\n<p>&nbsp;<\/p>\n<p>&nbsp;<\/p>\n<table border=\"0\" width=\"100%\" cellspacing=\"0\" cellpadding=\"0\">\n<tbody>\n<tr>\n<td valign=\"top\" width=\"50%\"><span class=\"para\"><img title=\"Monitor Dell\u00a019 | E1916H: dise\u00f1o ecol\u00f3gico y confiable\" src=\"https:\/\/i.dell.com\/images\/global\/products\/monitors\/monitors_highlights\/dell-e1916h-monitor-overview2.jpg\" alt=\"Monitor Dell\u00a019 | E1916H: dise\u00f1o ecol\u00f3gico y confiable\" border=\"0\" \/><\/span><\/td>\n<td width=\"10\"><img loading=\"lazy\" src=\"https:\/\/i.dell.com\/images\/global\/general\/spacer.gif\" alt=\"\" width=\"10\" height=\"1\" border=\"0\" \/><\/td>\n<td valign=\"top\" width=\"50%\">\n<div class=\"para_intropara\">\n<h3 class=\"para_intropara h3para_intropara\">Ecol\u00f3gico y confiable<\/h3>\n<\/div>\n<p><span class=\"para\">\u00a0<\/span><\/p>\n<div class=\"para\"><b>Tranquilidad incluida:<\/b>\u00a0rel\u00e1jese al saber que el monitor Dell viene con servicio de intercambio avanzado por\u00a03\u00a0a\u00f1os<a class=\"technote_link\" rel=\"\/Content\/public\/glossary.aspx?c=co&amp;s=corp&amp;l=es&amp;cs=&amp;~tnmode=html&amp;i=adv_exchng_e2314h\"><sup>2<\/sup><\/a>\u00a0dentro de la garant\u00eda limitada de hardware de 3\u00a0a\u00f1os.<a class=\"technote_link\" rel=\"\/Content\/public\/glossary.aspx?c=co&amp;s=corp&amp;l=es&amp;cs=&amp;~tnmode=html&amp;i=warranty_e2314h\"><sup>3<\/sup><\/a><\/div>\n<div class=\"para\"><\/div>\n<div class=\"para\">\n<p><b>Menor espacio ocupado:<\/b>\u00a0el monitor Dell\u00a019 cuenta con tecnolog\u00eda PowerNap que reduce el brillo de la pantalla o pone el monitor en modo de suspensi\u00f3n cuando no est\u00e1 en uso. Este monitor tambi\u00e9n cumple con los \u00faltimos est\u00e1ndares medioambientales y regulatorios:<\/p>\n<table>\n<tbody>\n<tr>\n<td>\n<div class=\"point_small\">Con certificaci\u00f3n CECP<\/div>\n<div class=\"point_small\">Pantallas con certificaci\u00f3n TCO<\/div>\n<\/td>\n<\/tr>\n<\/tbody>\n<\/table>\n<\/div>\n<div class=\"para\"><\/div>\n<div class=\"para\"><b>Materiales ecol\u00f3gicos:<\/b>\u00a0el nuevo monitor Dell est\u00e1 hecho con vidrio sin ars\u00e9nico y un panel LED sin mercurio. Sus tableros de circuitos est\u00e1n hechos de retardadores de llama bromados (BFR) y l\u00e1minas sin PVC.<\/div>\n<\/td>\n<\/tr>\n<\/tbody>\n<\/table>\n<p>&nbsp;<\/p>\n<div class=\"para_intropara\">\n<h3 class=\"para_intropara h3para_intropara\">Complete su experiencia de monitor Dell<\/h3>\n<\/div>\n<p>El monitor Dell\u00a019 es solo el comienzo. Busque estos excelentes agregados al finalizar su compra.<\/p>\n<p>&nbsp;<\/p>\n<p>&nbsp;<\/p>\n<table border=\"0\" width=\"100%\" cellspacing=\"0\" cellpadding=\"0\">\n<tbody>\n<tr>\n<td valign=\"top\"><span class=\"para\"><img title=\"Monitor Dell\u00a019 | E1916H: brazo Dell para un monitor (MSA14)\" src=\"https:\/\/i.dell.com\/images\/global\/products\/monitors\/monitors_highlights\/dell-e1916h-monitor-overview3a.jpg\" alt=\"Monitor Dell\u00a019 | E1916H: brazo Dell para un monitor (MSA14)\" border=\"0\" \/><\/span><\/p>\n<p><b>Brazo para un monitor Dell, MSA14<\/b><br \/>\nConecte de manera sencilla los paneles del monitor con un simple ajuste a presi\u00f3n y disfrute de la flexibilidad de un brazo articulable para monitor Dell.<\/td>\n<td width=\"10\"><img loading=\"lazy\" src=\"https:\/\/i.dell.com\/images\/global\/general\/spacer.gif\" alt=\"\" width=\"10\" height=\"1\" border=\"0\" \/><\/td>\n<td valign=\"top\"><span class=\"para\"><img title=\"Monitor Dell\u00a019 | E1916H: combo de teclado y mouse inal\u00e1mbricos (KM632)\" src=\"https:\/\/i.dell.com\/images\/global\/products\/monitors\/monitors_highlights\/dell-e1916h-monitor-overview3b.jpg\" alt=\"Monitor Dell\u00a019 | E1916H: combo de teclado y mouse inal\u00e1mbricos (KM632)\" border=\"0\" \/><\/span><\/p>\n<p><b>Combinaci\u00f3n de teclado y mouse inal\u00e1mbricos Dell: KM632<\/b><br \/>\nObtenga la libertad de la inform\u00e1tica inal\u00e1mbrica con este elegante y refinado paquete de teclado y mouse inal\u00e1mbricos.<\/td>\n<td width=\"10\"><img loading=\"lazy\" src=\"https:\/\/i.dell.com\/images\/global\/general\/spacer.gif\" alt=\"\" width=\"10\" height=\"1\" border=\"0\" \/><\/td>\n<td valign=\"top\"><span class=\"para\"><img title=\"Monitor Dell\u00a019 | E1916H: bloqueo de primera calidad de Dell (LP500)\" src=\"https:\/\/i.dell.com\/images\/global\/products\/monitors\/monitors_highlights\/dell-e1916h-monitor-overview3c.jpg\" alt=\"Monitor Dell\u00a019 | E1916H: bloqueo de primera calidad de Dell (LP500)\" border=\"0\" \/><\/span><\/p>\n<p><b>Bloqueo de seguridad Dell LP500<\/b><br \/>\nProteja el monitor con un cable de acero templado de carbono extrafuerte que cuenta con un mecanismo de bloqueo con llave con barra en forma de T.<\/td>\n<\/tr>\n<\/tbody>\n<\/table>\n<p>&nbsp;<\/p>\n<table border=\"0\" width=\"100%\" cellspacing=\"0\" cellpadding=\"0\">\n<tbody>\n<tr>\n<td valign=\"top\"><span class=\"para\"><img title=\"Monitor Dell\u00a019 | E1916H: garant\u00eda limitada de hardware\" src=\"https:\/\/i.dell.com\/images\/global\/products\/monitors\/monitors_highlights\/dell-e1916h-monitor-overview4.jpg\" alt=\"Monitor Dell\u00a019 | E1916H: garant\u00eda limitada de hardware\" border=\"0\" \/><\/span><\/p>\n<p>&nbsp;<\/td>\n<td width=\"10\"><img loading=\"lazy\" src=\"https:\/\/i.dell.com\/images\/global\/general\/spacer.gif\" alt=\"\" width=\"10\" height=\"1\" border=\"0\" \/><\/td>\n<td valign=\"top\"><span class=\"para\"><b>Garant\u00eda limitada de hardware<\/b><br \/>\nDebido a que est\u00e1 respaldado por una garant\u00eda limitada de hardware\u00a0<a class=\"technote_link\" rel=\"\/Content\/public\/glossary.aspx?c=co&amp;s=corp&amp;l=es&amp;cs=&amp;~tnmode=html&amp;i=warranty_e2314h\"><sup>3<\/sup><\/a>\u00a0y un servicio de intercambio\u00a0 avanzado<a class=\"technote_link\" rel=\"\/Content\/public\/glossary.aspx?c=co&amp;s=corp&amp;l=es&amp;cs=&amp;~tnmode=html&amp;i=adv_exchng_e2314h\"><sup>2<\/sup><\/a> por 3 a\u00f1os, puede comprar el M<b>onitor Dell\u00a019 \u2013 E1916H<\/b>\u00a0con confianza.<\/span><\/td>\n<\/tr>\n<\/tbody>\n<\/table>\n","protected":false},"excerpt":{"rendered":"<div><strong><span class=\"emphasizedtitle\">Rendimiento confiable, caracter\u00edsticas esenciales.<\/span><\/strong><\/div>\n<p>Un monitor de 18,5&#8243; confiable y accesible con caracter\u00edsticas esenciales que satisfacen las demandas diarias de la oficina.<\/p>\n<table>\n<tbody>\n<tr>\n<td>\n<ul class=\"point_normal\">\n<li class=\"point_normal\"><b>Caracter\u00edsticas esenciales:\u00a0<\/b>excelente calidad HD con compatibilidad con montaje VESA y opciones de inclinaci\u00f3n, as\u00ed como tambi\u00e9n conectividad VGA y DisplayPorts.<\/li>\n<li class=\"point_normal\"><b>Rendimiento confiable:<\/b>\u00a0los est\u00e1ndares de pruebas de calidad sin igual con 3\u00a0a\u00f1os de garant\u00eda y servicio garantizan el rendimiento a largo plazo.<\/li>\n<li class=\"point_normal\"><b>Dise\u00f1o ecol\u00f3gico:<\/b>\u00a0ahorre energ\u00eda con las caracter\u00edsticas de uso eficiente de la energ\u00eda.<\/li>\n<\/ul>\n<\/td>\n<\/tr>\n<\/tbody>\n<\/table>\n<p><b><img loading=\"lazy\" class=\"aligncenter wp-image-10280\" src=\"https:\/\/hekalsoluciones.com\/hekalsoluciones\/wp-content\/uploads\/2024\/06\/ENVIO-GRATIS.png\" alt=\"\" width=\"535\" height=\"209\" srcset=\"https:\/\/hekalsoluciones.com\/hekalsoluciones\/wp-content\/uploads\/2024\/06\/ENVIO-GRATIS.png 1280w, https:\/\/hekalsoluciones.com\/hekalsoluciones\/wp-content\/uploads\/2024\/06\/ENVIO-GRATIS-300x117.png 300w, https:\/\/hekalsoluciones.com\/hekalsoluciones\/wp-content\/uploads\/2024\/06\/ENVIO-GRATIS-1024x400.png 1024w, https:\/\/hekalsoluciones.com\/hekalsoluciones\/wp-content\/uploads\/2024\/06\/ENVIO-GRATIS-768x300.png 768w\" sizes=\"(max-width: 535px) 100vw, 535px\" \/><\/b><\/p>\n","protected":false},"featured_media":8111,"comment_status":"open","ping_status":"closed","template":"","meta":{"_monsterinsights_skip_tracking":false,"_monsterinsights_sitenote_active":false,"_monsterinsights_sitenote_note":"","_monsterinsights_sitenote_category":0},"aioseo_notices":[],"_links":{"self":[{"href":"https:\/\/hekalsoluciones.com\/hekalsoluciones\/wp-json\/wp\/v2\/product\/8110"}],"collection":[{"href":"https:\/\/hekalsoluciones.com\/hekalsoluciones\/wp-json\/wp\/v2\/product"}],"about":[{"href":"https:\/\/hekalsoluciones.com\/hekalsoluciones\/wp-json\/wp\/v2\/types\/product"}],"replies":[{"embeddable":true,"href":"https:\/\/hekalsoluciones.com\/hekalsoluciones\/wp-json\/wp\/v2\/comments?post=8110"}],"wp:featuredmedia":[{"embeddable":true,"href":"https:\/\/hekalsoluciones.com\/hekalsoluciones\/wp-json\/wp\/v2\/media\/8111"}],"wp:attachment":[{"href":"https:\/\/hekalsoluciones.com\/hekalsoluciones\/wp-json\/wp\/v2\/media?parent=8110"}],"curies":[{"name":"wp","href":"https:\/\/api.w.org\/{rel}","templated":true}]}}