{"id":8174,"date":"2022-02-16T19:39:38","date_gmt":"2022-02-16T19:39:38","guid":{"rendered":"https:\/\/hekalsoluciones.com\/hekalsoluciones\/?post_type=product&#038;p=8174"},"modified":"2025-03-03T22:53:18","modified_gmt":"2025-03-03T22:53:18","slug":"adaptador-movil-usb-c-dell-da310","status":"publish","type":"product","link":"https:\/\/hekalsoluciones.com\/hekalsoluciones\/producto\/adaptador-movil-usb-c-dell-da310\/","title":{"rendered":"Adaptador multipuerto USB-C 6 en 1 Dell DA305"},"content":{"rendered":"<table cellspacing=\"0\" cellpadding=\"0\">\n<tbody>\n<tr>\n<td valign=\"top\" width=\"694\">\n<table width=\"100%\">\n<tbody>\n<tr>\n<td class=\"para_small\">\n<section>\n<div class=\"copy-l\">\n<h2>Adaptador 6 en 1 completo con transferencia de alimentaci\u00f3n<\/h2>\n<p><strong>Amplia variedad de puertos:\u00a0<\/strong>cuenta con una amplia variedad de puertos, incluidos 2 puertos USB-A, 1 USB-C, 1 HDMI, 1 DisplayPort y 1 puerto RJ-45. El adaptador m\u00f3vil ofrece una conectividad sin inconvenientes para varios dispositivos, como monitores, proyectores, auriculares, teclado, mouse, unidades flash y otros accesorios.<\/p>\n<p><strong>Puerto USB-C multifunci\u00f3n:\u00a0<\/strong>con un puerto USB-C descendente que admite transferencia de alimentaci\u00f3n, video y datos, puede conectarse a un monitor con una resoluci\u00f3n de hasta 4K a 30 Hz, obtener una transferencia de datos r\u00e1pida y una transferencia de alimentaci\u00f3n de hasta 90 W para su laptop.<\/p>\n<p><strong>Resoluci\u00f3n 4K n\u00edtida a 60 Hz:\u00a0<\/strong>con\u00e9ctese a pantallas de alta resoluci\u00f3n sin comprometer el rendimiento. Simplemente conecte el monitor o el proyector a su PC a trav\u00e9s del puerto DisplayPort o HDMI 2.0 en su adaptador.<\/p>\n<p><strong>Transferencias de datos de alta velocidad:\u00a0<\/strong>dos puertos USB-A y un puerto USB-C, ambos descendentes, le permiten conectarse a otros perif\u00e9ricos compatibles y disfrutar de transferencias de archivos r\u00e1pidas.<\/p>\n<p><a href=\"https:\/\/www.delltechnologies.com\/asset\/en-us\/products\/electronics-and-accessories\/technical-support\/dell-usb-c-multiport-adapter-da305-datasheet.pdf\" target=\"_blank\" rel=\"noopener\">Gu\u00eda del producto del adaptador multipuerto USB-C de Dell: DA305<\/a>\u00a0(en ingl\u00e9s)<\/p>\n<\/div>\n<\/section>\n<section>\n<div class=\"image\"><img src=\"http:\/\/snpi.dell.com\/snp\/images\/products\/large\/adapter_da305_pdp_mod2_l.jpg\" alt=\"Dell 6-in-1 USB-C Multiport Adapter - DA305\" \/><\/div>\n<\/section>\n<section>\n<div class=\"copy\">\n<h2>Dise\u00f1o innovador patentado<\/h2>\n<p><strong>Manejo flexible de cables:\u00a0<\/strong>experimente un manejo de cables \u00fanico con su dise\u00f1o patentado que mantiene los cables ocultos y protegidos cuando no est\u00e1n en uso. Extienda o retraiga f\u00e1cilmente el cable USB-C girando la cubierta superior e inferior del adaptador.<\/p>\n<\/div>\n<\/section>\n<section>\n<div class=\"image-l\"><a class=\"thumbdell\"><img src=\"http:\/\/snpi.dell.com\/snp\/images\/products\/large\/adapter_da305_pdp_mod3_s.jpg\" alt=\"Dell 6-in-1 USB-C Multiport Adapter - DA305\" \/><\/a><\/div>\n<div class=\"copy-r\">\n<h2>Con\u00e9ctese desde cualquier lugar<\/h2>\n<p><strong>Liviano y port\u00e1til:\u00a0<\/strong>el adaptador 6 en 1, el m\u00e1s peque\u00f1o y compacto, tiene apenas el tama\u00f1o de su palma, no ocupa mucho espacio y se adapta f\u00e1cilmente a su bolsillo o bolso.<\/p>\n<p><strong>Conexi\u00f3n estable:\u00a0<\/strong>el cable coaxial redondo ofrece una calidad de se\u00f1al mejorada para una conectividad estable dondequiera que lo lleve su agitado d\u00eda.<\/p>\n<\/div>\n<\/section>\n<section>\n<div class=\"image-r\"><a class=\"thumbdell\"><img src=\"http:\/\/snpi.dell.com\/snp\/images\/products\/large\/adapter_da305_pdp_mod4_s.jpg\" alt=\"Dell 6-in-1 USB-C Multiport Adapter - DA305\" \/><\/a><\/div>\n<div class=\"copy-l\">\n<h2>Altamente confiable<\/h2>\n<p><strong>Mant\u00e9ngase productivo:\u00a0<\/strong>la caracter\u00edstica Fast Role Swap compatible con el adaptador multipuerto garantiza que la conexi\u00f3n de video e Internet sea ininterrumpida, incluso si la fuente de alimentaci\u00f3n USB-C se retira del adaptador.<\/p>\n<p><strong>Ampliamente compatible:\u00a0<\/strong>compatible con una amplia variedad de sistemas operativos principales, que incluyen Windows 10 de 64 bits, MAC, Ubuntu, Chrome y RHEL, el adaptador ofrece conectividad sin inconvenientes con casi cualquier PC.<\/p>\n<p><strong>Reduzca el tiempo de inactividad:\u00a0<\/strong>con el servicio Advanced Exchange por 3 a\u00f1os de primer nivel de Dell.<\/p>\n<\/div>\n<\/section>\n<section>\n<div class=\"image\"><img src=\"http:\/\/snpi.dell.com\/snp\/images\/products\/large\/adapter_da305_pdp_mod5_l.jpg\" alt=\"Dell 6-in-1 USB-C Multiport Adapter - DA305\" \/><\/div>\n<\/section>\n<section>\n<div class=\"copy\">\n<h2>Puertos y ranuras<\/h2>\n<p>1. USB-A 3.1 Gen2<br \/>\n2. USB-A 3.1 Gen2<br \/>\n3. USB-C<br \/>\n4. RJ-45<br \/>\n5. HDMI 2.0<br \/>\n6. DisplayPort<\/p>\n<\/div>\n<\/section>\n<\/td>\n<\/tr>\n<\/tbody>\n<\/table>\n<\/td>\n<\/tr>\n<tr>\n<td><img loading=\"lazy\" src=\"https:\/\/si.cdn.dell.com\/images\/global\/general\/spacer.gif\" alt=\"\" width=\"1\" height=\"4\" \/><\/td>\n<\/tr>\n<tr>\n<td><img loading=\"lazy\" src=\"https:\/\/si.cdn.dell.com\/images\/global\/general\/spacer.gif\" alt=\"\" width=\"1\" height=\"4\" \/><\/td>\n<\/tr>\n<tr>\n<td valign=\"top\" width=\"694\">\n<div>Descripci\u00f3n<\/div>\n<p><a name=\"Overview\"><\/a><\/p>\n<table>\n<tbody>\n<tr>\n<td class=\"para_small\">Con una amplia variedad de puertos disponibles, el adaptador multipuerto USB-C de Dell es el adaptador multipuerto 6 en 1 m\u00e1s peque\u00f1o y liviano. DA305 ofrece video, red, conectividad de datos y transferencia de alimentaci\u00f3n de hasta 90 W para su laptop.<\/p>\n<p># de parte del Fabricante : 5H1R0<br \/>\n# de parte Dell : 470-AFJI<\/td>\n<\/tr>\n<tr>\n<td class=\"para_small\"><b>Compatibilidad<\/b><\/p>\n<div class=\"para\">Este producto es compatible con los siguientes sistemas:<\/div>\n<div>\n<table>\n<tbody>\n<tr>\n<td>\n<div class=\"point_small\">Vostro 13 5000 (5320)<\/div>\n<\/td>\n<\/tr>\n<\/tbody>\n<\/table>\n<\/div>\n<\/td>\n<\/tr>\n<\/tbody>\n<\/table>\n<\/td>\n<\/tr>\n<\/tbody>\n<\/table>\n","protected":false},"excerpt":{"rendered":"<table cellspacing=\"0\" cellpadding=\"0\">\n<tbody>\n<tr>\n<td class=\"extend_spec_header\">\n<div class=\"para\">Tipo de producto<\/div>\n<\/td>\n<td class=\"extend_spec_body\">\n<div class=\"para\">Adaptador multipuerto<\/div>\n<\/td>\n<\/tr>\n<tr>\n<td class=\"extend_spec_sep\" colspan=\"2\"><img loading=\"lazy\" src=\"https:\/\/si.cdn.dell.com\/images\/global\/general\/spacer.gif\" alt=\"\" width=\"1\" height=\"1\" border=\"0\" \/><\/td>\n<\/tr>\n<tr>\n<td class=\"extend_spec_header\">\n<div class=\"para\">Interfaz de acoplamiento<\/div>\n<\/td>\n<td class=\"extend_spec_body\">\n<div class=\"para\">USB-C<\/div>\n<\/td>\n<\/tr>\n<tr>\n<td class=\"extend_spec_sep\" colspan=\"2\"><img loading=\"lazy\" src=\"https:\/\/si.cdn.dell.com\/images\/global\/general\/spacer.gif\" alt=\"\" width=\"1\" height=\"1\" border=\"0\" \/><\/td>\n<\/tr>\n<tr>\n<td class=\"extend_spec_header\">\n<div class=\"para\">Interfaces de v\u00eddeo<\/div>\n<\/td>\n<td class=\"extend_spec_body\">\n<div class=\"para\">HDMI, DP, USB-C<\/div>\n<\/td>\n<\/tr>\n<tr>\n<td class=\"extend_spec_sep\" colspan=\"2\"><img loading=\"lazy\" src=\"https:\/\/si.cdn.dell.com\/images\/global\/general\/spacer.gif\" alt=\"\" width=\"1\" height=\"1\" border=\"0\" \/><\/td>\n<\/tr>\n<tr>\n<td class=\"extend_spec_header\">\n<div class=\"para\">Dimensiones (Ancho x Profundidad x Altura)<\/div>\n<\/td>\n<td class=\"extend_spec_body\">\n<div class=\"para\">6.98 cm x 6.98 cm x 2.45 cm<\/div>\n<\/td>\n<\/tr>\n<tr>\n<td class=\"extend_spec_sep\" colspan=\"2\"><img loading=\"lazy\" src=\"https:\/\/si.cdn.dell.com\/images\/global\/general\/spacer.gif\" alt=\"\" width=\"1\" height=\"1\" border=\"0\" \/><\/td>\n<\/tr>\n<tr>\n<td class=\"extend_spec_header\">\n<div class=\"para\">Peso<\/div>\n<\/td>\n<td class=\"extend_spec_body\">\n<div class=\"para\">83.9 g<\/div>\n<\/td>\n<\/tr>\n<tr>\n<td class=\"extend_spec_sep\" colspan=\"2\"><img loading=\"lazy\" src=\"https:\/\/si.cdn.dell.com\/images\/global\/general\/spacer.gif\" alt=\"\" width=\"1\" height=\"1\" border=\"0\" \/><\/td>\n<\/tr>\n<tr>\n<td class=\"extend_spec_header\">\n<div class=\"para\">Conexi\u00f3n de redes<\/div>\n<\/td>\n<td class=\"extend_spec_body\">\n<div class=\"para\">Gigabit Ethernet<\/div>\n<\/td>\n<\/tr>\n<tr>\n<td class=\"extend_spec_sep\" colspan=\"2\"><img loading=\"lazy\" src=\"https:\/\/si.cdn.dell.com\/images\/global\/general\/spacer.gif\" alt=\"\" width=\"1\" height=\"1\" border=\"0\" \/><\/td>\n<\/tr>\n<tr>\n<td class=\"extend_spec_header\">\n<div class=\"para\">Garant\u00eda del fabricante<\/div>\n<\/td>\n<td class=\"extend_spec_body\">\n<div class=\"para\">1 a\u00f1o de garant\u00eda<\/div>\n<\/td>\n<\/tr>\n<tr>\n<td class=\"extend_spec_sep\" colspan=\"2\"><img loading=\"lazy\" src=\"https:\/\/si.cdn.dell.com\/images\/global\/general\/spacer.gif\" alt=\"\" width=\"1\" height=\"1\" border=\"0\" \/><\/td>\n<\/tr>\n<tr>\n<td class=\"extend_spec_header\">\n<div class=\"para\">Dise\u00f1ado para<\/div>\n<\/td>\n<td class=\"extend_spec_body\">\n<div class=\"para\">Alienware x14 R1; G15; Inspiron 13 53XX, 14 54XX, 14 7420, 5402, 5406 2-in-1, 5502, 7415 2-in-1, 7506 2-in-1; Latitude 33XX, 3420, 3520, 5421, 7320, 7410 2-in-1, 7420, 7520, 9420 2-in-1, 9520 2-in-1; Precision 7560, 77XX; Vostro 13 5310, 14 5410, 5301, 5402, 5502, 5620, 7620; XPS 13 93XX, 15 95XX<\/div>\n<\/td>\n<\/tr>\n<\/tbody>\n<\/table>\n<p><b><img loading=\"lazy\" class=\"aligncenter wp-image-10280\" src=\"https:\/\/hekalsoluciones.com\/hekalsoluciones\/wp-content\/uploads\/2024\/06\/ENVIO-GRATIS.png\" alt=\"\" width=\"535\" height=\"209\" srcset=\"https:\/\/hekalsoluciones.com\/hekalsoluciones\/wp-content\/uploads\/2024\/06\/ENVIO-GRATIS.png 1280w, https:\/\/hekalsoluciones.com\/hekalsoluciones\/wp-content\/uploads\/2024\/06\/ENVIO-GRATIS-300x117.png 300w, https:\/\/hekalsoluciones.com\/hekalsoluciones\/wp-content\/uploads\/2024\/06\/ENVIO-GRATIS-1024x400.png 1024w, https:\/\/hekalsoluciones.com\/hekalsoluciones\/wp-content\/uploads\/2024\/06\/ENVIO-GRATIS-768x300.png 768w\" sizes=\"(max-width: 535px) 100vw, 535px\" \/><\/b><\/p>\n","protected":false},"featured_media":9440,"comment_status":"open","ping_status":"closed","template":"","meta":{"_monsterinsights_skip_tracking":false,"_monsterinsights_sitenote_active":false,"_monsterinsights_sitenote_note":"","_monsterinsights_sitenote_category":0},"aioseo_notices":[],"_links":{"self":[{"href":"https:\/\/hekalsoluciones.com\/hekalsoluciones\/wp-json\/wp\/v2\/product\/8174"}],"collection":[{"href":"https:\/\/hekalsoluciones.com\/hekalsoluciones\/wp-json\/wp\/v2\/product"}],"about":[{"href":"https:\/\/hekalsoluciones.com\/hekalsoluciones\/wp-json\/wp\/v2\/types\/product"}],"replies":[{"embeddable":true,"href":"https:\/\/hekalsoluciones.com\/hekalsoluciones\/wp-json\/wp\/v2\/comments?post=8174"}],"wp:featuredmedia":[{"embeddable":true,"href":"https:\/\/hekalsoluciones.com\/hekalsoluciones\/wp-json\/wp\/v2\/media\/9440"}],"wp:attachment":[{"href":"https:\/\/hekalsoluciones.com\/hekalsoluciones\/wp-json\/wp\/v2\/media?parent=8174"}],"curies":[{"name":"wp","href":"https:\/\/api.w.org\/{rel}","templated":true}]}}