{"id":8182,"date":"2022-02-16T19:52:20","date_gmt":"2022-02-16T19:52:20","guid":{"rendered":"https:\/\/hekalsoluciones.com\/hekalsoluciones\/?post_type=product&#038;p=8182"},"modified":"2024-06-20T17:02:06","modified_gmt":"2024-06-20T17:02:06","slug":"seguro-para-portatil-candado-con-combinacion-de-4-digitos-para-portatil-guaya-de-18-metros","status":"publish","type":"product","link":"https:\/\/hekalsoluciones.com\/hekalsoluciones\/producto\/seguro-para-portatil-candado-con-combinacion-de-4-digitos-para-portatil-guaya-de-18-metros\/","title":{"rendered":"Seguro para Port\u00e1til \u2013 Candado con Combinaci\u00f3n de 4 D\u00edgitos para Port\u00e1til \u2013 Guaya de 1,8 Metros"},"content":{"rendered":"<p>El candado del computador port\u00e1til constituye una forma sencilla y eficaz de mantener asegurado su computador port\u00e1til a un objeto resistente, a salvo de robos. El candado de combinaci\u00f3n de 4 d\u00edgitos le garantiza que su computador port\u00e1til y sus valiosos datos estar\u00e1n a salvo y protegidos.<\/p>\n<p><img src=\"http:\/\/sgcdn.startech.com\/005329\/media\/ProductPhotos\/LTLOCK.2.jpg\" alt=\"Este candado que se abre mediante una combinaci\u00f3n, sin llave, protege su computador port\u00e1til contra robos\" border=\"0\" \/><\/p>\n<h3>M\u00e1xima seguridad<\/h3>\n<p>Puede tener la certeza de que su computador port\u00e1til, monitor, replicador de puertos u otro dispositivo electr\u00f3nico estar\u00e1 a salvo, asegurado a un objeto de su espacio de trabajo, mediante este candado de combinaci\u00f3n de 4 d\u00edgitos. Se ancla directamente y sin esfuerzo a cualquier computador port\u00e1til u otro dispositivo equipado con una ranura est\u00e1ndar Kensington\u00ae (ranura K) para candado de seguridad, lo cual ofrece protecci\u00f3n antirrobo en una amplia gama de entornos, como tiendas mayoristas, centros comerciales o instituciones.<\/p>\n<h3>Resistente y duradero<\/h3>\n<p>Con el cable de acero revestido de vinilo (6mm de di\u00e1metro), este candado para computador port\u00e1til est\u00e1 dise\u00f1ado para una eficaz prevenci\u00f3n de robos.<\/p>\n<h3>Se pliega f\u00e1cilmente<\/h3>\n<p>Este flexible cable con revestimiento de vinilo se pliega f\u00e1cilmente para enrollarse alrededor de un m\u00e1stil u objeto, a fin de proteger su computador port\u00e1til o replicador de puertos contra robos.<\/p>\n<p>El candado LTLOCK cumple con TAA, que est\u00e1 avalado por la garant\u00eda de 2 a\u00f1os de StarTech.com y con soporte t\u00e9cnico gratuito de por vida.<\/p>\n","protected":false},"excerpt":{"rendered":"<ul>\n<li>El candado de apertura mediante combinaci\u00f3n y el cable de 1,8 metros protegen su computador port\u00e1til contra robos<\/li>\n<li>Funciona con computadores port\u00e1tiles, monitores, impresoras, replicadores de puertos y otros dispositivos con un conector de seguridad Kensington K-slot integrado<\/li>\n<li>Cable flexible y f\u00e1cil de doblar para enroscar alrededor de un poste u objeto fijos<\/li>\n<li>Mantenga seguro su computador port\u00e1til sin necesidad de una llave<\/li>\n<li>Candado de f\u00e1cil uso, con combinaci\u00f3n reconfigurable (4 d\u00edgitos)<\/li>\n<li>El acero con revestimiento de vinilo (6mm de di\u00e1metro) garantiza la resistencia y durabilidad del cable<b><img loading=\"lazy\" class=\"aligncenter wp-image-10280\" src=\"https:\/\/hekalsoluciones.com\/hekalsoluciones\/wp-content\/uploads\/2024\/06\/ENVIO-GRATIS.png\" alt=\"\" width=\"535\" height=\"209\" srcset=\"https:\/\/hekalsoluciones.com\/hekalsoluciones\/wp-content\/uploads\/2024\/06\/ENVIO-GRATIS.png 1280w, https:\/\/hekalsoluciones.com\/hekalsoluciones\/wp-content\/uploads\/2024\/06\/ENVIO-GRATIS-300x117.png 300w, https:\/\/hekalsoluciones.com\/hekalsoluciones\/wp-content\/uploads\/2024\/06\/ENVIO-GRATIS-1024x400.png 1024w, https:\/\/hekalsoluciones.com\/hekalsoluciones\/wp-content\/uploads\/2024\/06\/ENVIO-GRATIS-768x300.png 768w\" sizes=\"(max-width: 535px) 100vw, 535px\" \/><\/b><\/li>\n<\/ul>\n","protected":false},"featured_media":8186,"comment_status":"open","ping_status":"closed","template":"","meta":{"_monsterinsights_skip_tracking":false,"_monsterinsights_sitenote_active":false,"_monsterinsights_sitenote_note":"","_monsterinsights_sitenote_category":0},"aioseo_notices":[],"_links":{"self":[{"href":"https:\/\/hekalsoluciones.com\/hekalsoluciones\/wp-json\/wp\/v2\/product\/8182"}],"collection":[{"href":"https:\/\/hekalsoluciones.com\/hekalsoluciones\/wp-json\/wp\/v2\/product"}],"about":[{"href":"https:\/\/hekalsoluciones.com\/hekalsoluciones\/wp-json\/wp\/v2\/types\/product"}],"replies":[{"embeddable":true,"href":"https:\/\/hekalsoluciones.com\/hekalsoluciones\/wp-json\/wp\/v2\/comments?post=8182"}],"wp:featuredmedia":[{"embeddable":true,"href":"https:\/\/hekalsoluciones.com\/hekalsoluciones\/wp-json\/wp\/v2\/media\/8186"}],"wp:attachment":[{"href":"https:\/\/hekalsoluciones.com\/hekalsoluciones\/wp-json\/wp\/v2\/media?parent=8182"}],"curies":[{"name":"wp","href":"https:\/\/api.w.org\/{rel}","templated":true}]}}