{"id":8261,"date":"2022-02-23T21:06:20","date_gmt":"2022-02-23T21:06:20","guid":{"rendered":"https:\/\/hekalsoluciones.com\/hekalsoluciones\/?post_type=product&#038;p=8261"},"modified":"2024-09-04T20:07:12","modified_gmt":"2024-09-04T20:07:12","slug":"monitor-dell-full-hd-20-base-ajustable-negro","status":"publish","type":"product","link":"https:\/\/hekalsoluciones.com\/hekalsoluciones\/producto\/monitor-dell-full-hd-20-base-ajustable-negro\/","title":{"rendered":"Monitor Dell Full HD 20&#8243;, Base Ajustable, Negro"},"content":{"rendered":"<table border=\"0\" width=\"100%\" cellspacing=\"0\" cellpadding=\"0\">\n<tbody>\n<tr>\n<td valign=\"top\"><span class=\"para\">\u00a0<\/span><\/td>\n<\/tr>\n<\/tbody>\n<\/table>\n<table border=\"0\" width=\"100%\" cellspacing=\"0\" cellpadding=\"0\">\n<tbody>\n<tr>\n<td valign=\"top\"><span class=\"para\"><img title=\"Monitor Dell\u00a020: P2018H | Dise\u00f1ado espec\u00edficamente para su comodidad y conveniencia.\" src=\"https:\/\/i.dell.com\/images\/global\/products\/monitors\/monitors_highlights\/dell-p2018h-monitor-overview-1.jpg\" alt=\"Monitor Dell\u00a020: P2018H | Dise\u00f1ado espec\u00edficamente para su comodidad y conveniencia.\" border=\"0\" \/><\/span><\/td>\n<\/tr>\n<\/tbody>\n<\/table>\n<p>&nbsp;<\/p>\n<table border=\"0\" width=\"100%\" cellspacing=\"0\" cellpadding=\"0\">\n<tbody>\n<tr>\n<td valign=\"top\">\n<div class=\"para_intropara\">\n<h3 class=\"para_intropara h3para_intropara\">Dise\u00f1ado espec\u00edficamente para su comodidad y conveniencia.<\/h3>\n<\/div>\n<p>&nbsp;<\/p>\n<p><span class=\"para\">Ajuste f\u00e1cilmente el monitor al \u00e1ngulo, la altura y la posici\u00f3n deseados, de modo que pueda disfrutar de im\u00e1genes extraordinarias en varios monitores sin inconvenientes.<br \/>\n<\/span><\/p>\n<table>\n<tbody>\n<tr>\n<td>\n<ul class=\"point_normal\">\n<li class=\"point_normal\"><b>Un flujo de trabajo m\u00e1s perfecto:<\/b>\u00a0los bordes delgados crean una experiencia visual m\u00e1s fluida y menos dif\u00edcil cuando se trabaja en varios monitores.<\/li>\n<li class=\"point_normal\"><b>Versatilidad en la que puede confiar:<\/b>\u00a0disfrute de la completa capacidad de ajuste gracias al movimiento pivotante, la inclinaci\u00f3n, el ajuste de la altura y la capacidad de girar el monitor a sus preferencias exactas.<\/li>\n<li class=\"point_normal\"><b>M\u00e1s formas de mantenerse conectado:<\/b>\u00a0varios puertos de conectividad en la parte inferior y lateral del monitor le permiten conectarse con facilidad a diversos dispositivos.<\/li>\n<\/ul>\n<\/td>\n<\/tr>\n<\/tbody>\n<\/table>\n<\/td>\n<\/tr>\n<\/tbody>\n<\/table>\n<p>&nbsp;<\/p>\n<table border=\"0\" width=\"100%\" cellspacing=\"0\" cellpadding=\"0\">\n<tbody>\n<tr>\n<td valign=\"top\"><span class=\"para\"><img title=\"Monitor Dell\u00a020: P2018H | Experiencia de visualizaci\u00f3n mejorada\" src=\"https:\/\/i.dell.com\/images\/global\/products\/monitors\/monitors_highlights\/dell-p2018h-monitor-overview-2.jpg\" alt=\"Monitor Dell\u00a020: P2018H | Experiencia de visualizaci\u00f3n mejorada\" border=\"0\" \/><\/span><\/td>\n<td width=\"10\"><img loading=\"lazy\" src=\"https:\/\/i.dell.com\/images\/global\/general\/spacer.gif\" alt=\"\" width=\"10\" height=\"1\" border=\"0\" \/><\/td>\n<td valign=\"top\">\n<div class=\"para_intropara\">\n<h3 class=\"para_intropara h3para_intropara\">Experiencia de visualizaci\u00f3n mejorada<\/h3>\n<\/div>\n<p>&nbsp;<\/p>\n<p><span class=\"para\">El\u00a0<b>monitor Dell\u00a020\u00a0<\/b>es perfecto para los profesionales que trabajan largas horas y dependen de un monitor que muestre im\u00e1genes asombrosas sin provocar fatiga ocular.<br \/>\n<\/span><\/p>\n<table>\n<tbody>\n<tr>\n<td>\n<ul class=\"point_normal\">\n<li class=\"point_normal\"><b>Rendimiento de la pantalla:<\/b>\u00a0vea las aplicaciones, las hojas de c\u00e1lculo y mucho m\u00e1s en un monitor de 19,5\u00a0pulgadas con una relaci\u00f3n de contraste de 1000:1, 16,7\u00a0millones de colores y claridad HD de 1600 x 900.<\/li>\n<li class=\"point_normal\"><b>Trabaje con comodidad:<\/b>\u00a0la pantalla sin parpadeos<a class=\"technote_link\" rel=\"\/Content\/public\/glossary.aspx?c=co&amp;s=corp&amp;l=es&amp;cs=&amp;~tnmode=html&amp;i=u2518d_technote_4\"><sup>1<\/sup><\/a>\u00a0con certificaci\u00f3n TUV y ComfortView, una caracter\u00edstica que ayuda a reducir las da\u00f1inas emisiones de luz azul, optimiza la comodidad visual.<\/li>\n<li class=\"point_normal\"><b>Modo autom\u00e1tico y PowerNap:<\/b>\u00a0la configuraci\u00f3n de color de las aplicaciones ahora se puede personalizar y permite valores predefinidos. Y con PowerNap, se preocupar\u00e1 menos de desperdiciar energ\u00eda cuando est\u00e9 lejos de la computadora.<\/li>\n<\/ul>\n<\/td>\n<\/tr>\n<\/tbody>\n<\/table>\n<\/td>\n<\/tr>\n<\/tbody>\n<\/table>\n<p>&nbsp;<\/p>\n<table border=\"0\" width=\"100%\" cellspacing=\"0\" cellpadding=\"0\">\n<tbody>\n<tr>\n<td valign=\"top\"><span class=\"para\"><img title=\"Monitor Dell\u00a020: P2018H | Opciones de conectividad\" src=\"https:\/\/i.dell.com\/images\/global\/products\/monitors\/monitors_highlights\/dell-p2018h-monitor-overview-c.jpg\" alt=\"Monitor Dell\u00a020: P2018H | Opciones de conectividad\" border=\"0\" \/><\/span><\/td>\n<\/tr>\n<\/tbody>\n<\/table>\n<p>&nbsp;<\/p>\n<table border=\"0\" width=\"100%\" cellspacing=\"0\" cellpadding=\"0\">\n<tbody>\n<tr>\n<td valign=\"top\">\n<div class=\"para_intropara\">\n<h3 class=\"para_intropara h3para_intropara\">Opciones de conectividad<\/h3>\n<\/div>\n<p>&nbsp;<\/p>\n<p><span class=\"para\"><br \/>\n<b>Puertos y ranuras:<\/b><\/span><\/p>\n<p>1. Puerto de alimentaci\u00f3n | 2. Puerto HDMI | 3. Puerto DP | 4. Puerto VGA | 5. Conector USB (2\u00a0de bajada, 1\u00a0de subida) | 6. Bloqueo de base<\/p>\n<p><b>Cables incluidos:<\/b><\/p>\n<p>1. Cable de alimentaci\u00f3n | 2. Cable VGA | 3. Cable DP | 4. Cable USB\u00a03.0 de subida<\/p>\n<p>&nbsp;<\/td>\n<\/tr>\n<\/tbody>\n<\/table>\n<table border=\"0\" width=\"100%\" cellspacing=\"0\" cellpadding=\"0\">\n<tbody>\n<tr>\n<td valign=\"top\">\n<div class=\"para_intropara\">\n<h3 class=\"para_intropara h3para_intropara\">Confiabilidad y responsabilidad<\/h3>\n<\/div>\n<p>&nbsp;<\/p>\n<p><span class=\"para\">Nuestros productos se dise\u00f1aron con cuidado y precisi\u00f3n, por lo que podemos garantizar el soporte y la tranquilidad.<\/span><\/td>\n<\/tr>\n<\/tbody>\n<\/table>\n<p>&nbsp;<\/p>\n<table border=\"0\" width=\"100%\" cellspacing=\"0\" cellpadding=\"0\">\n<tbody>\n<tr>\n<td valign=\"top\"><span class=\"para\"><img title=\"Monitor Dell\u00a020: P2018H | Una marca en la que puede confiar \" src=\"https:\/\/i.dell.com\/images\/global\/products\/monitors\/monitors_highlights\/dell-p2018h-monitor-overview-3a.jpg\" alt=\"Monitor Dell\u00a020: P2018H | Una marca en la que puede confiar \" border=\"0\" \/><\/span><\/td>\n<td width=\"10\"><img loading=\"lazy\" src=\"https:\/\/i.dell.com\/images\/global\/general\/spacer.gif\" alt=\"\" width=\"10\" height=\"1\" border=\"0\" \/><\/td>\n<td valign=\"top\">\n<p class=\"para\"><b>Una marca en la que puede confiar<\/b><br \/>\nComo la principal marca de monitores del mundo por 4\u00a0a\u00f1os consecutivos (2013 a 2016)<a class=\"technote_link\" rel=\"\/Content\/public\/glossary.aspx?c=co&amp;s=corp&amp;l=es&amp;cs=&amp;~tnmode=html&amp;i=source_idc_worldwide_4q16\"><sup>2<\/sup><\/a>, estamos orgullosos de nuestro compromiso inquebrantable con la calidad y la satisfacci\u00f3n m\u00e1xima de nuestros clientes.<\/p>\n<\/td>\n<\/tr>\n<\/tbody>\n<\/table>\n<table border=\"0\" width=\"100%\" cellspacing=\"0\" cellpadding=\"0\">\n<tbody>\n<tr>\n<td valign=\"top\"><span class=\"para\"><img title=\"Monitor Dell\u00a020: P2018H | Garant\u00eda de primera calidad para el panel\" src=\"https:\/\/i.dell.com\/images\/global\/products\/monitors\/monitors_highlights\/dell-p2018h-monitor-overview-3b.jpg\" alt=\"Monitor Dell\u00a020: P2018H | Garant\u00eda de primera calidad para el panel\" border=\"0\" \/><\/span><\/td>\n<td width=\"10\"><img loading=\"lazy\" src=\"https:\/\/i.dell.com\/images\/global\/general\/spacer.gif\" alt=\"\" width=\"10\" height=\"1\" border=\"0\" \/><\/td>\n<td valign=\"top\">\n<p class=\"para\"><b>Garant\u00eda de panel de primera calidad<\/b><br \/>\nLa Garant\u00eda de panel de primera calidad de Dell permite el reemplazo gratuito del panel durante el per\u00edodo de la garant\u00eda limitada de\u00a0<a class=\"technote_link\" rel=\"\/Content\/public\/glossary.aspx?c=co&amp;s=corp&amp;l=es&amp;cs=&amp;~tnmode=html&amp;i=warranty_new\"><sup>3<\/sup><\/a>\u00a0hardware, aunque encuentre solo un p\u00edxel brillante.<\/p>\n<\/td>\n<\/tr>\n<\/tbody>\n<\/table>\n<table border=\"0\" width=\"100%\" cellspacing=\"0\" cellpadding=\"0\">\n<tbody>\n<tr>\n<td valign=\"top\"><span class=\"para\"><img title=\"Monitor Dell\u00a020: P2018H | Servicio de intercambio\u00a0anticipado\" src=\"https:\/\/i.dell.com\/images\/global\/products\/monitors\/monitors_highlights\/dell-p2018h-monitor-overview-3c.jpg\" alt=\"Monitor Dell\u00a020: P2018H | Servicio de intercambio\u00a0anticipado\" border=\"0\" \/><\/span><\/td>\n<td width=\"10\"><img loading=\"lazy\" src=\"https:\/\/i.dell.com\/images\/global\/general\/spacer.gif\" alt=\"\" width=\"10\" height=\"1\" border=\"0\" \/><\/td>\n<td valign=\"top\">\n<p class=\"para\"><b>Servicio de intercambio\u00a0 anticipado<\/b><br \/>\nEl monitor Dell incluye un servicio de intercambio anticipado de\u00a0 3\u00a0a\u00f1os<a class=\"technote_link\" rel=\"\/Content\/public\/glossary.aspx?c=co&amp;s=corp&amp;l=es&amp;cs=&amp;~tnmode=html&amp;i=adv_exchng_e2314h\"><sup>4<\/sup><\/a>, de modo que, si es necesario, se enviar\u00e1 un monitor de reemplazo al siguiente d\u00eda laborable dentro de la garant\u00eda limitada de hardware de 3\u00a0a\u00f1os.<a class=\"technote_link\" rel=\"\/Content\/public\/glossary.aspx?c=co&amp;s=corp&amp;l=es&amp;cs=&amp;~tnmode=html&amp;i=warranty_new\"><sup>3<\/sup><\/a><\/p>\n<\/td>\n<\/tr>\n<\/tbody>\n<\/table>\n<table border=\"0\" width=\"100%\" cellspacing=\"0\" cellpadding=\"0\">\n<tbody>\n<tr>\n<td valign=\"top\"><span class=\"para\"><img title=\"Monitor Dell\u00a020:P2018H | Confiabilidad y responsabilidad\" src=\"https:\/\/i.dell.com\/images\/global\/products\/monitors\/monitors_highlights\/dell-p2018h-monitor-overview-3d.jpg\" alt=\"Monitor Dell\u00a020:P2018H | Confiabilidad y responsabilidad\" border=\"0\" \/><\/span><\/td>\n<td width=\"10\"><img loading=\"lazy\" src=\"https:\/\/i.dell.com\/images\/global\/general\/spacer.gif\" alt=\"\" width=\"10\" height=\"1\" border=\"0\" \/><\/td>\n<td valign=\"top\">\n<p class=\"para\"><b>Confiable y ecol\u00f3gico<\/b><br \/>\nNuestro dise\u00f1o ecol\u00f3gico cumple con los \u00faltimos est\u00e1ndares reglamentarios y medioambientales, como ENERGY STAR, pantallas con certificaci\u00f3n TCO, CEL, CECP.<\/p>\n<\/td>\n<\/tr>\n<\/tbody>\n<\/table>\n","protected":false},"excerpt":{"rendered":"<ul>\n<li>Monitor Dell 19.5\u00bb<\/li>\n<li>\u00a0PUERTOS USB 3.0 NO IPS<\/li>\n<li>Panel IPS, Brillo 250 cd\/m\u00b2, Resoluci\u00f3n HD 1600 x 900 at 60 Hz<\/li>\n<li>Relaci\u00f3n de Aspecto 16:9, Relaci\u00f3n de Contraste 1000:1<\/li>\n<li>Colores soportados 16.7 Millones<\/li>\n<li>Angulo de Vision (160\u00b0 Vertical \/\u00a0 170\u00b0 Horizontal)<\/li>\n<li>Ajustes de Posici\u00f3n (Altura, Pivote (Rotaci\u00f3n), Giro e Inclinaci\u00f3n)<\/li>\n<li>Garant\u00eda 1 A\u00f1o en Centro de Servicio<b><img loading=\"lazy\" class=\"aligncenter wp-image-10280\" src=\"https:\/\/hekalsoluciones.com\/hekalsoluciones\/wp-content\/uploads\/2024\/06\/ENVIO-GRATIS.png\" alt=\"\" width=\"535\" height=\"209\" srcset=\"https:\/\/hekalsoluciones.com\/hekalsoluciones\/wp-content\/uploads\/2024\/06\/ENVIO-GRATIS.png 1280w, https:\/\/hekalsoluciones.com\/hekalsoluciones\/wp-content\/uploads\/2024\/06\/ENVIO-GRATIS-300x117.png 300w, https:\/\/hekalsoluciones.com\/hekalsoluciones\/wp-content\/uploads\/2024\/06\/ENVIO-GRATIS-1024x400.png 1024w, https:\/\/hekalsoluciones.com\/hekalsoluciones\/wp-content\/uploads\/2024\/06\/ENVIO-GRATIS-768x300.png 768w\" sizes=\"(max-width: 535px) 100vw, 535px\" \/><\/b><\/li>\n<\/ul>\n","protected":false},"featured_media":9428,"comment_status":"open","ping_status":"closed","template":"","meta":{"_monsterinsights_skip_tracking":false,"_monsterinsights_sitenote_active":false,"_monsterinsights_sitenote_note":"","_monsterinsights_sitenote_category":0},"aioseo_notices":[],"_links":{"self":[{"href":"https:\/\/hekalsoluciones.com\/hekalsoluciones\/wp-json\/wp\/v2\/product\/8261"}],"collection":[{"href":"https:\/\/hekalsoluciones.com\/hekalsoluciones\/wp-json\/wp\/v2\/product"}],"about":[{"href":"https:\/\/hekalsoluciones.com\/hekalsoluciones\/wp-json\/wp\/v2\/types\/product"}],"replies":[{"embeddable":true,"href":"https:\/\/hekalsoluciones.com\/hekalsoluciones\/wp-json\/wp\/v2\/comments?post=8261"}],"wp:featuredmedia":[{"embeddable":true,"href":"https:\/\/hekalsoluciones.com\/hekalsoluciones\/wp-json\/wp\/v2\/media\/9428"}],"wp:attachment":[{"href":"https:\/\/hekalsoluciones.com\/hekalsoluciones\/wp-json\/wp\/v2\/media?parent=8261"}],"curies":[{"name":"wp","href":"https:\/\/api.w.org\/{rel}","templated":true}]}}