{"id":8472,"date":"2022-12-12T15:38:10","date_gmt":"2022-12-12T15:38:10","guid":{"rendered":"https:\/\/hekalsoluciones.com\/hekalsoluciones\/?post_type=product&#038;p=8472"},"modified":"2026-05-06T10:39:29","modified_gmt":"2026-05-06T10:39:29","slug":"combo-teclado-y-mouse-inalambrico-logitech-mk270-920-004432","status":"publish","type":"product","link":"https:\/\/hekalsoluciones.com\/hekalsoluciones\/producto\/combo-teclado-y-mouse-inalambrico-logitech-mk270-920-004432\/","title":{"rendered":"Combo LOGITECH Teclado + Mouse MK270 Negro"},"content":{"rendered":"<p>Combinaci\u00f3n inal\u00e1mbrica favorita. La combinaci\u00f3n inal\u00e1mbrica MK270 combina la conveniencia y el confort de un teclado de tama\u00f1o normal con un compacto mouse contorneado. Con teclas multimedia, teclado num\u00e9rico y preciso control del cursor. Y la tecnolog\u00eda inal\u00e1mbrica sin demoras facilita los preparativos y ahorra espacio en la mesa.<\/p>\n<div class=\"shopcommerce-product-attributes\">\n<h4>Especificaciones<\/h4>\n<ul class=\"product-specs\">\n<li><strong>CONDICI\u00d3N:<\/strong> NUEVO<\/li>\n<li><strong>COLOR:<\/strong> NEGRO<\/li>\n<li><strong>MARCA:<\/strong> LOGITECH<\/li>\n<li><strong>MODELO:<\/strong> N\/A<\/li>\n<li><strong>FUENTE DEL PRODUCTO:<\/strong> N\/A<\/li>\n<li><strong>ES KIT:<\/strong> SI<\/li>\n<li><strong>UNIDADES DE DIMENSI\u00d3N:<\/strong> MM<\/li>\n<li><strong>CON USB:<\/strong> SI<\/li>\n<li><strong>ES GAMER:<\/strong> NO<\/li>\n<li><strong>ES INAL\u00c1MBRICO:<\/strong> SI<\/li>\n<li><strong>ES RECARGABLE:<\/strong> NO<\/li>\n<li><strong>RESOLUCI\u00d3N DEL SENSOR DEL MOUSE\u00a0DPI:<\/strong> optico uniforme<\/li>\n<li><strong>RESOLUCI\u00d3N DEL SENSOR DEL MOUSE\u00a0PPI:<\/strong> <em>N\/A<\/em><\/li>\n<li><strong>UNIDAD DE PESO:<\/strong> GR<\/li>\n<li><strong>INCLUYE MOUSEPAD:<\/strong> NO<\/li>\n<li><strong>INCLUYE AURICULARES:<\/strong> NO<\/li>\n<li><strong>SKU:<\/strong> 920-004432<\/li>\n<li><strong>NOMBRE O DESCRIPCION:<\/strong> Combo LOGITECH Teclado + Mouse MK270 Negro<\/li>\n<li><strong>IMAGEN:<\/strong> NO<\/li>\n<li><strong>EAN:<\/strong> 10097855088854<\/li>\n<li><strong>SKU SIMPLE:<\/strong> 920-004432<\/li>\n<li><strong>PRECIO:<\/strong> <em>N\/A<\/em><\/li>\n<li><strong>STOCK:<\/strong> <em>N\/A<\/em><\/li>\n<li><strong>M\u00c9TODO DE ENV\u00cdO:<\/strong> N\/A<\/li>\n<li><strong>ANCHURA DEL PAQUETE DE ENV\u00cdO:<\/strong> 441mm<\/li>\n<li><strong>ALTURA DEL PAQUETE DE ENV\u00cdO:<\/strong> 149mm<\/li>\n<li><strong>LARGO DEL PAQUETE DE ENV\u00cdO:<\/strong> 18MM<\/li>\n<li><strong>PESO DEL PAQUETE:<\/strong> 498gr<\/li>\n<li><strong>PRODUCTO NUEVO:<\/strong> SI<\/li>\n<li><strong>CARACTERISTICAS:<\/strong> Combinaci\u00f3n inal\u00e1mbrica favorita. La combinaci\u00f3n inal\u00e1mbrica MK270 combina la conveniencia y el confort de un teclado de tama\u00f1o normal con un compacto mouse contorneado. Con teclas multimedia, teclado num\u00e9rico y preciso control del cursor. Y la tecnolog\u00eda inal\u00e1mbrica sin demoras facilita los preparativos y ahorra espacio en la mesa.<\/li>\n<\/ul>\n<\/div>\n","protected":false},"excerpt":{"rendered":"<p><strong>LOGITECH MK270 Inalambrico\u00a0920-004432\u00a0Combo Teclado y mouse\u00a0<\/strong><\/p>\n<p>&#8211;\u00a0No mec\u00e1nico<br \/>\n&#8211; Inal\u00e1mbrico<br \/>\n&#8211; No\u00a0Retroiluminaci\u00f3n<b><img loading=\"lazy\" class=\"aligncenter wp-image-10280\" src=\"https:\/\/hekalsoluciones.com\/hekalsoluciones\/wp-content\/uploads\/2024\/06\/ENVIO-GRATIS.png\" alt=\"\" width=\"535\" height=\"209\" srcset=\"https:\/\/hekalsoluciones.com\/hekalsoluciones\/wp-content\/uploads\/2024\/06\/ENVIO-GRATIS.png 1280w, https:\/\/hekalsoluciones.com\/hekalsoluciones\/wp-content\/uploads\/2024\/06\/ENVIO-GRATIS-300x117.png 300w, https:\/\/hekalsoluciones.com\/hekalsoluciones\/wp-content\/uploads\/2024\/06\/ENVIO-GRATIS-1024x400.png 1024w, https:\/\/hekalsoluciones.com\/hekalsoluciones\/wp-content\/uploads\/2024\/06\/ENVIO-GRATIS-768x300.png 768w\" sizes=\"(max-width: 535px) 100vw, 535px\" \/><\/b><\/p>\n","protected":false},"featured_media":8473,"comment_status":"open","ping_status":"closed","template":"","meta":{"_monsterinsights_skip_tracking":false,"_monsterinsights_sitenote_active":false,"_monsterinsights_sitenote_note":"","_monsterinsights_sitenote_category":0},"aioseo_notices":[],"_links":{"self":[{"href":"https:\/\/hekalsoluciones.com\/hekalsoluciones\/wp-json\/wp\/v2\/product\/8472"}],"collection":[{"href":"https:\/\/hekalsoluciones.com\/hekalsoluciones\/wp-json\/wp\/v2\/product"}],"about":[{"href":"https:\/\/hekalsoluciones.com\/hekalsoluciones\/wp-json\/wp\/v2\/types\/product"}],"replies":[{"embeddable":true,"href":"https:\/\/hekalsoluciones.com\/hekalsoluciones\/wp-json\/wp\/v2\/comments?post=8472"}],"wp:featuredmedia":[{"embeddable":true,"href":"https:\/\/hekalsoluciones.com\/hekalsoluciones\/wp-json\/wp\/v2\/media\/8473"}],"wp:attachment":[{"href":"https:\/\/hekalsoluciones.com\/hekalsoluciones\/wp-json\/wp\/v2\/media?parent=8472"}],"curies":[{"name":"wp","href":"https:\/\/api.w.org\/{rel}","templated":true}]}}