{"id":8529,"date":"2023-01-27T19:31:43","date_gmt":"2023-01-27T19:31:43","guid":{"rendered":"https:\/\/hekalsoluciones.com\/hekalsoluciones\/?post_type=product&#038;p=8529"},"modified":"2024-06-20T17:01:32","modified_gmt":"2024-06-20T17:01:32","slug":"mouse-dell-inalambrico-optico-wm126","status":"publish","type":"product","link":"https:\/\/hekalsoluciones.com\/hekalsoluciones\/producto\/mouse-dell-inalambrico-optico-wm126\/","title":{"rendered":"Mouse Dell Inal\u00e1mbrico Optico WM126"},"content":{"rendered":"<table cellspacing=\"0\" cellpadding=\"0\">\n<tbody>\n<tr>\n<td valign=\"top\" width=\"694\">\n<div>Caracter\u00edsticas<\/div>\n<table width=\"100%\">\n<tbody>\n<tr>\n<td class=\"para_small\">&nbsp;<\/p>\n<ul>\n<li>Disfrute de un espacio de trabajo ordenado con conectividad inal\u00e1mbrica<\/li>\n<li>Ideal para el uso diario en casa o en la oficina<\/li>\n<li>Trabaje y juegue durante m\u00e1s tiempo gracias a la bater\u00eda de larga duraci\u00f3n<\/li>\n<li>C\u00f3modo dise\u00f1o<\/li>\n<\/ul>\n<p>&nbsp;<\/p>\n<ul>\n<li>\n<div>\n<p><a class=\"lnk\"><img src=\"http:\/\/snpi.dell.com\/snp\/images\/products\/large\/dell_wm126_wireless_optical_mouse_blk_1_s.jpg\" alt=\"Mouse inal\u00e1mbrico WM126 de Dell: negro\" \/><\/a>Reduzca el desorden de cables en el espacio de trabajo con el mouse inal\u00e1mbrico WM126 de Dell.<\/p>\n<p><a class=\"lnk\">Vista m\u00e1s amplia<\/a>.<\/p>\n<\/div>\n<div>\n<h2>Disfrute de un lugar de trabajo ordenado con conectividad inal\u00e1mbrica<\/h2>\n<p>Reduzca el desorden de cables con el mouse inal\u00e1mbrico WM126 de Dell, lo que proporciona la funcionalidad que necesita en un mouse sin ninguno de los cables.<\/p>\n<h2>Excelente para uso diario en el hogar o en la oficina<\/h2>\n<p>Lleve el trabajo mientras se desplaza con la conexi\u00f3n inal\u00e1mbrica confiable del mouse inal\u00e1mbrico WM126 de Dell. Tambi\u00e9n puede conectar hasta seis dispositivos compatibles con un receptor \u00fanico, lo que permite que pueda conectarse de forma inal\u00e1mbrica con los teclados y los mouse en el hogar, en la oficina o donde sea que vaya.<\/p>\n<\/div>\n<div>\n<p><a class=\"lnk\"><img src=\"http:\/\/snpi.dell.com\/snp\/images\/products\/large\/dell_wm126_wireless_optical_mouse_blk_2_s.jpg\" alt=\"Mouse inal\u00e1mbrico WM126 de Dell: negro\" \/><\/a>Gracias a su dise\u00f1o c\u00f3modo y bater\u00eda de larga duraci\u00f3n, podr\u00e1 trabajar y jugar por m\u00e1s tiempo.<\/p>\n<p><a class=\"lnk\">Vista m\u00e1s amplia<\/a>.<\/p>\n<\/div>\n<div>\n<h2>Trabaje y juegue por m\u00e1s tiempo con una bater\u00eda de larga duraci\u00f3n<\/h2>\n<p>Una bater\u00eda que dura hasta 1\u00a0a\u00f1o ofrece la tranquilidad de saber que puede mantenerse conectado durante m\u00e1s tiempo pr\u00e1cticamente en cualquier lugar.<\/p>\n<h2>Dise\u00f1o c\u00f3modo<\/h2>\n<p>Trabaje con comodidad gracias a un dise\u00f1o contorneado que se siente incre\u00edble al tacto. El mouse cuenta con tres botones para hacer clic (izquierdo, derecho y central) e incluye una rueda de desplazamiento para facilidad de uso.<\/p>\n<\/div>\n<div>\n<p><a class=\"lnk\"><img src=\"http:\/\/snpi.dell.com\/snp\/images\/products\/large\/dell_wm126_wireless_optical_mouse_blk_3_s.jpg\" alt=\"Mouse inal\u00e1mbrico WM126 de Dell: negro\" \/><\/a>La caracter\u00edstica de \u00abplug and play\u00bb permite que comience a usar el mouse en minutos.<\/p>\n<p><a class=\"lnk\">Vista m\u00e1s amplia<\/a>.<\/p>\n<\/div>\n<div>\n<h2>Configuraci\u00f3n r\u00e1pida y f\u00e1cil instalaci\u00f3n<\/h2>\n<p>El mouse viene listo para conectarlo y usarlo a trav\u00e9s del receptor incluido. No se requieren controladores ni software. Sin embargo, si desea hacer un uso completo de la tecnolog\u00eda de emparejamiento universal de Dell y conectarse hasta 6\u00a0dispositivos compatibles con un solo receptor, vaya a Dell.com\/pair para descargar el software necesario.<\/p>\n<h2>Compatibilidad<\/h2>\n<p>Windows\u00a07\/8\/8.1\/10\/Server, Linux, Android, Chrome<\/p>\n<h2>Contenido de la caja<\/h2>\n<p>Mouse \u00f3ptico inal\u00e1mbrico WM126 de Dell<br \/>\n1\u00a0bater\u00eda\u00a0AA<br \/>\nReceptor USB<br \/>\nDocumentaci\u00f3n<\/p>\n<h2>Garant\u00eda<\/h2>\n<p>1\u00a0a\u00f1o<\/p>\n<\/div>\n<\/li>\n<\/ul>\n<\/td>\n<\/tr>\n<\/tbody>\n<\/table>\n<\/td>\n<\/tr>\n<tr>\n<td><img loading=\"lazy\" src=\"https:\/\/si.cdn.dell.com\/images\/global\/general\/spacer.gif\" alt=\"\" width=\"1\" height=\"4\" \/><\/td>\n<\/tr>\n<tr>\n<td><img loading=\"lazy\" src=\"https:\/\/si.cdn.dell.com\/images\/global\/general\/spacer.gif\" alt=\"\" width=\"1\" height=\"4\" \/><\/td>\n<\/tr>\n<tr>\n<td valign=\"top\" width=\"694\">\n<div>Descripci\u00f3n<\/div>\n<p><a name=\"Overview\"><\/a><\/p>\n<table>\n<tbody>\n<tr>\n<td class=\"para_small\">El mouse \u00f3ptico inal\u00e1mbrico WM126 de Dell le ofrece rendimiento inal\u00e1mbrico diariamente con una excelente duraci\u00f3n de la bater\u00eda. Est\u00e1 dise\u00f1ado para crear un espacio de trabajo ordenado con una confiable conexi\u00f3n inal\u00e1mbrica RF \u00abplug and play\u00bb (conectar y usar). Este mouse inal\u00e1mbrico proporciona un rendimiento confiable y la estabilidad de la conexi\u00f3n inal\u00e1mbrica a trav\u00e9s de la llave inal\u00e1mbrica RF de anclaje a USB. La caracter\u00edstica \u00abplug and play\u00bb permite una f\u00e1cil instalaci\u00f3n, de modo que los usuarios pueden comenzar a usar el mouse en minutos, sin requisitos confusos de software o de configuraci\u00f3n. Gracias a su tama\u00f1o peque\u00f1o y rendimiento inal\u00e1mbrico, el mouse \u00f3ptico inal\u00e1mbrico WM126 es una excelente opci\u00f3n para los usuarios en movimiento.<\/td>\n<\/tr>\n<\/tbody>\n<\/table>\n<\/td>\n<\/tr>\n<\/tbody>\n<\/table>\n","protected":false},"excerpt":{"rendered":"<p><strong>Especificaciones T\u00e9cnicas<\/strong><\/p>\n<ul>\n<li>Modelo: 4W71R<\/li>\n<li>Caracter\u00edsticas adicionales: Inal\u00e1mbrico, \u00d3ptico<\/li>\n<li>Interfaz de hardware: USB 2.0<\/li>\n<li>Tipo inal\u00e1mbrico: 802.11a \/ b \/ g \/ n, frecuencia de radio de 2,4 GHz<\/li>\n<li>Dimensiones del producto: 14 x 9,5 x 4,5 cent\u00edmetros<\/li>\n<li>Peso del art\u00edculo: 59 g<\/li>\n<li>M\u00e9todo de seguimiento: \u00d3ptico<\/li>\n<li>Botones: 3<\/li>\n<li>Color: Gris<\/li>\n<li>Sensor \u00f3ptico: 1000 ppp<b><img loading=\"lazy\" class=\"aligncenter wp-image-10280\" src=\"https:\/\/hekalsoluciones.com\/hekalsoluciones\/wp-content\/uploads\/2024\/06\/ENVIO-GRATIS.png\" alt=\"\" width=\"535\" height=\"209\" srcset=\"https:\/\/hekalsoluciones.com\/hekalsoluciones\/wp-content\/uploads\/2024\/06\/ENVIO-GRATIS.png 1280w, https:\/\/hekalsoluciones.com\/hekalsoluciones\/wp-content\/uploads\/2024\/06\/ENVIO-GRATIS-300x117.png 300w, https:\/\/hekalsoluciones.com\/hekalsoluciones\/wp-content\/uploads\/2024\/06\/ENVIO-GRATIS-1024x400.png 1024w, https:\/\/hekalsoluciones.com\/hekalsoluciones\/wp-content\/uploads\/2024\/06\/ENVIO-GRATIS-768x300.png 768w\" sizes=\"(max-width: 535px) 100vw, 535px\" \/><\/b><\/li>\n<\/ul>\n","protected":false},"featured_media":9129,"comment_status":"open","ping_status":"closed","template":"","meta":{"_monsterinsights_skip_tracking":false,"_monsterinsights_sitenote_active":false,"_monsterinsights_sitenote_note":"","_monsterinsights_sitenote_category":0},"aioseo_notices":[],"_links":{"self":[{"href":"https:\/\/hekalsoluciones.com\/hekalsoluciones\/wp-json\/wp\/v2\/product\/8529"}],"collection":[{"href":"https:\/\/hekalsoluciones.com\/hekalsoluciones\/wp-json\/wp\/v2\/product"}],"about":[{"href":"https:\/\/hekalsoluciones.com\/hekalsoluciones\/wp-json\/wp\/v2\/types\/product"}],"replies":[{"embeddable":true,"href":"https:\/\/hekalsoluciones.com\/hekalsoluciones\/wp-json\/wp\/v2\/comments?post=8529"}],"wp:featuredmedia":[{"embeddable":true,"href":"https:\/\/hekalsoluciones.com\/hekalsoluciones\/wp-json\/wp\/v2\/media\/9129"}],"wp:attachment":[{"href":"https:\/\/hekalsoluciones.com\/hekalsoluciones\/wp-json\/wp\/v2\/media?parent=8529"}],"curies":[{"name":"wp","href":"https:\/\/api.w.org\/{rel}","templated":true}]}}