{"id":8635,"date":"2023-04-18T18:13:29","date_gmt":"2023-04-18T18:13:29","guid":{"rendered":"https:\/\/hekalsoluciones.com\/hekalsoluciones\/?post_type=product&#038;p=8635"},"modified":"2024-06-20T17:00:18","modified_gmt":"2024-06-20T17:00:18","slug":"cargador-de-corriente-xue-para-portatil-hp-19-5v-2-31a-45w-punta-azul-4-53-0","status":"publish","type":"product","link":"https:\/\/hekalsoluciones.com\/hekalsoluciones\/producto\/cargador-de-corriente-xue-para-portatil-hp-19-5v-2-31a-45w-punta-azul-4-53-0\/","title":{"rendered":"Cargador de corriente XUE\u00ae para port\u00e1til HP 19.5V-2.31A 45W (Punta azul) \/ 4.5*3.0"},"content":{"rendered":"<p><strong>Descripci\u00f3n General:<\/strong><\/p>\n<p>Cargador de corriente \u00a0XUE\u00ae para port\u00e1til HP 19.5V-2.31A 45W (Punta azul) \/ 4.5*3.0.<\/p>\n<p><strong>Compatible con modelos:<\/strong><\/p>\n<p>HP Envy x2 13 15 17 M6 X360 Stream x360 11 13 14 15 Spectre 15 x360 13 Ultrabook X2 13-4000 Envy x360 x2 13 15 17 M6 Pavilion 360 x 2 11 13 15 17 M1 Chromebook 11 13 14 Probook EliteBook HP ProBook x360<\/p>\n<p>HP Spectre Ultrabook x2 PC 13-3000, 13-4000 13t-3000, 13-h000: 13t-h200, 13-3010dx, 13-3018ca, 13-40003dx, 13-h2 10dx, 13-h211nr HP Spectre 15 x360 13 Ultrabook X2 13-4000: 13-4001dx 13-4002dx 13-4003dx 13-4005dx 13-4100dx 13-41 02dx 13-4103dx 13t-3000 13t-h200 15-ap012dx.<\/p>\n<p>Entre otros.<\/p>\n<p><strong>Certificaciones:<\/strong>\u00a0UL\u00a0y Energy Efficiency Level VI.<\/p>\n<p><strong>*Level\u00a0VI:<\/strong>\u00a0la fuente de alimentaci\u00f3n cumple con los nuevos est\u00e1ndares del DOE vigentes en los EE. UU. El 10 de febrero de 2016. Requisito de nivel VI: El nuevo est\u00e1ndar de eficiencia del DOE Nivel VI exige que el consumo de energ\u00eda sin carga no exceda los 0.100 W para EPS de &lt;1 W a \u2264 49 W y no excede 0.210W para EPS&gt; 49W a \u2264250W.<\/p>\n<p><strong>Especificaciones:<\/strong><\/p>\n<p>Voltaje de entrada: AC100-240V<br \/>\nVoltaje de salida:\u00a019.5 V<br \/>\nCorriente de salida: 2.31A<br \/>\nPotencia de salida total: 45W<br \/>\nConector:\u00a0Plug punta azul (4.5*3.0)<br \/>\nProtecci\u00f3n contra sobrecorriente.<br \/>\nProtecci\u00f3n total de energ\u00eda.<br \/>\nProtecci\u00f3n al sobrevoltaje.<br \/>\nProtecci\u00f3n contra cortocircuitos.<\/p>\n<p>Color:\u00a0 \u00a0 \u00a0 \u00a0 \u00a0 \u00a0 \u00a0 \u00a0 \u00a0 \u00a0 \u00a0 \u00a0 \u00a0 \u00a0 \u00a0 \u00a0 \u00a0 Negro<br \/>\nGarant\u00eda:\u00a0 \u00a0 \u00a0 \u00a0 \u00a0 \u00a0 \u00a0 \u00a0 \u00a0 \u00a0 \u00a0 \u00a0 \u00a0 \u00a0 3\u00a0a\u00f1os<br \/>\nConector 1:\u00a0 \u00a0 \u00a0 \u00a0 \u00a0 \u00a0 \u00a0 \u00a0 \u00a0 \u00a0 \u00a0 \u00a0 Plug punta azul (4.5*3.0)<br \/>\nCable de poder:\u00a0 \u00a0 \u00a0 \u00a0 \u00a0 \u00a0 \u00a0 \u00a0 \u00a0 1.5\u00a0m<br \/>\nContenido del paquete:\u00a0 Cargador de corriente\u00a0XUE\u00ae para port\u00e1til HP 19.5V-2.31A 45W (Punta azul) \/ 4.5*3.0<\/p>\n<p>&nbsp;<\/p>\n<p><b>Manuf P\/N:\u00a0<\/b>\u00a04.5*3.0<\/p>\n<p><b>Cable de poder:\u00a0<\/b>\u00a01.5\u00a0m<\/p>\n<p><b>Tipo:\u00a0<\/b>\u00a0Cargador de\u00a0corriente\u00a0XUE\u00ae para port\u00e1til HP 19.5V-2.31A 45W (Punta azul) \/ 4.5*3.0<\/p>\n<p><b><strong>Conector<\/strong>:\u00a0<\/b>\u00a0Plug punta azul (4.5*3.0)<\/p>\n<p><b>Voltaje:\u00a0<\/b>\u00a045W<\/p>\n<p><b>Salida:\u00a0<\/b>\u00a019.5V-2.31A<\/p>\n","protected":false},"excerpt":{"rendered":"<p><b>Manuf P\/N:\u00a0<\/b>\u00a04.5*3.0<\/p>\n<p><b>Cable de poder:\u00a0<\/b>\u00a01.5\u00a0m<\/p>\n<p><b>Tipo:\u00a0<\/b>\u00a0Cargador de\u00a0corriente\u00a0XUE\u00ae para port\u00e1til HP 19.5V-2.31A 45W (Punta azul) \/ 4.5*3.0<\/p>\n<p><b><strong>Conector<\/strong>:\u00a0<\/b>\u00a0Plug punta azul (4.5*3.0)<\/p>\n<p><b>Voltaje:\u00a0<\/b>\u00a045W<\/p>\n<p><b>Salida:\u00a0<\/b>\u00a019.5V-2.31A<b><img loading=\"lazy\" class=\"aligncenter wp-image-10280\" src=\"https:\/\/hekalsoluciones.com\/hekalsoluciones\/wp-content\/uploads\/2024\/06\/ENVIO-GRATIS.png\" alt=\"\" width=\"535\" height=\"209\" srcset=\"https:\/\/hekalsoluciones.com\/hekalsoluciones\/wp-content\/uploads\/2024\/06\/ENVIO-GRATIS.png 1280w, https:\/\/hekalsoluciones.com\/hekalsoluciones\/wp-content\/uploads\/2024\/06\/ENVIO-GRATIS-300x117.png 300w, https:\/\/hekalsoluciones.com\/hekalsoluciones\/wp-content\/uploads\/2024\/06\/ENVIO-GRATIS-1024x400.png 1024w, https:\/\/hekalsoluciones.com\/hekalsoluciones\/wp-content\/uploads\/2024\/06\/ENVIO-GRATIS-768x300.png 768w\" sizes=\"(max-width: 535px) 100vw, 535px\" \/><\/b><\/p>\n","protected":false},"featured_media":8636,"comment_status":"open","ping_status":"closed","template":"","meta":{"_monsterinsights_skip_tracking":false,"_monsterinsights_sitenote_active":false,"_monsterinsights_sitenote_note":"","_monsterinsights_sitenote_category":0},"aioseo_notices":[],"_links":{"self":[{"href":"https:\/\/hekalsoluciones.com\/hekalsoluciones\/wp-json\/wp\/v2\/product\/8635"}],"collection":[{"href":"https:\/\/hekalsoluciones.com\/hekalsoluciones\/wp-json\/wp\/v2\/product"}],"about":[{"href":"https:\/\/hekalsoluciones.com\/hekalsoluciones\/wp-json\/wp\/v2\/types\/product"}],"replies":[{"embeddable":true,"href":"https:\/\/hekalsoluciones.com\/hekalsoluciones\/wp-json\/wp\/v2\/comments?post=8635"}],"wp:featuredmedia":[{"embeddable":true,"href":"https:\/\/hekalsoluciones.com\/hekalsoluciones\/wp-json\/wp\/v2\/media\/8636"}],"wp:attachment":[{"href":"https:\/\/hekalsoluciones.com\/hekalsoluciones\/wp-json\/wp\/v2\/media?parent=8635"}],"curies":[{"name":"wp","href":"https:\/\/api.w.org\/{rel}","templated":true}]}}