{"id":8691,"date":"2023-04-18T20:21:22","date_gmt":"2023-04-18T20:21:22","guid":{"rendered":"https:\/\/hekalsoluciones.com\/hekalsoluciones\/?post_type=product&#038;p=8691"},"modified":"2025-04-04T14:51:36","modified_gmt":"2025-04-04T14:51:36","slug":"dell-precision-3660-tower-core-i9-12900-32gb-512ssd-8gb-nvidia-windows-11-pro","status":"publish","type":"product","link":"https:\/\/hekalsoluciones.com\/hekalsoluciones\/producto\/dell-precision-3660-tower-core-i9-12900-32gb-512ssd-8gb-nvidia-windows-11-pro\/","title":{"rendered":"Dell Precision 3660 Tower Core i9 12900 32GB 512SSD 8GB Nvidia Windows 11 Pro"},"content":{"rendered":"<div class=\"anchoredContentContainer clrFix anchoredContent_1imageup anchorMenu\">\n<div class=\"oneImageUpContainer\">\n<div class=\"oneImageUp\">\n<div class=\"oneImageHeadline\">Sistema operativo<\/div>\n<div class=\"oneImageBody\"><strong>Disponible con Windows 11, Windows 10 o Ubuntu.<\/strong><\/div>\n<\/div>\n<\/div>\n<\/div>\n<div class=\"anchored_clearFloats\"><\/div>\n<div class=\"anchoredContentContainer clrFix anchoredContent_textrightimageleft anchorMenu\">\n<div class=\"textrightimageleft_Container clrFix\">\n<div class=\"textrightimageleft_MainImg\">\n<div class=\"leftRightMainImg\"><img class=\"lazy\" title=\"Imagen de una estaci\u00f3n de trabajo en torre Dell Precision 3660 desmontada que muestra el interior del producto.\" src=\"https:\/\/i.dell.com\/is\/image\/DellContent\/content\/dam\/ss2\/product-images\/dell-client-products\/workstations\/fixed-workstations\/precision\/3660\/pdp\/fixed-workstation-precision-3660-pdp-module-2.psd?fmt=jpg&amp;wid=600&amp;hei=600&amp;fit=constrain%2C1&amp;qlt=90\" alt=\"Imagen de una estaci\u00f3n de trabajo en torre Dell Precision 3660 desmontada que muestra el interior del producto.\" border=\"0\" data-original=\"\/\/i.dell.com\/is\/image\/DellContent\/content\/dam\/ss2\/product-images\/dell-client-products\/workstations\/fixed-workstations\/precision\/3660\/pdp\/fixed-workstation-precision-3660-pdp-module-2.psd?fmt=jpg&amp;wid=600&amp;hei=600&amp;fit=constrain%2C1&amp;qlt=90\" \/><\/div>\n<\/div>\n<div class=\"textrightimageleft_MainBody\">\n<div class=\"leftRight_MainHead\">Escalabilidad extrema en el dise\u00f1o de minitorre<\/div>\n<div class=\"leftRight_MainCopy\"><strong>Opci\u00f3n de enfriamiento de CPU<\/strong><br \/>\nObtenga un enfriamiento mejorado con aire avanzado y enfriadores l\u00edquidos de primera calidad.<strong>Almacenamiento frontal extra\u00edble y bloqueable<\/strong><br \/>\nAlmacenamiento de datos seguro y accesible.<strong>Puertos m\u00e1s r\u00e1pidos:<\/strong><br \/>\nF\u00e1cil acceso a los puertos (hasta 20\u00a0Gbps).<strong>Fuente de alimentaci\u00f3n extra\u00edble\u00a0<\/strong><br \/>\nUse la pesta\u00f1a de liberaci\u00f3n para quitar f\u00e1cilmente la fuente de alimentaci\u00f3n.<\/div>\n<\/div>\n<\/div>\n<\/div>\n<div class=\"anchored_clearFloats\"><\/div>\n<div class=\"anchoredContentContainer clrFix anchoredContent_textleftimageright anchorMenu\">\n<div class=\"textleftimageright_Container clrFix\">\n<div class=\"textleftimageright_MainImg\">\n<div class=\"leftRightMainImg\"><img class=\"lazy\" title=\"Imagen de una estaci\u00f3n de trabajo en torre Dell Precision 3660 desmontada que muestra el interior del producto con un monitor Dell junto a \u00e9l.\" src=\"https:\/\/i.dell.com\/is\/image\/DellContent\/content\/dam\/ss2\/product-images\/dell-client-products\/workstations\/fixed-workstations\/precision\/3660\/pdp\/fixed-workstation-precision-3660-pdp-module-3.psd?fmt=jpg&amp;wid=600&amp;hei=600&amp;fit=constrain%2C1&amp;qlt=90\" alt=\"Imagen de una estaci\u00f3n de trabajo en torre Dell Precision 3660 desmontada que muestra el interior del producto con un monitor Dell junto a \u00e9l.\" border=\"0\" data-original=\"\/\/i.dell.com\/is\/image\/DellContent\/content\/dam\/ss2\/product-images\/dell-client-products\/workstations\/fixed-workstations\/precision\/3660\/pdp\/fixed-workstation-precision-3660-pdp-module-3.psd?fmt=jpg&amp;wid=600&amp;hei=600&amp;fit=constrain%2C1&amp;qlt=90\" \/><\/div>\n<\/div>\n<div class=\"textleftimageright_MainBody\">\n<div class=\"leftRight_MainHead\">Rendimiento potente<\/div>\n<div class=\"leftRight_MainCopy\"><strong>No creer\u00e1 lo que ve<\/strong><br \/>\nYa sea que trabaje en dise\u00f1o de sitio web o CAD, los gr\u00e1ficos integrados Intel o gr\u00e1ficos hasta AMD Radeon o NVIDIA Pro (hasta 350\u00a0W) garantizan una experiencia visual fluida y elevada en todo momento.<strong>La ralentizaci\u00f3n no es una opci\u00f3n<\/strong><br \/>\nProcesadores Intel Core\u2122 de 12.\u00aa generaci\u00f3n y 125\u00a0W. Memoria DDR5 de hasta 128\u00a0GB o hasta 4400\u00a0MHz. Hasta 28\u00a0TB de almacenamiento con capacidad de RAID.<strong>Conectividad \u00fatil<\/strong><br \/>\nWi-Fi 6 integrado y Bluetooth 5.2 con vPro.<\/div>\n<\/div>\n<\/div>\n<\/div>\n<div class=\"anchored_clearFloats\"><\/div>\n<div class=\"anchoredContentContainer clrFix anchoredContent_textrightimageleft anchorMenu\">\n<div class=\"textrightimageleft_Container clrFix\">\n<div class=\"textrightimageleft_MainImg\">\n<div class=\"leftRightMainImg\"><img class=\"lazy\" title=\"Imagen de una estaci\u00f3n de trabajo en torre Dell Precision 3660 desmontada que muestra el interior del producto.\" src=\"https:\/\/i.dell.com\/is\/image\/DellContent\/content\/dam\/ss2\/product-images\/dell-client-products\/workstations\/fixed-workstations\/precision\/3660\/pdp\/fixed-workstation-precision-3660-pdp-module-4.psd?fmt=jpg&amp;wid=600&amp;hei=600&amp;fit=constrain%2C1&amp;qlt=90\" alt=\"Imagen de una estaci\u00f3n de trabajo en torre Dell Precision 3660 desmontada que muestra el interior del producto.\" border=\"0\" data-original=\"\/\/i.dell.com\/is\/image\/DellContent\/content\/dam\/ss2\/product-images\/dell-client-products\/workstations\/fixed-workstations\/precision\/3660\/pdp\/fixed-workstation-precision-3660-pdp-module-4.psd?fmt=jpg&amp;wid=600&amp;hei=600&amp;fit=constrain%2C1&amp;qlt=90\" \/><\/div>\n<\/div>\n<div class=\"textrightimageleft_MainBody\">\n<div class=\"leftRight_MainHead\">Enfriamiento l\u00edquido y de aire opcional<\/div>\n<div class=\"leftRight_MainCopy\">El flujo de aire o l\u00edquido mantiene fr\u00edos los componentes internos y el espacio de trabajo silencioso, de modo que su creatividad nunca se interrumpa. Las caracter\u00edsticas t\u00e9rmicas avanzadas ayudan a mantener el sistema en funcionamiento con el m\u00e1ximo rendimiento.<\/div>\n<\/div>\n<\/div>\n<\/div>\n<div class=\"anchored_clearFloats\"><\/div>\n<div class=\"tabFeature inlineContent\">\n<div class=\"TwoXImageLeft\">\n<div>\n<div class=\"columnsTwo\">\n<p><img title=\"Reliable Memory Technology Pro\" src=\"https:\/\/i.dell.com\/is\/image\/DellContent\/content\/dam\/ss2\/non-product-images\/illustrations\/service-illustrations\/service-illustration-reliable-memory-graphics-card-2021.psd?fmt=jpg&amp;wid=400&amp;hei=400&amp;fit=constrain%2C1&amp;qlt=85\" alt=\"Reliable Memory Technology Pro\" \/><\/p>\n<div class=\"columnText\">\n<h4>Reliable Memory Technology Pro<\/h4>\n<div>Funciona con memoria ECC para detectar memoria defectuosa, corregir errores, prever los sectores de memoria defectuosos y generar informes.<\/div>\n<\/div>\n<\/div>\n<div class=\"columnsTwo\">\n<p><img title=\"Certificaci\u00f3n de proveedor de software independiente (ISV)\" src=\"https:\/\/i.dell.com\/is\/image\/DellContent\/content\/dam\/ss2\/non-product-images\/illustrations\/service-illustrations\/service-illustration-isv-cert-ribbons-2021.psd?fmt=jpg&amp;wid=400&amp;hei=400&amp;fit=constrain%2C1&amp;qlt=85\" alt=\"Certificaci\u00f3n de proveedor de software independiente (ISV)\" \/><\/p>\n<div class=\"columnText\">\n<h4>Certificaci\u00f3n de proveedor de software independiente (ISV)<\/h4>\n<div>Las estaciones de trabajo Precision se prueban para garantizar que las aplicaciones de alto rendimiento en las que conf\u00eda cada d\u00eda funcionen sin inconvenientes.<a class=\"technote microcontent\" href=\"https:\/\/www.dell.com\/mc.ashx?id=technotes:ISV-certifications&amp;c=co&amp;l=es&amp;s=bsd&amp;modalwidth=400&amp;modalHeight=150&amp;ovropac=0&amp;modalscroll=yes&amp;modaltarget=div&amp;modaltype=tooltip&amp;position=bottom&amp;title=Detalles%20importantes&amp;flip=false&amp;eventType=rollover\" rel=\"technotes:ISV-certifications\" name=\"modalPopup\"><sup>10<\/sup><\/a><\/div>\n<\/div>\n<\/div>\n<div class=\"allPurposeClear\"><\/div>\n<\/div>\n<div class=\"allPurposeClear\"><\/div>\n<\/div>\n<\/div>\n<div class=\"anchoredContentContainer clrFix anchoredContent_1imageup anchorMenu\">\n<div class=\"oneImageUpContainer\">\n<div class=\"oneImageUp\">\n<p><img id=\"\" class=\"lazy\" title=\"\" src=\"https:\/\/i.dell.com\/images\/global\/general\/spacer.gif\" alt=\"\" border=\"0\" data-original=\"\" \/><\/p>\n<div class=\"oneImageHeadline\">Dell Optimizer for Precision*<\/div>\n<div class=\"oneImageBody\">\n<div>Nuestra plataforma de IA incorporada aprende c\u00f3mo usted trabaja y se adapta para crear una experiencia m\u00e1s inteligente y personalizada.<\/div>\n<div><\/div>\n<div>*\u00a0No todas las funciones de Dell Optimizer for Precision est\u00e1n disponibles en todas las estaciones de trabajo Precision.<\/div>\n<\/div>\n<\/div>\n<\/div>\n<\/div>\n<div class=\"anchored_clearFloats\"><\/div>\n<div class=\"anchoredContentContainer clrFix anchoredContent_3imageup anchorMenu\">\n<div class=\"threeImageUpContainer\">\n<div class=\"threeImageContainerHeadline\"><\/div>\n<div class=\"textOnlyBody\"><\/div>\n<div class=\"threeImageUp\">\n<p><img title=\"Intelligent Audio\" src=\"https:\/\/i.dell.com\/is\/image\/DellContent\/content\/dam\/images\/icons\/c\/cloud-iq\/64-pixel\/cloud-iq-carbon-64px.svg?fmt=jpg&amp;wid=280\" alt=\"Intelligent Audio\" \/><\/p>\n<div class=\"threeImageBody\"><strong>Intelligent Audio<\/strong><br \/>\nIntelligent Audio mejora su calidad de audio y reduce los ruidos de fondo para que pueda escuchar y ser escuchado, lo que crea una mejor experiencia de conferencia para todos.<\/div>\n<\/div>\n<div class=\"threeImageUp\">\n<p><img title=\"ExpressResponse\" src=\"https:\/\/i.dell.com\/is\/image\/DellContent\/content\/dam\/images\/icons\/k-o\/manage-information\/64-pixel\/manage-info-carbon-64px.svg?fmt=jpg&amp;wid=280\" alt=\"ExpressResponse\" \/><\/p>\n<div class=\"threeImageBody\"><strong>ExpressResponse<\/strong><br \/>\nCon la tecnolog\u00eda Intel<sup>\u00ae<\/sup>\u00a0Adaptix\u2122, d\u00e9 prioridad a sus aplicaciones m\u00e1s importantes para que se abran con mayor rapidez y funcionen mejor.<\/div>\n<\/div>\n<div class=\"threeImageUp\">\n<p><img title=\"ExpressConnect\" src=\"https:\/\/i.dell.com\/is\/image\/DellContent\/content\/dam\/images\/icons\/u-z\/wifi\/64-pixel\/wifi-carbon-64px.svg?fmt=jpg&amp;wid=280\" alt=\"ExpressConnect\" \/><\/p>\n<div class=\"threeImageBody\"><strong>ExpressConnect<\/strong><br \/>\nEl nuevo ExpressConnect se une autom\u00e1ticamente al punto de acceso m\u00e1s fuerte de la oficina y dirige el ancho de banda a las aplicaciones cruciales, dondequiera que trabaje.<\/div>\n<\/div>\n<\/div>\n<\/div>\n<div class=\"anchored_clearFloats\"><\/div>\n<div class=\"anchoredContentContainer clrFix anchoredContent_3imageup anchorMenu\">\n<div class=\"threeImageUpContainer\">\n<div class=\"threeImageContainerHeadline\"><\/div>\n<div class=\"textOnlyBody\"><\/div>\n<div class=\"threeImageUp\">\n<p><img title=\"An\u00e1lisis\" src=\"https:\/\/i.dell.com\/is\/image\/DellContent\/content\/dam\/images\/icons\/p-r\/productivity\/64-pixel\/productivity-carbon-64px.svg?fmt=jpg&amp;wid=280\" alt=\"An\u00e1lisis\" \/><\/p>\n<div class=\"threeImageBody\">\n<div><strong>An\u00e1lisis<\/strong><br \/>\nAnalice su sistema y genere informes sobre la carga de trabajo, el rendimiento y los diagn\u00f3sticos del sistema para obtener informaci\u00f3n que lo ayude a crear un rendimiento personalizado para su forma de trabajar.<\/div>\n<\/div>\n<\/div>\n<div class=\"threeImageUp\">\n<p><img title=\"\" src=\"https:\/\/i.dell.com\/images\/global\/general\/spacer.gif\" alt=\"\" \/><\/p>\n<div class=\"threeImageBody\"><\/div>\n<\/div>\n<div class=\"threeImageUp\">\n<p><img title=\"\" src=\"https:\/\/i.dell.com\/images\/global\/general\/spacer.gif\" alt=\"\" \/><\/p>\n<div class=\"threeImageBody\"><\/div>\n<\/div>\n<\/div>\n<\/div>\n<div class=\"anchored_clearFloats\"><\/div>\n<div class=\"anchoredContentContainer clrFix anchoredContent_3imageup anchorMenu\">\n<div class=\"threeImageUpContainer\">\n<div class=\"threeImageContainerHeadline\"><\/div>\n<div class=\"textOnlyBody\"><\/div>\n<div class=\"threeImageUp\">\n<p><img title=\"Redefina la realidad\" src=\"https:\/\/i.dell.com\/is\/image\/DellContent\/content\/dam\/images\/icons\/p-r\/processor\/64-pixel\/processor-carbon-64px.svg?fmt=jpg&amp;wid=280\" alt=\"Redefina la realidad\" \/><\/p>\n<div class=\"threeImageHeadline\">Redefina la realidad<\/div>\n<div class=\"threeImageBody\">Cree contenido de RV completamente envolvente con gr\u00e1ficos integrados Intel<sup>\u00ae<\/sup>\u00a0o gr\u00e1ficos hasta AMD Radeon Pro o NVIDIA Pro (hasta 350 W).<\/div>\n<\/div>\n<div class=\"threeImageUp\">\n<p><img title=\"Cree con inteligencia\" src=\"https:\/\/i.dell.com\/is\/image\/DellContent\/content\/dam\/images\/icons\/p-r\/protractor\/64-pixel\/protractor-carbon-64px.svg?fmt=jpg&amp;wid=280\" alt=\"Cree con inteligencia\" \/><\/p>\n<div class=\"threeImageHeadline\">Cree con inteligencia<\/div>\n<div class=\"threeImageBody\">Desarrolle la IA en cualquier parte con Ubuntu Linux instalado de f\u00e1brica, opciones de almacenamiento r\u00e1pido, gran superficie de memoria y CPU Intel<sup>\u00ae<\/sup>.<\/div>\n<\/div>\n<div class=\"threeImageUp\">\n<p><img title=\"La velocidad de la IA\" src=\"https:\/\/i.dell.com\/is\/image\/DellContent\/content\/dam\/images\/icons\/d\/data-compute\/64-pixel\/data-compute-carbon-64px.png?fmt=jpg&amp;wid=280&amp;hei=64\" alt=\"La velocidad de la IA\" \/><\/p>\n<div class=\"threeImageHeadline\">La velocidad de la IA<\/div>\n<div class=\"threeImageBody\">Las tecnolog\u00edas cognitivas son el \u00e1rea de m\u00e1s r\u00e1pido crecimiento en la computaci\u00f3n moderna. Las aplicaciones que anteriormente requer\u00edan inteligencia humana ahora se ven aumentadas por potentes algoritmos de aprendizaje autom\u00e1tico, lo que acorta el plazo entre las ideas y los resultados.<\/div>\n<\/div>\n<\/div>\n<\/div>\n<div class=\"anchored_clearFloats\"><\/div>\n<div class=\"anchoredContentContainer clrFix anchoredContent_textrightimageleft anchorMenu\">\n<div class=\"textrightimageleft_Container clrFix\">\n<div class=\"textrightimageleft_MainImg\">\n<div class=\"leftRightMainImg\"><img class=\"lazy\" title=\"Windows 11\" src=\"https:\/\/i.dell.com\/is\/image\/DellContent\/\/content\/dam\/ss2\/product-images\/page\/landing-page\/windows-11\/pdp\/windows-11-cml.jpg?fmt=jpg&amp;wid=555&amp;hei=350\" alt=\"Windows 11\" border=\"0\" data-original=\"\/\/i.dell.com\/is\/image\/DellContent\/\/content\/dam\/ss2\/product-images\/page\/landing-page\/windows-11\/pdp\/windows-11-cml.jpg?fmt=jpg&amp;wid=555&amp;hei=350\" \/><\/div>\n<\/div>\n<div class=\"textrightimageleft_MainBody\">\n<div class=\"leftRight_MainCopy\">Windows 11 Home y Pro ya est\u00e1n aqu\u00ed.\u00a0<a href=\"https:\/\/www.dell.com\/en-us\/work\/lp\/windows-11\" target=\"_blank\" rel=\"noopener\">M\u00e1s informaci\u00f3n<\/a>\u00a0(en ingl\u00e9s).<\/div>\n<\/div>\n<\/div>\n<\/div>\n<div class=\"anchored_clearFloats\"><\/div>\n<div class=\"anchoredContentContainer clrFix anchoredContent_1imageup anchorMenu\">\n<div class=\"oneImageUpContainer\">\n<div class=\"oneImageUp\">\n<p><img id=\"\" class=\"lazy\" title=\"Imagen de dos estaciones de trabajo en torre Dell Precision 3660 con n\u00fameros del 1 al 16 que indican los puertos y las ranuras del producto.\" src=\"https:\/\/i.dell.com\/is\/image\/DellContent\/content\/dam\/ss2\/product-images\/dell-client-products\/workstations\/fixed-workstations\/precision\/3660\/pdp\/fixed-workstation-precision-3660-pdp-module-8.psd?fmt=jpg&amp;wid=600&amp;hei=600&amp;fit=constrain%2C1&amp;qlt=90\" alt=\"Imagen de dos estaciones de trabajo en torre Dell Precision 3660 con n\u00fameros del 1 al 16 que indican los puertos y las ranuras del producto.\" border=\"0\" data-original=\"\/\/i.dell.com\/is\/image\/DellContent\/content\/dam\/ss2\/product-images\/dell-client-products\/workstations\/fixed-workstations\/precision\/3660\/pdp\/fixed-workstation-precision-3660-pdp-module-8.psd?fmt=jpg&amp;wid=600&amp;hei=600&amp;fit=constrain%2C1&amp;qlt=90\" \/><\/p>\n<div class=\"oneImageHeadline\">Puertos y ranuras<\/div>\n<div class=\"oneImageBody\">1. Unidades \u00f3pticas (opcionales) | 2. Bot\u00f3n de encendido | 3. Conector combinado de audio y micr\u00f3fono (3,5\u00a0mm) | 4. (2) Puerto USB\u00a03.2 Type-A de 1.\u00aa\u00a0generaci\u00f3n (5\u00a0Gbps) | 5. Solo datos de USB 3.2 Type-C de 2.\u00aa generaci\u00f3n (10\u00a0Gbps) | 6. Solo datos de USB 3.2 Type-C de 2.\u00aa generaci\u00f3n x2 (20\u00a0Gbps) | 7. Lector de tarjetas SD 4.0 | 8. Salida de audio (conector de 3,5\u00a0mm) | 9. (2) DP1.4++ HBR2 | 10. (2) USB 3.2 Type-C de 2.\u00aa generaci\u00f3n (10\u00a0Gbps) con suministro de alimentaci\u00f3n | 11. (2) USB 3.2 Type-A de 2.\u00aa generaci\u00f3n (10\u00a0Gbps) | 12. (2) USB 2.0 Type-A\u00a0|\u00a013. LAN RJ45 i219 (1\u00a0G) 14. Conector de alimentaci\u00f3n | 15. Luz indicadora LED | 16. Puerto de video opcional (VGA HD15, HDMI 2.0, DP++ 1.4 HBR3, USB Type-C con modo alternativo DP 1.4 HBR2)<\/div>\n<\/div>\n<\/div>\n<\/div>\n<div class=\"anchored_clearFloats\"><\/div>\n<div class=\"anchoredContentContainer clrFix anchoredContent_1imageup anchorMenu\">\n<div class=\"oneImageUpContainer\">\n<div class=\"oneImageUp\">\n<p><img id=\"\" class=\"lazy\" title=\"Imagen de una estaci\u00f3n de trabajo en torre Dell Precision 3660 con n\u00fameros del 1 al 3 que indican las dimensiones y el peso del producto.\" src=\"https:\/\/i.dell.com\/is\/image\/DellContent\/content\/dam\/ss2\/product-images\/dell-client-products\/workstations\/fixed-workstations\/precision\/3660\/pdp\/fixed-workstation-precision-3660-pdp-module-9.psd?fmt=jpg&amp;wid=600&amp;hei=600&amp;fit=constrain%2C1&amp;qlt=90\" alt=\"Imagen de una estaci\u00f3n de trabajo en torre Dell Precision 3660 con n\u00fameros del 1 al 3 que indican las dimensiones y el peso del producto.\" border=\"0\" data-original=\"\/\/i.dell.com\/is\/image\/DellContent\/content\/dam\/ss2\/product-images\/dell-client-products\/workstations\/fixed-workstations\/precision\/3660\/pdp\/fixed-workstation-precision-3660-pdp-module-9.psd?fmt=jpg&amp;wid=600&amp;hei=600&amp;fit=constrain%2C1&amp;qlt=90\" \/><\/p>\n<div class=\"oneImageHeadline\">Dimensiones y peso<\/div>\n<div class=\"oneImageBody\">\n<p>1. Altura: 369,0\u00a0mm (14,52\u00a0pulgadas) | 2. Ancho: 173,0\u00a0mm (6,81\u00a0pulgadas) | 3. Profundidad: 420,0\u00a0mm (16,53\u00a0pulgadas) | Peso inicial: 8,5\u00a0kg (18,739\u00a0lb)<a class=\"technote microcontent\" href=\"https:\/\/www.dell.com\/mc.ashx?id=technotes:weight-vary&amp;c=co&amp;l=es&amp;s=bsd&amp;modalwidth=400&amp;modalHeight=150&amp;ovropac=0&amp;modalscroll=yes&amp;modaltarget=div&amp;modaltype=tooltip&amp;position=bottom&amp;title=Detalles%20importantes&amp;flip=false&amp;eventType=rollover\" rel=\"technotes:weight-vary\" name=\"modalPopup\"><sup>8<\/sup><\/a><\/p>\n<p><a href=\"https:\/\/www.delltechnologies.com\/asset\/en-us\/products\/workstations\/technical-support\/precision-3660-spec-sheet.pdf\" target=\"_blank\" rel=\"noopener\">Ver la hoja de especificaciones de 3660<\/a>\u00a0(en ingl\u00e9s)<\/p>\n<\/div>\n<\/div>\n<\/div>\n<\/div>\n<div class=\"anchored_clearFloats\"><\/div>\n<div class=\"anchoredContentContainer clrFix anchoredContent_1imageup anchorMenu\">\n<div class=\"oneImageUpContainer\">\n<div class=\"oneImageUp\">\n<p><img id=\"\" class=\"lazy\" title=\"\" src=\"https:\/\/i.dell.com\/images\/global\/general\/spacer.gif\" alt=\"\" border=\"0\" data-original=\"\" \/><\/p>\n<div class=\"oneImageHeadline\">Adecuado para cada proyecto<\/div>\n<div class=\"oneImageBody\">Ya sea que trabaje con aplicaciones de dise\u00f1o o creativas, en educaci\u00f3n, en el comercio minorista o en entretenimiento, est\u00e1 listo para la entrega.<\/div>\n<\/div>\n<\/div>\n<\/div>\n<div class=\"anchored_clearFloats\"><\/div>\n<div class=\"tabFeature inlineContent\">\n<div class=\"ThreeXImageLeft\">\n<div class=\"columnsThree\">\n<p><img title=\"Dise\u00f1o (2D, 3D, CAD)\" src=\"https:\/\/i.dell.com\/is\/image\/DellContent\/content\/dam\/images\/icons\/p-r\/paint-palette\/64-pixel\/paint-palette-carbon-64px.svg?fmt=jpg\" alt=\"Dise\u00f1o (2D, 3D, CAD)\" \/><\/p>\n<div class=\"columnText\">\n<div><strong>Dise\u00f1o: CAD 2D y 3D<\/strong><\/div>\n<\/div>\n<\/div>\n<div class=\"columnsThree\">\n<p><img title=\"Organizaci\u00f3n y dise\u00f1o de la superficie de ventas\" src=\"https:\/\/i.dell.com\/is\/image\/DellContent\/content\/dam\/images\/icons\/k-o\/office\/64-pixel\/office-carbon-64px.svg?fmt=jpg\" alt=\"Organizaci\u00f3n y dise\u00f1o de la superficie de ventas\" \/><\/p>\n<div class=\"columnText\">\n<div><strong>Organizaci\u00f3n y dise\u00f1o de la superficie de ventas<\/strong><\/div>\n<\/div>\n<\/div>\n<div class=\"columnsThree last\">\n<p><img title=\"Aplicaciones creativas\" src=\"https:\/\/i.dell.com\/is\/image\/DellContent\/content\/dam\/images\/icons\/k-o\/lightbulb\/64-pixel\/lightbulb-carbon-64px.svg?fmt=jpg\" alt=\"Aplicaciones creativas\" \/><\/p>\n<div class=\"columnText lastContent\">\n<div><strong>Aplicaciones creativas<\/strong><\/div>\n<\/div>\n<\/div>\n<div class=\"allPurposeClear\"><\/div>\n<\/div>\n<\/div>\n<div class=\"tabFeature inlineContent\">\n<div class=\"ThreeXImageLeft\">\n<div class=\"columnsThree\">\n<p><img title=\"Educaci\u00f3n\" src=\"https:\/\/i.dell.com\/is\/image\/DellContent\/content\/dam\/images\/icons\/numbers-b\/book-open\/64-pixel\/book-open-carbon-64px.png?fmt=jpg&amp;wid=64&amp;hei=64\" alt=\"Educaci\u00f3n\" \/><\/p>\n<div class=\"columnText\">\n<div><strong>Educaci\u00f3n<\/strong><\/div>\n<\/div>\n<\/div>\n<div class=\"columnsThree\">\n<p><img title=\"Finanzas\" src=\"https:\/\/i.dell.com\/is\/image\/DellContent\/content\/dam\/images\/icons\/c\/chart-bars-axis\/64-pixel\/chart-bars-axis-carbon-64px.png?fmt=jpg&amp;wid=64&amp;hei=64\" alt=\"Finanzas\" \/><\/p>\n<div class=\"columnText\">\n<div><strong>Finanzas<\/strong><\/div>\n<\/div>\n<\/div>\n<div class=\"columnsThree last\">\n<p><img title=\"Servicios de salud\" src=\"https:\/\/i.dell.com\/is\/image\/DellContent\/content\/dam\/images\/icons\/p-r\/pulse\/64-pixel\/pulse-carbon-64px.svg?fmt=jpg\" alt=\"Servicios de salud\" \/><\/p>\n<div class=\"columnText lastContent\">\n<div><strong>Servicios de salud<\/strong><\/div>\n<\/div>\n<\/div>\n<div class=\"allPurposeClear\"><\/div>\n<\/div>\n<\/div>\n<div class=\"anchoredContentContainer clrFix anchoredContent_1imageup anchorMenu\">\n<div class=\"oneImageUpContainer\">\n<div class=\"oneImageUp\">\n<p><img id=\"\" class=\"lazy\" title=\"\" src=\"https:\/\/i.dell.com\/images\/global\/general\/spacer.gif\" alt=\"\" border=\"0\" data-original=\"\" \/><\/p>\n<div class=\"oneImageHeadline\">Vea su trabajo en 8K<\/div>\n<div class=\"oneImageBody\">Puerto DP1.4 opcional compatible con 8K, dos puertos DP1.4 compatibles con 5K<\/div>\n<\/div>\n<\/div>\n<\/div>\n<div class=\"anchored_clearFloats\"><\/div>\n<div class=\"anchoredContentContainer clrFix anchoredContent_3imageup anchorMenu\">\n<div class=\"threeImageUpContainer\">\n<div class=\"threeImageContainerHeadline\"><\/div>\n<div class=\"textOnlyBody\"><\/div>\n<div class=\"threeImageUp\">\n<p><img title=\"2K Full HD\" src=\"https:\/\/i.dell.com\/is\/image\/DellContent\/content\/dam\/ss2\/product-images\/dell-client-products\/workstations\/fixed-workstations\/precision\/3660\/pdp\/fixed-workstation-precision-3660-pdp-module-10-2k.psd?fmt=jpg&amp;wid=280&amp;hei=250&amp;fit=constrain%2c1&amp;qlt=85\" alt=\"2K Full HD\" \/><\/p>\n<div class=\"threeImageBody\">\n<div><strong>2K Full HD<\/strong><\/div>\n<div><strong>1920\u00a0x\u00a01080<\/strong><\/div>\n<\/div>\n<\/div>\n<div class=\"threeImageUp\">\n<p><img title=\"5K Ultra HD\" src=\"https:\/\/i.dell.com\/is\/image\/DellContent\/content\/dam\/ss2\/product-images\/dell-client-products\/workstations\/fixed-workstations\/precision\/3660\/pdp\/fixed-workstation-precision-3660-pdp-module-10-4k.psd?fmt=jpg&amp;wid=280&amp;hei=250&amp;fit=constrain%2c1&amp;qlt=85\" alt=\"5K Ultra HD\" \/><\/p>\n<div class=\"threeImageBody\">\n<div><strong>5K Ultra HD<\/strong><\/div>\n<div><strong>5120 \u00d7 2880<\/strong><\/div>\n<\/div>\n<\/div>\n<div class=\"threeImageUp\">\n<p><img title=\"8K Ultra HD\" src=\"https:\/\/i.dell.com\/is\/image\/DellContent\/content\/dam\/ss2\/product-images\/dell-client-products\/workstations\/fixed-workstations\/precision\/3660\/pdp\/fixed-workstation-precision-3660-pdp-module-10-8k.psd?fmt=jpg&amp;wid=280&amp;hei=250&amp;fit=constrain%2c1&amp;qlt=85\" alt=\"8K Ultra HD\" \/><\/p>\n<div class=\"threeImageBody\">\n<div><strong>8K Ultra HD<\/strong><\/div>\n<div><strong>7680 x 4320<\/strong><\/div>\n<\/div>\n<\/div>\n<\/div>\n<\/div>\n","protected":false},"excerpt":{"rendered":"<ul>\n<li>Intel\u00ae Core\u2122 i9-12900 de 12.\u00aa generaci\u00f3n (cach\u00e9 de 12 MB, 4 n\u00facleos, 8 subprocesos, de 3,30 a 4,30 GHz, Turbo)<\/li>\n<li>Memoria 32GB, 2x16GB 4400MHz UDIMM non-ECC DDR5 (4 slots)<\/li>\n<li>Disco 512GB PCIe NVMe SSD<\/li>\n<li>Tarjeta de video Nvidia Quadro T1000 8GB, 8GB, 4 mDP to DP adapter<\/li>\n<li>Conexion Wifi Intel Wi-Fi 6E (6GHz) AX211 2&#215;2 Bluetooth 5.2 Fuente 300W up to 92% efficient (80 Plus Platinum) PSU Sistema<\/li>\n<li>Windows 11 Pro<\/li>\n<li>Garant\u00eda\u00a0En\u00a0sitio\u00a03\u00a0a\u00f1os<b><img loading=\"lazy\" class=\"aligncenter wp-image-10280\" src=\"https:\/\/hekalsoluciones.com\/hekalsoluciones\/wp-content\/uploads\/2024\/06\/ENVIO-GRATIS.png\" alt=\"\" width=\"535\" height=\"209\" srcset=\"https:\/\/hekalsoluciones.com\/hekalsoluciones\/wp-content\/uploads\/2024\/06\/ENVIO-GRATIS.png 1280w, https:\/\/hekalsoluciones.com\/hekalsoluciones\/wp-content\/uploads\/2024\/06\/ENVIO-GRATIS-300x117.png 300w, https:\/\/hekalsoluciones.com\/hekalsoluciones\/wp-content\/uploads\/2024\/06\/ENVIO-GRATIS-1024x400.png 1024w, https:\/\/hekalsoluciones.com\/hekalsoluciones\/wp-content\/uploads\/2024\/06\/ENVIO-GRATIS-768x300.png 768w\" sizes=\"(max-width: 535px) 100vw, 535px\" \/><\/b><\/li>\n<\/ul>\n","protected":false},"featured_media":9121,"comment_status":"open","ping_status":"closed","template":"","meta":{"_monsterinsights_skip_tracking":false,"_monsterinsights_sitenote_active":false,"_monsterinsights_sitenote_note":"","_monsterinsights_sitenote_category":0},"aioseo_notices":[],"_links":{"self":[{"href":"https:\/\/hekalsoluciones.com\/hekalsoluciones\/wp-json\/wp\/v2\/product\/8691"}],"collection":[{"href":"https:\/\/hekalsoluciones.com\/hekalsoluciones\/wp-json\/wp\/v2\/product"}],"about":[{"href":"https:\/\/hekalsoluciones.com\/hekalsoluciones\/wp-json\/wp\/v2\/types\/product"}],"replies":[{"embeddable":true,"href":"https:\/\/hekalsoluciones.com\/hekalsoluciones\/wp-json\/wp\/v2\/comments?post=8691"}],"wp:featuredmedia":[{"embeddable":true,"href":"https:\/\/hekalsoluciones.com\/hekalsoluciones\/wp-json\/wp\/v2\/media\/9121"}],"wp:attachment":[{"href":"https:\/\/hekalsoluciones.com\/hekalsoluciones\/wp-json\/wp\/v2\/media?parent=8691"}],"curies":[{"name":"wp","href":"https:\/\/api.w.org\/{rel}","templated":true}]}}