{"id":8725,"date":"2023-05-23T22:11:27","date_gmt":"2023-05-23T22:11:27","guid":{"rendered":"https:\/\/hekalsoluciones.com\/hekalsoluciones\/?post_type=product&#038;p=8725"},"modified":"2024-10-09T20:24:23","modified_gmt":"2024-10-09T20:24:23","slug":"soporte-dell-dual-monitor","status":"publish","type":"product","link":"https:\/\/hekalsoluciones.com\/hekalsoluciones\/producto\/soporte-dell-dual-monitor\/","title":{"rendered":"Soporte Dell Dual Monitor 27&#8243;"},"content":{"rendered":"<table cellspacing=\"0\" cellpadding=\"0\">\n<tbody>\n<tr>\n<td valign=\"top\" width=\"694\">\n<div>Caracter\u00edsticas<\/div>\n<table width=\"100%\">\n<tbody>\n<tr>\n<td class=\"para_small\">&nbsp;<\/p>\n<ul>\n<li>Disfrute del m\u00e1ximo espacio en su escritorio y de una mayor distancia de visualizaci\u00f3n<\/li>\n<li>Estaci\u00f3n de trabajo organizada y ordenada<\/li>\n<li>Ajustes flexibles para una visualizaci\u00f3n ideal<\/li>\n<li>F\u00e1cil instalaci\u00f3n sin necesidad de herramientas<\/li>\n<\/ul>\n<p>&nbsp;<\/p>\n<div>\n<p><a class=\"thumbdell\"><img src=\"http:\/\/snpi.dell.com\/snp\/images\/products\/large\/dell_dual_monitor_stand_mds19_1_s.jpg\" alt=\"Base para dos monitores Dell: MDS19\" \/><\/a>Ahorre espacio y aumente su productividad con la base para dos monitores Dell: MDS19.<\/p>\n<p><a class=\"thumbdell\">Vista ampliada<\/a><\/p>\n<\/div>\n<div>\n<h2>Maximice el espacio de escritorio con una distancia de visi\u00f3n mejorada<\/h2>\n<p>La base para dos monitores Dell MDS19 ahorra espacio, ya que permite montar hasta dos monitores de 27\u00a0pulgadas para ofrecer el espacio de pantalla que necesita para ser m\u00e1s productivo. Dise\u00f1ado con un espacio 30\u00a0% m\u00e1s peque\u00f1o y una mayor distancia de visi\u00f3n que su predecesor, la base para dos monitores Dell: MDS19 libera el valioso espacio de trabajo para que pueda escribir y hacer referencias y, adem\u00e1s, ofrece una comodidad de visualizaci\u00f3n mejorada.<\/p>\n<\/div>\n<div>\n<p><a class=\"thumbdell\"><img src=\"http:\/\/snpi.dell.com\/snp\/images\/products\/large\/dell_dual_monitor_stand_mds19_2_s.jpg\" alt=\"Base para dos monitores Dell: MDS19\" \/><\/a>Esconda los cables sin problemas con el canal para cables y los sujetadores proporcionados.<\/p>\n<p><a class=\"thumbdell\">Vista ampliada<\/a><\/p>\n<\/div>\n<div>\n<h2>Estaci\u00f3n de trabajo ordenada y libre de desorden<\/h2>\n<p>Esta base est\u00e1 cuidadosamente dise\u00f1ada e incluye caracter\u00edsticas de administraci\u00f3n de cables que los ocultan cuidadosamente de la vista. Organice sus cables. Para ello puede enrutarlos a trav\u00e9s de la ranura para cables y organizarlos en la base. Los sujetadores de cable a lo largo de la barra transversal curvada los mantienen cuidadosamente escondidos y fuera de su camino.<\/p>\n<\/div>\n<div>\n<p><a class=\"thumbdell\"><img src=\"http:\/\/snpi.dell.com\/snp\/images\/products\/large\/dell_dual_monitor_stand_mds19_3_s.jpg\" alt=\"Base para dos monitores Dell: MDS19\" \/><\/a>Eleve, baje, incline o gire paneles individuales para tener opciones de visualizaci\u00f3n flexibles, incluso con monitores de diferentes tama\u00f1os.<\/p>\n<p><a class=\"thumbdell\">Vista ampliada<\/a><\/p>\n<\/div>\n<div>\n<h2>Ajustes flexibles para una vista ideal<\/h2>\n<p>Ajuste ambos monitores a su altura y \u00e1ngulo de visi\u00f3n ideales. Cada panel puede elevarse hasta 5\u00a0pulgadas (130\u00a0mm) y puede girar 90\u00b0 en cualquier direcci\u00f3n, con lo que ofrece una vista vertical para facilitar la navegaci\u00f3n de la p\u00e1gina web o para desplazarse en aplicaciones orientadas hacia arriba.<\/p>\n<h2>Instalaci\u00f3n sencilla: no se necesitan herramientas<\/h2>\n<p>Ajuste f\u00e1cilmente los paneles de monitor, sin necesidad de tornillos o herramientas para instalar los monitores Dell UltraSharp o de la serie P con el soporte de desmontaje r\u00e1pido.<\/p>\n<h2>Compatibilidad<\/h2>\n<p>Optimizada para los monitores Dell UltraSharp y de la Serie P con el soporte de desmontaje r\u00e1pido Dell, monitores de la Serie E de Dell y los paneles de monitor VESA compatibles de 19&#8243; a 27&#8243;.<\/p>\n<h2>Garant\u00eda<\/h2>\n<p>Garant\u00eda de hardware durante 3\u00a0a\u00f1os<\/p>\n<h2>Contenido de la caja<\/h2>\n<p>Base para dos monitores de Dell: MDS19<br \/>\nAdaptadores VESA<br \/>\nDocumentaci\u00f3n<\/p>\n<\/div>\n<\/td>\n<\/tr>\n<\/tbody>\n<\/table>\n<\/td>\n<\/tr>\n<tr>\n<td><img loading=\"lazy\" src=\"https:\/\/si.cdn.dell.com\/images\/global\/general\/spacer.gif\" alt=\"\" width=\"1\" height=\"4\" \/><\/td>\n<\/tr>\n<tr>\n<td><img loading=\"lazy\" src=\"https:\/\/si.cdn.dell.com\/images\/global\/general\/spacer.gif\" alt=\"\" width=\"1\" height=\"4\" \/><\/td>\n<\/tr>\n<tr>\n<td valign=\"top\" width=\"694\">\n<div>Descripci\u00f3n<\/div>\n<p><a name=\"Overview\"><\/a><\/p>\n<table style=\"height: 283px;\" width=\"834\">\n<tbody>\n<tr>\n<td class=\"para_small\">La base para dos monitores Dell MDS19 ahorra espacio, ya que permite montar hasta dos monitores de 27\u00a0pulgadas para ofrecer el espacio de pantalla que necesita para ser m\u00e1s productivo. Dise\u00f1ado con un espacio 30\u00a0% m\u00e1s peque\u00f1o y una mayor distancia de visi\u00f3n que su predecesor, la base para dos monitores libera el espacio de trabajo para que pueda escribir y hacer referencias. La ranura para la administraci\u00f3n de cables permite ordenar los cables de la base, enrutarlos junto a la barra curva con sujetadores de cable para mantener los cables intactos y ocultos. Cada panel del monitor es completamente ajustable, lo que le permite ajustar la altura, la inclinaci\u00f3n y el movimiento giratorio para adaptarse a su visi\u00f3n. La instalaci\u00f3n sin herramientas de la base facilita la r\u00e1pida seguridad de los monitores Dell UltraSharp y de la serie P con el desmontaje r\u00e1pido y sin necesidad de tornillos. Tambi\u00e9n admite monitores de la serie E de Dell y otros monitores VESA est\u00e1ndar de 19&#8243; a 27&#8243;, de 100\u00a0mm x 100\u00a0mm.<\/td>\n<\/tr>\n<\/tbody>\n<\/table>\n<\/td>\n<\/tr>\n<\/tbody>\n<\/table>\n","protected":false},"excerpt":{"rendered":"<table class=\"a-normal a-spacing-micro\">\n<tbody>\n<tr class=\"a-spacing-small po-display.size\">\n<td class=\"a-span3\"><span class=\"a-size-base a-text-bold\">Tama\u00f1o de pantalla<\/span><\/td>\n<td class=\"a-span9\"><span class=\"a-size-base po-break-word\">27 Pulgadas<\/span><\/td>\n<\/tr>\n<tr class=\"a-spacing-small po-display.resolution_maximum\">\n<td class=\"a-span3\"><span class=\"a-size-base a-text-bold\">Resoluci\u00f3n M\u00e1xima de Pantalla<\/span><\/td>\n<td class=\"a-span9\"><span class=\"a-size-base po-break-word\">1920 x 1080 P\u00edxeles<\/span><\/td>\n<\/tr>\n<tr class=\"a-spacing-small po-brand\">\n<td class=\"a-span3\"><span class=\"a-size-base a-text-bold\">Marca<\/span><\/td>\n<td class=\"a-span9\"><span class=\"a-size-base po-break-word\">Dell<\/span><\/td>\n<\/tr>\n<tr class=\"a-spacing-small po-special_feature\">\n<td class=\"a-span3\"><span class=\"a-size-base a-text-bold\">Caracter\u00edsticas especiales<\/span><\/td>\n<td class=\"a-span9\"><span class=\"a-size-base po-break-word\">Ajuste de pivote, Ajuste giratorio., Ajuste de altura., Ajuste de inclinaci\u00f3n.<\/span><\/td>\n<\/tr>\n<tr class=\"a-spacing-small po-specific_uses_for_product\">\n<td class=\"a-span3\"><span class=\"a-size-base a-text-bold\">Usos espec\u00edficos del producto<\/span><\/td>\n<td class=\"a-span9\"><span class=\"a-size-base po-break-word\">Gaming<\/span><\/td>\n<\/tr>\n<\/tbody>\n<\/table>\n<p><b><img loading=\"lazy\" class=\"aligncenter wp-image-10280\" src=\"https:\/\/hekalsoluciones.com\/hekalsoluciones\/wp-content\/uploads\/2024\/06\/ENVIO-GRATIS.png\" alt=\"\" width=\"535\" height=\"209\" srcset=\"https:\/\/hekalsoluciones.com\/hekalsoluciones\/wp-content\/uploads\/2024\/06\/ENVIO-GRATIS.png 1280w, https:\/\/hekalsoluciones.com\/hekalsoluciones\/wp-content\/uploads\/2024\/06\/ENVIO-GRATIS-300x117.png 300w, https:\/\/hekalsoluciones.com\/hekalsoluciones\/wp-content\/uploads\/2024\/06\/ENVIO-GRATIS-1024x400.png 1024w, https:\/\/hekalsoluciones.com\/hekalsoluciones\/wp-content\/uploads\/2024\/06\/ENVIO-GRATIS-768x300.png 768w\" sizes=\"(max-width: 535px) 100vw, 535px\" \/><\/b><\/p>\n","protected":false},"featured_media":8726,"comment_status":"open","ping_status":"closed","template":"","meta":{"_monsterinsights_skip_tracking":false,"_monsterinsights_sitenote_active":false,"_monsterinsights_sitenote_note":"","_monsterinsights_sitenote_category":0},"aioseo_notices":[],"_links":{"self":[{"href":"https:\/\/hekalsoluciones.com\/hekalsoluciones\/wp-json\/wp\/v2\/product\/8725"}],"collection":[{"href":"https:\/\/hekalsoluciones.com\/hekalsoluciones\/wp-json\/wp\/v2\/product"}],"about":[{"href":"https:\/\/hekalsoluciones.com\/hekalsoluciones\/wp-json\/wp\/v2\/types\/product"}],"replies":[{"embeddable":true,"href":"https:\/\/hekalsoluciones.com\/hekalsoluciones\/wp-json\/wp\/v2\/comments?post=8725"}],"wp:featuredmedia":[{"embeddable":true,"href":"https:\/\/hekalsoluciones.com\/hekalsoluciones\/wp-json\/wp\/v2\/media\/8726"}],"wp:attachment":[{"href":"https:\/\/hekalsoluciones.com\/hekalsoluciones\/wp-json\/wp\/v2\/media?parent=8725"}],"curies":[{"name":"wp","href":"https:\/\/api.w.org\/{rel}","templated":true}]}}