{"id":8753,"date":"2023-05-23T22:37:18","date_gmt":"2023-05-23T22:37:18","guid":{"rendered":"https:\/\/hekalsoluciones.com\/hekalsoluciones\/?post_type=product&#038;p=8753"},"modified":"2024-10-03T17:39:49","modified_gmt":"2024-10-03T17:39:49","slug":"cargador-dell-portatil-laptop-usb-c-plus-65wh","status":"publish","type":"product","link":"https:\/\/hekalsoluciones.com\/hekalsoluciones\/producto\/cargador-dell-portatil-laptop-usb-c-plus-65wh\/","title":{"rendered":"Bater\u00eda Port\u00e1til recargable Dell USB-C Plus 65Wh"},"content":{"rendered":"<table cellspacing=\"0\" cellpadding=\"0\">\n<tbody>\n<tr>\n<td valign=\"top\" width=\"694\">\n<div>Caracter\u00edsticas<\/div>\n<table width=\"100%\">\n<tbody>\n<tr>\n<td class=\"para_small\">\n<div>\n<p><a class=\"thumbdell\"><img src=\"http:\/\/snpi.dell.com\/snp\/images\/products\/large\/dell_notebook_power_bank_plus_PW7018LC_1_s.jpg\" alt=\"Dell Notebook Power Bank Plus - USB-C, 65\u00a0Wh - PW7018LC\" \/><\/a>El Dell Notebook Power Bank Plus &#8211; USB-C, 65\u00a0Wh carga la gama m\u00e1s amplia de laptops USB-C, adem\u00e1s de dispositivos m\u00f3viles, lo que ofrece una productividad ininterrumpida.<\/p>\n<p><a class=\"thumbdell\">Vista ampliada<\/a><\/p>\n<\/div>\n<div>\n<h2>El primer banco de energ\u00eda para laptops del mundo en cargar el la gama m\u00e1s amplia de laptops USB-C, adem\u00e1s de dispositivos m\u00f3viles<\/h2>\n<p>Cuando necesita energ\u00eda en movimiento, el Dell Notebook Power Bank Plus &#8211; USB-C, 65\u00a0Wh puede cargar la gama m\u00e1s amplia de laptops y dispositivos con una salida de energ\u00eda de 65\u00a0W. Ya sea que necesite cargar dispositivos con perfiles de voltaje de 5\u00a0V, 9\u00a0V, 15\u00a0V o 20\u00a0V, el Power Bank Plus le ayudar\u00e1.<\/p>\n<h2>Mejore la productividad con una bater\u00eda de gran capacidad<\/h2>\n<p>Su gran capacidad de energ\u00eda de 6 celdas de 65\u00a0Wh mantendr\u00e1n a su laptop y dispositivos m\u00f3viles en funcionamiento, y cargar\u00e1 laptops que requieran hasta 65\u00a0W de salida de energ\u00eda, para una productividad ininterrumpida mientras que est\u00e1 en movimiento. Obtenga un tiempo de funcionamiento adicional de hasta 16 horas** en su Dell XPS 9370.<\/p>\n<\/div>\n<div>\n<p><a class=\"thumbdell\"><img src=\"http:\/\/snpi.dell.com\/snp\/images\/products\/large\/dell_notebook_power_bank_plus_PW7018LC_2_s.jpg\" alt=\"Dell Notebook Power Bank Plus - USB-C, 65\u00a0Wh - PW7018LC\" \/><\/a>Disfrute de una carga de dispositivos dobles con capacidades de lectura y escritura gracias al puerto USB-A secundario.<\/p>\n<p><a class=\"thumbdell\">Vista ampliada<\/a><\/p>\n<\/div>\n<div>\n<h2>Carga de dispositivos dobles con capacidades de lectura y escritura<\/h2>\n<p>Conecte su smartphone en el puerto USB-A secundario para cargarlo junto con su laptop con USB-C. Este puerto adicional USB-A ofrece una visualizaci\u00f3n y edici\u00f3n de contenido desde su smartphone o unidad Flash, sin ocupar otro puerto USB-A en su laptop.<\/p>\n<h2>Dise\u00f1o delgado y elegante<\/h2>\n<p>Los cables se enrollan f\u00e1cilmente alrededor del delgado perfil y los bordes redondeados del banco de energ\u00eda para ajustarse sin problemas a su mochila para un almacenamiento ordenado.<\/p>\n<h2>Contenido de la caja<\/h2>\n<p>Dell Notebook Power Bank Plus &#8211; USB-C, 65\u00a0Wh<\/p>\n<h2>Compatibilidad<\/h2>\n<p>Los laptops con USB-C y los dispositivos m\u00f3viles con perfiles de voltaje: 5\u00a0V\/3A, 9\u00a0V\/3A, 15\u00a0V\/3, 20\u00a0V\/3,25A (65\u00a0W m\u00e1x.)<\/p>\n<h2>Garant\u00eda<\/h2>\n<p>1\u00a0a\u00f1o<\/p>\n<p>* Dell sigue a los protocolos est\u00e1ndar de USB-C, la funcionalidad total con otras marcas de laptops de USB-C puede variar.<br \/>\n** El c\u00e1lculo de horas extendidas se basa en la relacipon de capacidad de bater\u00eda del sistema con respecto al Dell Notebook Power Bank y las calificaciones de duraci\u00f3n de bater\u00eda de Mobile Mark 14 publicadas, sujeto a condiciones de utilizaci\u00f3n del sistema.<\/p>\n<\/div>\n<\/td>\n<\/tr>\n<\/tbody>\n<\/table>\n<\/td>\n<\/tr>\n<tr>\n<td><img loading=\"lazy\" src=\"https:\/\/si.cdn.dell.com\/images\/global\/general\/spacer.gif\" alt=\"\" width=\"1\" height=\"4\" \/><\/td>\n<\/tr>\n<tr>\n<td><img loading=\"lazy\" src=\"https:\/\/si.cdn.dell.com\/images\/global\/general\/spacer.gif\" alt=\"\" width=\"1\" height=\"4\" \/><\/td>\n<\/tr>\n<tr>\n<td valign=\"top\" width=\"694\">\n<div>Descripci\u00f3n<\/div>\n<p><a name=\"Overview\"><\/a><\/p>\n<table>\n<tbody>\n<tr>\n<td class=\"para_small\">El cargador port\u00e1til para laptop Dell USB-C Plus, 65 Wh, es el primer banco de energ\u00eda para laptops USB-C en cargar la gama m\u00e1s amplia de laptops USB-C, adem\u00e1s de dispositivos m\u00f3viles Ofrece una salida de alta potencia de hasta 65 W y puede cargar laptops y dispositivos m\u00f3viles con perfiles de voltaje de 5 V, 9 V, 15 V o 20 V. Su gran bater\u00eda de 6 celdas de 65 Wh mantiene sus laptops, tabletas y smartphones en funcionamiento por m\u00e1s tiempo. Conecte su smartphone al puerto USB-A secundario para cargarlo junto con su laptop con USB-C o util\u00edcelo como un puerto adicional para ver y editar contenido de su tel\u00e9fono inteligente o una unidad Flash.<\/p>\n<p># de parte del Fabricante : 277M9<br \/>\n# de parte Dell : 451-BCEV<\/td>\n<\/tr>\n<tr>\n<td class=\"para_small\"><b>Compatibilidad<\/b><\/p>\n<div class=\"para\">Este producto es compatible con los siguientes sistemas:<\/div>\n<div>\n<table>\n<tbody>\n<tr>\n<td>\n<div class=\"point_small\">Chromebook 11 3000 3110<\/div>\n<div class=\"point_small\">Chromebook 11 3000 3110 2-in-1<\/div>\n<div class=\"point_small\">Chromebook 11 3100<\/div>\n<div class=\"point_small\">Chromebook 11 3100 2-In-1<\/div>\n<div class=\"point_small\">Chromebook 11 5190<\/div>\n<div class=\"point_small\">Chromebook 11 5190 2-In-1<\/div>\n<div class=\"point_small\">Chromebook 14 3400<\/div>\n<div class=\"point_small\">Inspiron 14 7000 (7420) 2-in-1<\/div>\n<div class=\"point_small\">Inspiron 14 7000 (7435) 2-in-1<\/div>\n<div class=\"point_small\">Inspiron 14 7000 (7490)<\/div>\n<div class=\"point_small\">Inspiron 16 7000 (7635) 2-in-1<\/div>\n<div class=\"point_small\">Inspiron Chromebook 14 7486 2-in-1<\/div>\n<div class=\"point_small\">Latitude 3310 2-in-1<\/div>\n<div class=\"point_small\">Latitude 3320<\/div>\n<div class=\"point_small\">Latitude 3330<\/div>\n<div class=\"point_small\">Latitude 3340 (Launched in 2023)<\/div>\n<div class=\"point_small\">Latitude 3390 2-in-1<\/div>\n<div class=\"point_small\">Latitude 3400<\/div>\n<div class=\"point_small\">Latitude 3410<\/div>\n<div class=\"point_small\">Latitude 3420<\/div>\n<div class=\"point_small\">Latitude 3440<\/div>\n<div class=\"point_small\">Latitude 3490<\/div>\n<div class=\"point_small\">Latitude 3500<\/div>\n<div class=\"point_small\">Latitude 3510<\/div>\n<div class=\"point_small\">Latitude 3520<\/div>\n<div class=\"point_small\">Latitude 3540<\/div>\n<div class=\"point_small\">Latitude 3590<\/div>\n<div class=\"point_small\">Latitude 5285 2-in-1<\/div>\n<div class=\"point_small\">Latitude 5289 2-in-1<\/div>\n<div class=\"point_small\">Latitude 5290<\/div>\n<div class=\"point_small\">Latitude 5290 2-in-1<\/div>\n<div class=\"point_small\">Latitude 5300<\/div>\n<div class=\"point_small\">Latitude 5300 2-In-1<\/div>\n<div class=\"point_small\">Latitude 5300 2-in-1 Chrome<\/div>\n<div class=\"point_small\">Latitude 5310<\/div>\n<div class=\"point_small\">Latitude 5310 2-in-1<\/div>\n<div class=\"point_small\">Latitude 5330<\/div>\n<div class=\"point_small\">Latitude 5340<\/div>\n<div class=\"point_small\">Latitude 5400<\/div>\n<div class=\"point_small\">Latitude 5400 Chrome<\/div>\n<div class=\"point_small\">Latitude 5401<\/div>\n<div class=\"point_small\">Latitude 5410<\/div>\n<div class=\"point_small\">Latitude 5411<\/div>\n<div class=\"point_small\">Latitude 5430<\/div>\n<div class=\"point_small\">Latitude 5440<\/div>\n<div class=\"point_small\">Latitude 5490<\/div>\n<div class=\"point_small\">Latitude 5495<\/div>\n<div class=\"point_small\">Latitude 5500<\/div>\n<div class=\"point_small\">Latitude 5501<\/div>\n<div class=\"point_small\">Latitude 5510<\/div>\n<div class=\"point_small\">Latitude 5511<\/div>\n<div class=\"point_small\">Latitude 5530<\/div>\n<div class=\"point_small\">Latitude 5540<\/div>\n<div class=\"point_small\">Latitude 5590<\/div>\n<div class=\"point_small\">Latitude 7200 2-In-1<\/div>\n<div class=\"point_small\">Latitude 7210 2-in-1<\/div>\n<div class=\"point_small\">Latitude 7285 2-in-1<\/div>\n<div class=\"point_small\">Latitude 7290<\/div>\n<div class=\"point_small\">Latitude 7300<\/div>\n<div class=\"point_small\">Latitude 7310<\/div>\n<div class=\"point_small\">Latitude 7320 Detachable<\/div>\n<div class=\"point_small\">Latitude 7330<\/div>\n<div class=\"point_small\">Latitude 7340<\/div>\n<div class=\"point_small\">Latitude 7389 2-in-1<\/div>\n<div class=\"point_small\">Latitude 7390<\/div>\n<div class=\"point_small\">Latitude 7390 2-in-1<\/div>\n<div class=\"point_small\">Latitude 7400 2-In-1<\/div>\n<div class=\"point_small\">Latitude 7410 2-in-1<\/div>\n<div class=\"point_small\">Latitude 7430<\/div>\n<div class=\"point_small\">Latitude 7440<\/div>\n<div class=\"point_small\">Latitude 7490<\/div>\n<div class=\"point_small\">Latitude 7530<\/div>\n<div class=\"point_small\">Latitude 7640<\/div>\n<div class=\"point_small\">Latitude 9410 2-in-1<\/div>\n<div class=\"point_small\">Latitude 9420 2-in-1<\/div>\n<div class=\"point_small\">Latitude 9430<\/div>\n<div class=\"point_small\">Latitude 9440 2-in-1<\/div>\n<div class=\"point_small\">Latitude 9510<\/div>\n<div class=\"point_small\">Latitude 9520 2-in-1<\/div>\n<div class=\"point_small\">Latitude Chromebook 14 7410 2-in-1<\/div>\n<div class=\"point_small\">Precision 3480<\/div>\n<div class=\"point_small\">Precision 3540<\/div>\n<div class=\"point_small\">Precision 3550<\/div>\n<div class=\"point_small\">Precision 3551<\/div>\n<div class=\"point_small\">Precision 3580<\/div>\n<div class=\"point_small\">Precision 3581<\/div>\n<div class=\"point_small\">Vostro 13 5000 (5320)<\/div>\n<div class=\"point_small\">XPS 13 (7390)<\/div>\n<div class=\"point_small\">XPS 13 (7390) 2-in-1<\/div>\n<div class=\"point_small\">XPS 13 (9300)<\/div>\n<div class=\"point_small\">XPS 13 (9305)<\/div>\n<div class=\"point_small\">XPS 13 (9320)<\/div>\n<div class=\"point_small\">XPS 13 (9365) 2-in-1<\/div>\n<div class=\"point_small\">XPS 13 (9370)<\/div>\n<div class=\"point_small\">XPS 13 (9380)<\/div>\n<div class=\"point_small\">XPS 15 (9500)<\/div>\n<div class=\"point_small\">XPS 15 (9570)<\/div>\n<div class=\"point_small\">XPS 17 (9700)<\/div>\n<\/td>\n<\/tr>\n<\/tbody>\n<\/table>\n<\/div>\n<\/td>\n<\/tr>\n<\/tbody>\n<\/table>\n<\/td>\n<\/tr>\n<\/tbody>\n<\/table>\n","protected":false},"excerpt":{"rendered":"<div class=\"font-bold font-compact-16 title js-productName js-productName-430236 center-xs\" data-productname=\"Dell Notebook Power Bank Plus PW7018LC - Cargador port\u00e1til - 1 x bater\u00edas\">Dell Notebook Power Bank Plus PW7018LC &#8211; Cargador port\u00e1til &#8211; 1 x bater\u00edas<\/div>\n<div class=\"font-compact-12 font-bold brand\">Dell<\/div>\n<div class=\"font-compact-12 items hidden-xs\">\n<ul>\n<li>Ion de litio<\/li>\n<li>6 celdas<\/li>\n<li>65 Wh<\/li>\n<li>plata<\/li>\n<li>para Latitude 5289 2-In-1, 54XX, 7290, 7390, 73XX 2-in-1, 7400 2-in-1, 7490; XPS 13 93XX<b><img loading=\"lazy\" class=\"aligncenter wp-image-10280\" src=\"https:\/\/hekalsoluciones.com\/hekalsoluciones\/wp-content\/uploads\/2024\/06\/ENVIO-GRATIS.png\" alt=\"\" width=\"535\" height=\"209\" srcset=\"https:\/\/hekalsoluciones.com\/hekalsoluciones\/wp-content\/uploads\/2024\/06\/ENVIO-GRATIS.png 1280w, https:\/\/hekalsoluciones.com\/hekalsoluciones\/wp-content\/uploads\/2024\/06\/ENVIO-GRATIS-300x117.png 300w, https:\/\/hekalsoluciones.com\/hekalsoluciones\/wp-content\/uploads\/2024\/06\/ENVIO-GRATIS-1024x400.png 1024w, https:\/\/hekalsoluciones.com\/hekalsoluciones\/wp-content\/uploads\/2024\/06\/ENVIO-GRATIS-768x300.png 768w\" sizes=\"(max-width: 535px) 100vw, 535px\" \/><\/b><\/li>\n<\/ul>\n<\/div>\n","protected":false},"featured_media":9127,"comment_status":"open","ping_status":"closed","template":"","meta":{"_monsterinsights_skip_tracking":false,"_monsterinsights_sitenote_active":false,"_monsterinsights_sitenote_note":"","_monsterinsights_sitenote_category":0},"aioseo_notices":[],"_links":{"self":[{"href":"https:\/\/hekalsoluciones.com\/hekalsoluciones\/wp-json\/wp\/v2\/product\/8753"}],"collection":[{"href":"https:\/\/hekalsoluciones.com\/hekalsoluciones\/wp-json\/wp\/v2\/product"}],"about":[{"href":"https:\/\/hekalsoluciones.com\/hekalsoluciones\/wp-json\/wp\/v2\/types\/product"}],"replies":[{"embeddable":true,"href":"https:\/\/hekalsoluciones.com\/hekalsoluciones\/wp-json\/wp\/v2\/comments?post=8753"}],"wp:featuredmedia":[{"embeddable":true,"href":"https:\/\/hekalsoluciones.com\/hekalsoluciones\/wp-json\/wp\/v2\/media\/9127"}],"wp:attachment":[{"href":"https:\/\/hekalsoluciones.com\/hekalsoluciones\/wp-json\/wp\/v2\/media?parent=8753"}],"curies":[{"name":"wp","href":"https:\/\/api.w.org\/{rel}","templated":true}]}}