{"id":8763,"date":"2023-05-23T22:44:12","date_gmt":"2023-05-23T22:44:12","guid":{"rendered":"https:\/\/hekalsoluciones.com\/hekalsoluciones\/?post_type=product&#038;p=8763"},"modified":"2024-06-17T18:05:12","modified_gmt":"2024-06-17T18:05:12","slug":"convertidor-displayport-macho-a-hdmi-v1-2-hembra-4k-3d-30-60hz-xue-cs5218","status":"publish","type":"product","link":"https:\/\/hekalsoluciones.com\/hekalsoluciones\/producto\/convertidor-displayport-macho-a-hdmi-v1-2-hembra-4k-3d-30-60hz-xue-cs5218\/","title":{"rendered":"Convertidor Displayport Macho a HDMI V1.2 HEMBRA 4K 3D 30\/60HZ XUE\u00ae (CS5218)"},"content":{"rendered":"<p><strong>Descripci\u00f3n General:<\/strong><\/p>\n<p>Conecte f\u00e1cilmente sus dispositivos con DisplayPort a HDTV y monitores HDMI con el adaptador DisplayPort a HDMI.\u00a0Este adaptador macho DisplayPort a HDMI hembra 4K 3D le permite transmitir instant\u00e1neamente video y audio de alta calidad desde computadoras port\u00e1tiles, computadoras de escritorio y tabletas que tienen una salida DisplayPort a su televisor HDMI o monitor de computadora usando un cable HDMI separado (no incluido).<\/p>\n<p>Ofrece el est\u00e1ndar de interfaz de pantalla digital ideal para un rendimiento m\u00e1ximo de alta definici\u00f3n.\u00a0Este adaptador DisplayPort a HDMI V1.2 4K 3D le permite disfrutar de video 4K (3840 x 2160) a una velocidad de cuadro de 30Hz, que es m\u00e1s de cuatro veces el n\u00famero de p\u00edxeles de 1080p.<\/p>\n<p><strong>Especificaciones:<\/strong><br \/>\nTransmita audio y video desde DisplayPort a HDTV y monitores.<br \/>\nSoporte\u00a0de alta definici\u00f3n de hasta 4k x 2k (3840 x 2160) a 30Hz.<br \/>\nAgrega funcionalidad HDMI a dispositivos con solo salida DisplayPort.<br \/>\n\u00daselo para pel\u00edculas, presentaciones, presentaciones de fotos y m\u00e1s.<br \/>\nConectividad plug-and-play simple.<br \/>\nAdmite HDCP (Protecci\u00f3n de contenido de alta definici\u00f3n).<\/p>\n<p>Color:\u00a0 \u00a0 \u00a0 \u00a0 \u00a0 \u00a0 \u00a0 \u00a0 \u00a0 \u00a0 \u00a0 \u00a0 \u00a0 \u00a0 \u00a0 Negro<br \/>\nGarant\u00eda:\u00a0 \u00a0 \u00a0 \u00a0 \u00a0 \u00a0 \u00a0 \u00a0 \u00a0 \u00a0 \u00a0 \u00a0 \u00a06 meses<br \/>\nConector 1:\u00a0 \u00a0\u00a0 \u00a0 \u00a0 \u00a0 \u00a0 \u00a0 \u00a0 \u00a0 \u00a0 Displayport (Macho)<br \/>\nConector 2:\u00a0 \u00a0 \u00a0 \u00a0 \u00a0 \u00a0 \u00a0 \u00a0 \u00a0 \u00a0\u00a0\u00a0HDMI V1.2 4K 3D\u00a0(Hembra)<br \/>\nLongitud:\u00a0 \u00a0 \u00a0 \u00a0 \u00a0 \u00a0 \u00a0 \u00a0 \u00a0 \u00a0 \u00a0 \u00a0\u00a0\u00a015 cm<br \/>\nContenido del paquete:\u00a0\u00a0Convertidor.<\/p>\n<p>&nbsp;<\/p>\n<p><b>Manuf P\/N:\u00a0<\/b>\u00a0CONV-DPORT-HDMI-4K\/60Hhz<\/p>\n<p><b>Longitud:\u00a0<\/b>\u00a015\u00a0cm<\/p>\n<p><b>Tipo:\u00a0<\/b>\u00a0Convertidor Displayport a\u00a0HDMI V1.2 4K 3D<\/p>\n<p><b><strong>Conector<\/strong>:\u00a0<\/b>\u00a0HDMI 4K 3D<\/p>\n<p><b><strong>Resoluci\u00f3n<\/strong>:\u00a0<\/b>\u00a04k x 2k (3840 x 2160)<\/p>\n","protected":false},"excerpt":{"rendered":"<p><b>Manuf P\/N:\u00a0<\/b>\u00a0CONV-DPORT-HDMI-4K\/60Hhz<\/p>\n<p><b>Longitud:\u00a0<\/b>\u00a015\u00a0cm<\/p>\n<p><b>Tipo:\u00a0<\/b>\u00a0Convertidor Displayport a\u00a0HDMI V1.2 4K 3D<\/p>\n<p><b><strong>Conector<\/strong>:\u00a0<\/b>\u00a0HDMI 4K 3D<\/p>\n<p><b><strong>Resoluci\u00f3n<\/strong>:\u00a0<\/b>\u00a04k x 2k (3840 x 2160)<b><img loading=\"lazy\" class=\"aligncenter wp-image-10280\" src=\"https:\/\/hekalsoluciones.com\/hekalsoluciones\/wp-content\/uploads\/2024\/06\/ENVIO-GRATIS.png\" alt=\"\" width=\"535\" height=\"209\" srcset=\"https:\/\/hekalsoluciones.com\/hekalsoluciones\/wp-content\/uploads\/2024\/06\/ENVIO-GRATIS.png 1280w, https:\/\/hekalsoluciones.com\/hekalsoluciones\/wp-content\/uploads\/2024\/06\/ENVIO-GRATIS-300x117.png 300w, https:\/\/hekalsoluciones.com\/hekalsoluciones\/wp-content\/uploads\/2024\/06\/ENVIO-GRATIS-1024x400.png 1024w, https:\/\/hekalsoluciones.com\/hekalsoluciones\/wp-content\/uploads\/2024\/06\/ENVIO-GRATIS-768x300.png 768w\" sizes=\"(max-width: 535px) 100vw, 535px\" \/><\/b><\/p>\n","protected":false},"featured_media":8764,"comment_status":"open","ping_status":"closed","template":"","meta":{"_monsterinsights_skip_tracking":false,"_monsterinsights_sitenote_active":false,"_monsterinsights_sitenote_note":"","_monsterinsights_sitenote_category":0},"aioseo_notices":[],"_links":{"self":[{"href":"https:\/\/hekalsoluciones.com\/hekalsoluciones\/wp-json\/wp\/v2\/product\/8763"}],"collection":[{"href":"https:\/\/hekalsoluciones.com\/hekalsoluciones\/wp-json\/wp\/v2\/product"}],"about":[{"href":"https:\/\/hekalsoluciones.com\/hekalsoluciones\/wp-json\/wp\/v2\/types\/product"}],"replies":[{"embeddable":true,"href":"https:\/\/hekalsoluciones.com\/hekalsoluciones\/wp-json\/wp\/v2\/comments?post=8763"}],"wp:featuredmedia":[{"embeddable":true,"href":"https:\/\/hekalsoluciones.com\/hekalsoluciones\/wp-json\/wp\/v2\/media\/8764"}],"wp:attachment":[{"href":"https:\/\/hekalsoluciones.com\/hekalsoluciones\/wp-json\/wp\/v2\/media?parent=8763"}],"curies":[{"name":"wp","href":"https:\/\/api.w.org\/{rel}","templated":true}]}}