{"id":8767,"date":"2023-05-23T23:01:47","date_gmt":"2023-05-23T23:01:47","guid":{"rendered":"https:\/\/hekalsoluciones.com\/hekalsoluciones\/?post_type=product&#038;p=8767"},"modified":"2024-06-17T18:05:04","modified_gmt":"2024-06-17T18:05:04","slug":"licencia-windows-10-profesional-oem-64bit-fqc-08981","status":"publish","type":"product","link":"https:\/\/hekalsoluciones.com\/hekalsoluciones\/producto\/licencia-windows-10-profesional-oem-64bit-fqc-08981\/","title":{"rendered":"LICENCIA WINDOWS 10 PROFESIONAL OEM 64BIT FQC-08981"},"content":{"rendered":"<p>Con Windows 10 Pro, tienes un gran socio en los negocios. Tiene todas las funciones de Windows 10 para el Hogar e importantes funcionalidades de negocios para cifrado, inicio de sesi\u00f3n remoto, crear m\u00e1quinas virtuales y mucho m\u00e1s. Obt\u00e9n inicios r\u00e1pidos, un men\u00fa Inicio familiar pero ampliado, muchas formas nuevas de hacer las cosas y funciones innovadoras como el navegador totalmente nuevo creado para la acci\u00f3n en l\u00ednea y Cortana, el asistente digital m\u00e1s personal.<\/p>\n<p>Con el sistema operativo profesional m\u00e1s nuevo de Microsoft Windows 10 tendr\u00e1 el mejor aliado en su negocio pues cuenta con importantes funciones que le permitir\u00e1n trabajar acorde a lo que necesita.<\/p>\n<p><strong>\u00danete a tu dominio.<\/strong>\u00a0Puedes conectarte al dominio de tu empresa o escuela, o a Azure Active Directory, para usar archivos de red, servidores, impresoras y mucho m\u00e1s.<\/p>\n<p><strong>Cifrado mejorado<\/strong>. Obt\u00e9n seguridad adicional con BitLocker, que te ayuda a proteger tus datos con administraci\u00f3n del cifrado y la seguridad.<\/p>\n<p><strong>Inicio de sesi\u00f3n remoto.<\/strong>\u00a0Windows 10 te permite conectarte a Escritorio remoto para iniciar sesi\u00f3n y usar tu PC Pro en casa o durante los desplazamientos.<\/p>\n<p><strong>M\u00e1quinas virtuales.<\/strong>\u00a0Crea y ejecuta m\u00e1quinas virtuales con Hyper-V para que puedas ejecutar m\u00e1s de un sistema operativo a la vez en el mismo PC.<\/p>\n<p><strong>Tus aplicaciones en la Tienda.<\/strong>\u00a0Windows 10 te permite crear tu propia secci\u00f3n privada de aplicaciones en la Tienda Windows para acceder c\u00f3modamente a las aplicaciones de empresa<\/p>\n<h4>Caracter\u00edsticas<\/h4>\n<ul>\n<li>Cantidad de licencia 1 licencia(s)<\/li>\n<li>Tipo de licencia Full license<\/li>\n<li>Tipo de licencia Producto empaquetado completo (FPP; full packaged product)<\/li>\n<li>Versi\u00f3n de idioma Espa\u00f1ol<\/li>\n<li>Tipo de software Fabricante de equipos originales (OEM)<\/li>\n<li>Tipo de medio DVD<\/li>\n<li>Licencia de por vida.<\/li>\n<li>El producto muere o pierde validez si hay un da\u00f1o mayor en el equipo.<\/li>\n<\/ul>\n","protected":false},"excerpt":{"rendered":"<p>Licencia Windows 10 Profesional OEM.\u00a0Licencia valida solo para Equipos Nuevos,\u00a0No es transferible. Se entrega sobre o cart\u00f3n sellado, en su interior contiene sticker con clave alfanum\u00e9rica del producto (COA) para posterior activaci\u00f3n y medio de instalaci\u00f3n (DVD). Licencia v\u00e1lida para para 1 PC. Ideal para usuarios que necesiten funcionalidades mejoradas. Perfecto para negocios.<b><img loading=\"lazy\" class=\"aligncenter wp-image-10280\" src=\"https:\/\/hekalsoluciones.com\/hekalsoluciones\/wp-content\/uploads\/2024\/06\/ENVIO-GRATIS.png\" alt=\"\" width=\"535\" height=\"209\" srcset=\"https:\/\/hekalsoluciones.com\/hekalsoluciones\/wp-content\/uploads\/2024\/06\/ENVIO-GRATIS.png 1280w, https:\/\/hekalsoluciones.com\/hekalsoluciones\/wp-content\/uploads\/2024\/06\/ENVIO-GRATIS-300x117.png 300w, https:\/\/hekalsoluciones.com\/hekalsoluciones\/wp-content\/uploads\/2024\/06\/ENVIO-GRATIS-1024x400.png 1024w, https:\/\/hekalsoluciones.com\/hekalsoluciones\/wp-content\/uploads\/2024\/06\/ENVIO-GRATIS-768x300.png 768w\" sizes=\"(max-width: 535px) 100vw, 535px\" \/><\/b><\/p>\n","protected":false},"featured_media":8768,"comment_status":"open","ping_status":"closed","template":"","meta":{"_monsterinsights_skip_tracking":false,"_monsterinsights_sitenote_active":false,"_monsterinsights_sitenote_note":"","_monsterinsights_sitenote_category":0},"aioseo_notices":[],"_links":{"self":[{"href":"https:\/\/hekalsoluciones.com\/hekalsoluciones\/wp-json\/wp\/v2\/product\/8767"}],"collection":[{"href":"https:\/\/hekalsoluciones.com\/hekalsoluciones\/wp-json\/wp\/v2\/product"}],"about":[{"href":"https:\/\/hekalsoluciones.com\/hekalsoluciones\/wp-json\/wp\/v2\/types\/product"}],"replies":[{"embeddable":true,"href":"https:\/\/hekalsoluciones.com\/hekalsoluciones\/wp-json\/wp\/v2\/comments?post=8767"}],"wp:featuredmedia":[{"embeddable":true,"href":"https:\/\/hekalsoluciones.com\/hekalsoluciones\/wp-json\/wp\/v2\/media\/8768"}],"wp:attachment":[{"href":"https:\/\/hekalsoluciones.com\/hekalsoluciones\/wp-json\/wp\/v2\/media?parent=8767"}],"curies":[{"name":"wp","href":"https:\/\/api.w.org\/{rel}","templated":true}]}}