{"id":8796,"date":"2023-06-07T17:25:12","date_gmt":"2023-06-07T17:25:12","guid":{"rendered":"https:\/\/hekalsoluciones.com\/hekalsoluciones\/?post_type=product&#038;p=8796"},"modified":"2024-06-17T13:27:06","modified_gmt":"2024-06-17T13:27:06","slug":"mouse-optico-dell-ms3220","status":"publish","type":"product","link":"https:\/\/hekalsoluciones.com\/hekalsoluciones\/producto\/mouse-optico-dell-ms3220\/","title":{"rendered":"Mouse Optico Dell MS3220 Gris"},"content":{"rendered":"<p>Obtenga un control de alta precisi\u00f3n con este mouse con cable Optico de Dell: MS3220. Las opciones de PPP preestablecidas de f\u00e1cil acceso le permiten navegar sin esfuerzo a trav\u00e9s de m\u00faltiples pantallas, ya sea que se trate de pantallas 4K de alta resoluci\u00f3n a 3200 ppp o pantallas de menor resoluci\u00f3n a una sensibilidad mucho menor.<\/p>\n<p><img loading=\"lazy\" class=\"alignnone size-medium wp-image-6230\" src=\"https:\/\/hekalsoluciones.com\/hekalsoluciones\/wp-content\/uploads\/2020\/06\/MOUSE-NEGRO-LINDO-3-210x300.png\" alt=\"\" width=\"210\" height=\"300\" srcset=\"https:\/\/hekalsoluciones.com\/hekalsoluciones\/wp-content\/uploads\/2020\/06\/MOUSE-NEGRO-LINDO-3-210x300.png 210w, https:\/\/hekalsoluciones.com\/hekalsoluciones\/wp-content\/uploads\/2020\/06\/MOUSE-NEGRO-LINDO-3.png 310w\" sizes=\"(max-width: 210px) 100vw, 210px\" \/><\/p>\n<p>&nbsp;<\/p>\n","protected":false},"excerpt":{"rendered":"<p>Mouse laser dell ms3220 Obtenga un control de alta precisi\u00f3n con este mouse con cable optico<\/p>\n<p>Las opciones de DPI preestablecidas de f\u00e1cil acceso le permiten navegar sin esfuerzo a trav\u00e9s de m\u00faltiples pantallas, ya sea pantallas 4K de alta resoluci\u00f3n a 3200 DPI o pantallas de baja resoluci\u00f3n con una sensibilidad mucho menor.<b><img loading=\"lazy\" class=\"aligncenter wp-image-10280\" src=\"https:\/\/hekalsoluciones.com\/hekalsoluciones\/wp-content\/uploads\/2024\/06\/ENVIO-GRATIS.png\" alt=\"\" width=\"535\" height=\"209\" srcset=\"https:\/\/hekalsoluciones.com\/hekalsoluciones\/wp-content\/uploads\/2024\/06\/ENVIO-GRATIS.png 1280w, https:\/\/hekalsoluciones.com\/hekalsoluciones\/wp-content\/uploads\/2024\/06\/ENVIO-GRATIS-300x117.png 300w, https:\/\/hekalsoluciones.com\/hekalsoluciones\/wp-content\/uploads\/2024\/06\/ENVIO-GRATIS-1024x400.png 1024w, https:\/\/hekalsoluciones.com\/hekalsoluciones\/wp-content\/uploads\/2024\/06\/ENVIO-GRATIS-768x300.png 768w\" sizes=\"(max-width: 535px) 100vw, 535px\" \/><\/b><\/p>\n","protected":false},"featured_media":6228,"comment_status":"open","ping_status":"closed","template":"","meta":{"_monsterinsights_skip_tracking":false,"_monsterinsights_sitenote_active":false,"_monsterinsights_sitenote_note":"","_monsterinsights_sitenote_category":0},"aioseo_notices":[],"_links":{"self":[{"href":"https:\/\/hekalsoluciones.com\/hekalsoluciones\/wp-json\/wp\/v2\/product\/8796"}],"collection":[{"href":"https:\/\/hekalsoluciones.com\/hekalsoluciones\/wp-json\/wp\/v2\/product"}],"about":[{"href":"https:\/\/hekalsoluciones.com\/hekalsoluciones\/wp-json\/wp\/v2\/types\/product"}],"replies":[{"embeddable":true,"href":"https:\/\/hekalsoluciones.com\/hekalsoluciones\/wp-json\/wp\/v2\/comments?post=8796"}],"wp:featuredmedia":[{"embeddable":true,"href":"https:\/\/hekalsoluciones.com\/hekalsoluciones\/wp-json\/wp\/v2\/media\/6228"}],"wp:attachment":[{"href":"https:\/\/hekalsoluciones.com\/hekalsoluciones\/wp-json\/wp\/v2\/media?parent=8796"}],"curies":[{"name":"wp","href":"https:\/\/api.w.org\/{rel}","templated":true}]}}