{"id":8913,"date":"2024-06-17T13:25:23","date_gmt":"2024-06-17T13:25:23","guid":{"rendered":"https:\/\/hekalsoluciones.com\/hekalsoluciones\/?post_type=product&#038;p=8913"},"modified":"2025-01-07T18:15:15","modified_gmt":"2025-01-07T18:15:15","slug":"impresora-hp-laserjet-pro-3003dw-2","status":"publish","type":"product","link":"https:\/\/hekalsoluciones.com\/hekalsoluciones\/producto\/impresora-hp-laserjet-pro-3003dw-2\/","title":{"rendered":"Impresora HP LaserJet Pro 3003dw"},"content":{"rendered":"<div class=\"form-title overview-title stellar-bold__small\">\n<h2 class=\"stellar-bold__small\">Visi\u00f3n general<\/h2>\n<\/div>\n<div class=\"block-content grid\">\n<h4>Dise\u00f1o compacto, r\u00e1pido y confiable con velocidades de hasta 35 ppm, recuperaci\u00f3n autom\u00e1tica de atascos y Wi-Fi\u00ae de recuperaci\u00f3n autom\u00e1tica para mantener su impresora en funcionamiento. La aplicaci\u00f3n HP Smart viene activada para que pueda imprimir con facilidad desde sus dispositivos m\u00f3viles. [1,2]<\/h4>\n<p>Apoye a sus peque\u00f1os equipos de trabajo con esta impresora l\u00e1ser, que se dise\u00f1\u00f3 para un m\u00e1ximo de 7 usuarios.<\/p>\n<h4>Administre sus impresoras con el potente Web Jetadmin para agregar y actualizar dispositivos, soluciones y pol\u00edticas con facilidad.[3,4]<\/h4>\n<p>Centralice la administraci\u00f3n de su impresi\u00f3n. HP Web JetAdmin lo hace f\u00e1cil gracias a su paquete de funciones. [4]<\/p>\n<h4>Mejore su seguridad con la tradicional aplicaci\u00f3n HP Wolf Pro Security, que se integra y preconfigura al instante.<\/h4>\n<p>Mantenga segura su impresora lista para usar. Los ajustes preconfigurados hacen que est\u00e9 lista cuando usted lo est\u00e9.<\/p>\n<\/div>\n","protected":false},"excerpt":{"rendered":"<p>-Monocromatica<\/p>\n<p>-Velocidad 35 pag. por minuto<\/p>\n<p>-Ciclo Mensual (paginas) 50.000<\/p>\n<p>-Conectividad Standar Hi-Speed USB 2.0, 10\/100 Ethernet Ethernet<\/p>\n<p>-Wi-Fi 802.11b\/g\/n incorporados<\/p>\n<p>-Toner HP145A Negro,Paginas Rend.<\/p>\n<p>-1700,HP 145AX Negro Paginas Rendimiento 3800<\/p>\n<p>-Memoria 512 MB.<b><img loading=\"lazy\" class=\"aligncenter wp-image-10280\" src=\"https:\/\/hekalsoluciones.com\/hekalsoluciones\/wp-content\/uploads\/2024\/06\/ENVIO-GRATIS.png\" alt=\"\" width=\"535\" height=\"209\" srcset=\"https:\/\/hekalsoluciones.com\/hekalsoluciones\/wp-content\/uploads\/2024\/06\/ENVIO-GRATIS.png 1280w, https:\/\/hekalsoluciones.com\/hekalsoluciones\/wp-content\/uploads\/2024\/06\/ENVIO-GRATIS-300x117.png 300w, https:\/\/hekalsoluciones.com\/hekalsoluciones\/wp-content\/uploads\/2024\/06\/ENVIO-GRATIS-1024x400.png 1024w, https:\/\/hekalsoluciones.com\/hekalsoluciones\/wp-content\/uploads\/2024\/06\/ENVIO-GRATIS-768x300.png 768w\" sizes=\"(max-width: 535px) 100vw, 535px\" \/><\/b><\/p>\n","protected":false},"featured_media":8916,"comment_status":"open","ping_status":"closed","template":"","meta":{"_monsterinsights_skip_tracking":false,"_monsterinsights_sitenote_active":false,"_monsterinsights_sitenote_note":"","_monsterinsights_sitenote_category":0},"aioseo_notices":[],"_links":{"self":[{"href":"https:\/\/hekalsoluciones.com\/hekalsoluciones\/wp-json\/wp\/v2\/product\/8913"}],"collection":[{"href":"https:\/\/hekalsoluciones.com\/hekalsoluciones\/wp-json\/wp\/v2\/product"}],"about":[{"href":"https:\/\/hekalsoluciones.com\/hekalsoluciones\/wp-json\/wp\/v2\/types\/product"}],"replies":[{"embeddable":true,"href":"https:\/\/hekalsoluciones.com\/hekalsoluciones\/wp-json\/wp\/v2\/comments?post=8913"}],"wp:featuredmedia":[{"embeddable":true,"href":"https:\/\/hekalsoluciones.com\/hekalsoluciones\/wp-json\/wp\/v2\/media\/8916"}],"wp:attachment":[{"href":"https:\/\/hekalsoluciones.com\/hekalsoluciones\/wp-json\/wp\/v2\/media?parent=8913"}],"curies":[{"name":"wp","href":"https:\/\/api.w.org\/{rel}","templated":true}]}}