{"id":8921,"date":"2024-06-17T13:25:00","date_gmt":"2024-06-17T13:25:00","guid":{"rendered":"https:\/\/hekalsoluciones.com\/hekalsoluciones\/?post_type=product&#038;p=8921"},"modified":"2024-06-17T17:34:41","modified_gmt":"2024-06-17T17:34:41","slug":"portatil-latitude-3440-core-i5-1335u-8gb-256-ssd-14-fhd-win11p","status":"publish","type":"product","link":"https:\/\/hekalsoluciones.com\/hekalsoluciones\/producto\/portatil-latitude-3440-core-i5-1335u-8gb-256-ssd-14-fhd-win11p\/","title":{"rendered":"Portatil Latitude 3440 Core i5 1335U 8Gb 256 SSD 14&#8243; FHD Win11p"},"content":{"rendered":"<p>Dise\u00f1o moderno para potenciar la productividad<\/p>\n<p>Un chasis m\u00e1s peque\u00f1o y redise\u00f1ado con un nuevo color y textura.<\/p>\n<p>Mejora generacional en el teclado con impresiones de teclas duraderas y grabadas a l\u00e1ser, y un recorrido de teclas m\u00e1s largo para conseguir una mayor comodidad.<\/p>\n<p>Botones del panel t\u00e1ctil actualizados con un mayor nivel de productividad que la generaci\u00f3n anterior.<\/p>\n<p>Creado para combinar fuerzas<\/p>\n<p>El audio inteligente elimina el ruido de fondo y el eco en ambos extremos de la llamada, y la supervisi\u00f3n de calidad de la voz le permite saber cu\u00e1ndo su calidad de voz es deficiente.<\/p>\n<p>Elija entre varias opciones de c\u00e1mara como la c\u00e1mara FHD+IR desarrollada para reflejar y acentuar su realidad con una precisi\u00f3n de imagen perfecta.<\/p>\n<p>Amplia variedad de opciones de panel hasta FHD.<\/p>\n<p>Portatil Latitude 3440 Core i5 1335U 8Gb 256Gb 14&#8243; FHD Win11p 80C0C<\/p>\n","protected":false},"excerpt":{"rendered":"<p>-Procesador Intel Core i5 1335U<br \/>\n-Memoria Ram 8GB<br \/>\n-Disco 256Gb Ssd<br \/>\n-Sistema Operativo Windows 11 Pro<br \/>\n-Tama\u00f1o de Pantalla 14&#8243; IPS 1920x1080p Led<br \/>\n-Garantia 12 Meses<b><img loading=\"lazy\" class=\"aligncenter wp-image-10280\" src=\"https:\/\/hekalsoluciones.com\/hekalsoluciones\/wp-content\/uploads\/2024\/06\/ENVIO-GRATIS.png\" alt=\"\" width=\"535\" height=\"209\" srcset=\"https:\/\/hekalsoluciones.com\/hekalsoluciones\/wp-content\/uploads\/2024\/06\/ENVIO-GRATIS.png 1280w, https:\/\/hekalsoluciones.com\/hekalsoluciones\/wp-content\/uploads\/2024\/06\/ENVIO-GRATIS-300x117.png 300w, https:\/\/hekalsoluciones.com\/hekalsoluciones\/wp-content\/uploads\/2024\/06\/ENVIO-GRATIS-1024x400.png 1024w, https:\/\/hekalsoluciones.com\/hekalsoluciones\/wp-content\/uploads\/2024\/06\/ENVIO-GRATIS-768x300.png 768w\" sizes=\"(max-width: 535px) 100vw, 535px\" \/><\/b><\/p>\n","protected":false},"featured_media":8925,"comment_status":"open","ping_status":"closed","template":"","meta":{"_monsterinsights_skip_tracking":false,"_monsterinsights_sitenote_active":false,"_monsterinsights_sitenote_note":"","_monsterinsights_sitenote_category":0},"aioseo_notices":[],"_links":{"self":[{"href":"https:\/\/hekalsoluciones.com\/hekalsoluciones\/wp-json\/wp\/v2\/product\/8921"}],"collection":[{"href":"https:\/\/hekalsoluciones.com\/hekalsoluciones\/wp-json\/wp\/v2\/product"}],"about":[{"href":"https:\/\/hekalsoluciones.com\/hekalsoluciones\/wp-json\/wp\/v2\/types\/product"}],"replies":[{"embeddable":true,"href":"https:\/\/hekalsoluciones.com\/hekalsoluciones\/wp-json\/wp\/v2\/comments?post=8921"}],"wp:featuredmedia":[{"embeddable":true,"href":"https:\/\/hekalsoluciones.com\/hekalsoluciones\/wp-json\/wp\/v2\/media\/8925"}],"wp:attachment":[{"href":"https:\/\/hekalsoluciones.com\/hekalsoluciones\/wp-json\/wp\/v2\/media?parent=8921"}],"curies":[{"name":"wp","href":"https:\/\/api.w.org\/{rel}","templated":true}]}}