{"id":8948,"date":"2024-06-17T13:22:27","date_gmt":"2024-06-17T13:22:27","guid":{"rendered":"https:\/\/hekalsoluciones.com\/hekalsoluciones\/?post_type=product&#038;p=8948"},"modified":"2024-10-09T20:27:08","modified_gmt":"2024-10-09T20:27:08","slug":"cartucho-de-toner-negro-202a-hp-laserjet-pro-m254","status":"publish","type":"product","link":"https:\/\/hekalsoluciones.com\/hekalsoluciones\/producto\/cartucho-de-toner-negro-202a-hp-laserjet-pro-m254\/","title":{"rendered":"Cartucho de T\u00f3ner Negro 202A HP Laserjet PRO M254"},"content":{"rendered":"<p>Produzca documentos de calidad superior, a las velocidades para las cuales se cre\u00f3 su impresora. Los cartuchos de t\u00f3ner original HP con JetIntelligence han sido dise\u00f1ados para adaptarse al rendimiento de alta velocidad de su impresora o impresora multifunci\u00f3n, mientras produce impresiones de calidad profesional. Rendimiento promedio aproximado en funci\u00f3n de ISO\/IEC 19798. El rendimiento real var\u00eda considerablemente dependiendo del contenido de las p\u00e1ginas impresas y otros factores. Para obtener m\u00e1s informaci\u00f3n, consulte http:\/\/www.hp.com\/go\/learnaboutsupplies. Ahorra en papel, tinta y energ\u00eda con impresiones perfectas el 100% de las veces y dise\u00f1adas para rendir. Resistentes a la humedad y las salpicaduras, impresiones que no se corren o manchan. Tecnolog\u00eda anti-curvas, p\u00e1ginas m\u00e1s planas y secas al salir de tu impresora. Fotos y documentos que duran m\u00e1s de 50 a\u00f1os sin perder su color y calidad. Resultados superiores desde la primera a la \u00faltima p\u00e1gina, sin obstrucciones o impresiones con bandas. Impresi\u00f3n sustentable, los cartuchos originales HP son elaborados con hasta 50% de material reciclado.<\/p>\n","protected":false},"excerpt":{"rendered":"<p><strong>Color = NegroRendimiento Hasta 1.400 p\u00e1ginasCompatibilidad HP Color LaserJet Pro M254dw, Impresora multifunci\u00f3n HP Color LaserJet Pro M281fdw<\/strong><\/p>\n<p><b><img loading=\"lazy\" class=\"aligncenter wp-image-10280\" src=\"https:\/\/hekalsoluciones.com\/hekalsoluciones\/wp-content\/uploads\/2024\/06\/ENVIO-GRATIS.png\" alt=\"\" width=\"535\" height=\"209\" srcset=\"https:\/\/hekalsoluciones.com\/hekalsoluciones\/wp-content\/uploads\/2024\/06\/ENVIO-GRATIS.png 1280w, https:\/\/hekalsoluciones.com\/hekalsoluciones\/wp-content\/uploads\/2024\/06\/ENVIO-GRATIS-300x117.png 300w, https:\/\/hekalsoluciones.com\/hekalsoluciones\/wp-content\/uploads\/2024\/06\/ENVIO-GRATIS-1024x400.png 1024w, https:\/\/hekalsoluciones.com\/hekalsoluciones\/wp-content\/uploads\/2024\/06\/ENVIO-GRATIS-768x300.png 768w\" sizes=\"(max-width: 535px) 100vw, 535px\" \/><\/b><\/p>\n","protected":false},"featured_media":8949,"comment_status":"open","ping_status":"closed","template":"","meta":{"_monsterinsights_skip_tracking":false,"_monsterinsights_sitenote_active":false,"_monsterinsights_sitenote_note":"","_monsterinsights_sitenote_category":0},"aioseo_notices":[],"_links":{"self":[{"href":"https:\/\/hekalsoluciones.com\/hekalsoluciones\/wp-json\/wp\/v2\/product\/8948"}],"collection":[{"href":"https:\/\/hekalsoluciones.com\/hekalsoluciones\/wp-json\/wp\/v2\/product"}],"about":[{"href":"https:\/\/hekalsoluciones.com\/hekalsoluciones\/wp-json\/wp\/v2\/types\/product"}],"replies":[{"embeddable":true,"href":"https:\/\/hekalsoluciones.com\/hekalsoluciones\/wp-json\/wp\/v2\/comments?post=8948"}],"wp:featuredmedia":[{"embeddable":true,"href":"https:\/\/hekalsoluciones.com\/hekalsoluciones\/wp-json\/wp\/v2\/media\/8949"}],"wp:attachment":[{"href":"https:\/\/hekalsoluciones.com\/hekalsoluciones\/wp-json\/wp\/v2\/media?parent=8948"}],"curies":[{"name":"wp","href":"https:\/\/api.w.org\/{rel}","templated":true}]}}