{"id":8954,"date":"2024-02-28T14:08:37","date_gmt":"2024-02-28T14:08:37","guid":{"rendered":"https:\/\/hekalsoluciones.com\/hekalsoluciones\/?post_type=product&#038;p=8954"},"modified":"2026-04-29T17:20:50","modified_gmt":"2026-04-29T17:20:50","slug":"impresora-fotografica-inalambrica-ecotank-l8050","status":"publish","type":"product","link":"https:\/\/hekalsoluciones.com\/hekalsoluciones\/producto\/impresora-fotografica-inalambrica-ecotank-l8050\/","title":{"rendered":"Impresora Fotogr\u00e1fica Wifi EPSON Ecotank L8050 COLOR Negro"},"content":{"rendered":"<p>La EcoTank L8050 es una impresora fotogr\u00e1fica asequible y confiable con un tanque de tinta de 6 colores para colores vibrantes. Ofrece impresiones r\u00e1pidas de fotos de alta calidad, es compatible con la aplicaci\u00f3n Epson Smart Panel y permite la impresi\u00f3n en CD, DVD y tarjetas de identificaci\u00f3n. Con conectividad Wi-Fi, es ideal para imprimir desde dispositivos m\u00f3viles y puede imprimir hasta 2,100 fotos de 10&#215;15 cm con un kit de botella de repuesto de Epson.<\/p>\n<div class=\"shopcommerce-product-attributes\">\n<h4>Especificaciones<\/h4>\n<ul class=\"product-specs\">\n<li><strong>ACCESORIOS INCLUIDOS:<\/strong> SI<\/li>\n<li><strong>EAN:<\/strong> <em>N\/A<\/em><\/li>\n<li><strong>NOMBRE:<\/strong> Impresora Fotogr\u00e1fica Wifi EPSON Ecotank L8050 COLOR Negro<\/li>\n<li><strong>CARACTERISTICAS:<\/strong> La EcoTank L8050 es una impresora fotogr\u00e1fica asequible y confiable con un tanque de tinta de 6 colores para colores vibrantes. Ofrece impresiones r\u00e1pidas de fotos de alta calidad, es compatible con la aplicaci\u00f3n Epson Smart Panel y permite la impresi\u00f3n en CD, DVD y tarjetas de identificaci\u00f3n. Con conectividad Wi-Fi, es ideal para imprimir desde dispositivos m\u00f3viles y puede imprimir hasta 2,100 fotos de 10&#215;15 cm con un kit de botella de repuesto de Epson.<\/li>\n<\/ul>\n<\/div>\n","protected":false},"excerpt":{"rendered":"<div>\n<ul>\n<li>Velocidad de impresi\u00f3n 22 ppm en negro, 22 ppm en color<\/li>\n<li>Resolucion 5760 x 1440 dpi \/ Conexi\u00f3n USB y WIFI<\/li>\n<li>Imprime CDs y DVDs imprimibles<\/li>\n<li>Impresi\u00f3n Fotografica a 6 colores.<b><img loading=\"lazy\" class=\"aligncenter wp-image-10280\" src=\"https:\/\/hekalsoluciones.com\/hekalsoluciones\/wp-content\/uploads\/2024\/06\/ENVIO-GRATIS.png\" alt=\"\" width=\"535\" height=\"209\" srcset=\"https:\/\/hekalsoluciones.com\/hekalsoluciones\/wp-content\/uploads\/2024\/06\/ENVIO-GRATIS.png 1280w, https:\/\/hekalsoluciones.com\/hekalsoluciones\/wp-content\/uploads\/2024\/06\/ENVIO-GRATIS-300x117.png 300w, https:\/\/hekalsoluciones.com\/hekalsoluciones\/wp-content\/uploads\/2024\/06\/ENVIO-GRATIS-1024x400.png 1024w, https:\/\/hekalsoluciones.com\/hekalsoluciones\/wp-content\/uploads\/2024\/06\/ENVIO-GRATIS-768x300.png 768w\" sizes=\"(max-width: 535px) 100vw, 535px\" \/><\/b><\/li>\n<\/ul>\n<\/div>\n","protected":false},"featured_media":8957,"comment_status":"open","ping_status":"closed","template":"","meta":{"_monsterinsights_skip_tracking":false,"_monsterinsights_sitenote_active":false,"_monsterinsights_sitenote_note":"","_monsterinsights_sitenote_category":0},"aioseo_notices":[],"_links":{"self":[{"href":"https:\/\/hekalsoluciones.com\/hekalsoluciones\/wp-json\/wp\/v2\/product\/8954"}],"collection":[{"href":"https:\/\/hekalsoluciones.com\/hekalsoluciones\/wp-json\/wp\/v2\/product"}],"about":[{"href":"https:\/\/hekalsoluciones.com\/hekalsoluciones\/wp-json\/wp\/v2\/types\/product"}],"replies":[{"embeddable":true,"href":"https:\/\/hekalsoluciones.com\/hekalsoluciones\/wp-json\/wp\/v2\/comments?post=8954"}],"wp:featuredmedia":[{"embeddable":true,"href":"https:\/\/hekalsoluciones.com\/hekalsoluciones\/wp-json\/wp\/v2\/media\/8957"}],"wp:attachment":[{"href":"https:\/\/hekalsoluciones.com\/hekalsoluciones\/wp-json\/wp\/v2\/media?parent=8954"}],"curies":[{"name":"wp","href":"https:\/\/api.w.org\/{rel}","templated":true}]}}