{"id":8995,"date":"2024-02-28T15:15:58","date_gmt":"2024-02-28T15:15:58","guid":{"rendered":"https:\/\/hekalsoluciones.com\/hekalsoluciones\/?post_type=product&#038;p=8995"},"modified":"2026-03-29T01:32:53","modified_gmt":"2026-03-29T01:32:53","slug":"impresora-hp-laserjet-pro-m501dn","status":"publish","type":"product","link":"https:\/\/hekalsoluciones.com\/hekalsoluciones\/producto\/impresora-hp-laserjet-pro-m501dn\/","title":{"rendered":"Impresora multifuncional hp laserjet pro M501dn b\/n 45 ppm"},"content":{"rendered":"<p>Duplex &#8211; Red -USB- 650Hojas -512MB- 1200&#215;1200 \u2013 ciclo m\u00e1ximo de trabajo hasta 100.000 p\u00e1ginas- volumen recomendado mensual de 1.500 a 6.000 p\u00e1ginas, puede adquirir care pack dmr 3 a\u00f1os: u9cq0e, toner: cf287a (rendimiento 9.000 p\u00e1ginas), cf287x (rendimiento 18,000 p\u00e1ginas). Ponga a trabajar en su oficina velocidades de impresi\u00f3n y rendimiento impresionantes. Esta impresora de ahorro de energ\u00eda comienza m\u00e1s r\u00e1pido y ofrece funciones de seguridad para ayudar a protegerse contra las amenazas.<\/p>\n<div class=\"shopcommerce-product-attributes\">\n<h4>Especificaciones<\/h4>\n<ul class=\"product-specs\">\n<li><strong>CONDICI\u00d3N:<\/strong> NUEVO<\/li>\n<li><strong>COLOR:<\/strong> BLANCO<\/li>\n<li><strong>MARCA:<\/strong> HP<\/li>\n<li><strong>MODELO:<\/strong> HP LaserJet Pro M501dn<\/li>\n<li><strong>L\u00cdNEA DE PRODUCTOS:<\/strong> SI<\/li>\n<li><strong>VOLTAJE:<\/strong> 0.00<\/li>\n<li><strong>MODELO ALFANUMERICO:<\/strong> N\/A<\/li>\n<li><strong>MODELO DETALLADO:<\/strong> N\/A<\/li>\n<li><strong>CON WI-FI:<\/strong> NO<\/li>\n<li><strong>ES KIT:<\/strong> NO<\/li>\n<li><strong>ACCESORIOS INCLUIDOS:<\/strong> NO<\/li>\n<li><strong>CANTIDAD DE CARTUCHOS:<\/strong> 1<\/li>\n<li><strong>CANTIDAD DE CHAROLAS:<\/strong> <em>N\/A<\/em><\/li>\n<li><strong>VELOCIDAD PROCESADOR:<\/strong> 1,500.00<\/li>\n<li><strong>VELOCIDAD DE IMPRESION EN COLOR:<\/strong> N\/A<\/li>\n<li><strong>VELOCIDAD DE IMPRESION EN BLANCO Y NEGRO:<\/strong> Hasta45 ppm<\/li>\n<li><strong>UNIDADES DE DIMENSI\u00d3N:<\/strong> MM<\/li>\n<li><strong>UNIDAD DE VELOCIDAD DEL PROCESADOR:<\/strong> MHz<\/li>\n<li><strong>TIPOS DE PAPEL:<\/strong> &quot;Papel (bond, color, membretado, com\u00fan, preimpreso, pre-perforado, reciclado, r\u00edgido)<\/li>\n<li><strong>CAPACIDAD M\u00c1XIMA DE HOJAS:<\/strong> 2500<\/li>\n<li><strong>TIPO DE PANTALLA:<\/strong> LCD de 2 l\u00edneas (texto)<\/li>\n<li><strong>TIPO DE IMPRESORA:<\/strong> Multifuncionales Negro<\/li>\n<li><strong>TIPO DE IMPRESI\u00d3N:<\/strong> TONER<\/li>\n<li><strong>CON BLUETOOTH:<\/strong> NO<\/li>\n<li><strong>CON USB:<\/strong> NO<\/li>\n<li><strong>TECNOLOG\u00cdA DE IMPRESI\u00d3N:<\/strong> LASER<\/li>\n<li><strong>CONEXIONES M\u00d3VILES:<\/strong> N\/A<\/li>\n<li><strong>ES PORT\u00c1TIL:<\/strong> NO<\/li>\n<li><strong>TAMANOS DE PAPEL:<\/strong> &quot;Carta, legal, ejecutivo, declaraci\u00f3n, 3 x 5&quot;&quot;, 4 x 6&quot;&quot;, 5 x 7&quot;&quot;, 5 x 8&quot;&quot;, 8,5 x 13&quot;&quot;, sobres&quot;<\/li>\n<li><strong>UNIDAD DE PESO:<\/strong> KG<\/li>\n<li><strong>FUNCIONES DE LA IMPRESORA:<\/strong> IMPRESI\u00d3N<\/li>\n<li><strong>SKU:<\/strong> J8H61A#BGJ<\/li>\n<li><strong>NOMBRE O DESCRIPCION:<\/strong> Impresora multifuncional hp laserjet pro M501dn b\/n 45 ppm<\/li>\n<li><strong>IMAGEN:<\/strong> NO<\/li>\n<li><strong>EAN:<\/strong> 8,89296E+11<\/li>\n<li><strong>SKU SIMPLE:<\/strong> J8H61A#BGJ<\/li>\n<li><strong>PRECIO:<\/strong> N\/A<\/li>\n<li><strong>STOCK:<\/strong> N\/A<\/li>\n<li><strong>M\u00c9TODO DE ENV\u00cdO:<\/strong> N\/A<\/li>\n<li><strong>ANCHURA DEL PAQUETE DE ENV\u00cdO:<\/strong> 465mm<\/li>\n<li><strong>ALTURA DEL PAQUETE DE ENV\u00cdO:<\/strong> 508mm<\/li>\n<li><strong>LARGO DEL PAQUETE DE ENV\u00cdO:<\/strong> 465mm<\/li>\n<li><strong>PESO DEL PAQUETE:<\/strong> 24,5 kl<\/li>\n<li><strong>CANAL EXCLUSIVO:<\/strong> N\/A<\/li>\n<li><strong>NOMBRE:<\/strong> Impresora multifuncional hp laserjet pro M501dn b\/n 45 ppm<\/li>\n<li><strong>CARACTERISTICAS:<\/strong> Duplex &#8211; Red -USB- 650Hojas -512MB- 1200&#215;1200 \u2013 ciclo m\u00e1ximo de trabajo hasta 100.000 p\u00e1ginas- volumen recomendado mensual de 1.500 a 6.000 p\u00e1ginas, puede adquirir care pack dmr 3 a\u00f1os: u9cq0e, toner: cf287a (rendimiento 9.000 p\u00e1ginas), cf287x (rendimiento 18,000 p\u00e1ginas). Ponga a trabajar en su oficina velocidades de impresi\u00f3n y rendimiento impresionantes. Esta impresora de ahorro de energ\u00eda comienza m\u00e1s r\u00e1pido y ofrece funciones de seguridad para ayudar a protegerse contra las amenazas.<\/li>\n<\/ul>\n<\/div>\n","protected":false},"excerpt":{"rendered":"<div>\n<ul>\n<li>Impresi\u00f3n en negro: 600 x 600 dpi, Hasta 4.800 x 600 dpi<\/li>\n<li>mejorada Ciclo de trabajo Hasta 100,000 p\u00e1ginas<\/li>\n<li>Monitor: LCD de 2 l\u00edneas (texto)<\/li>\n<li>Velocidad del procesador: 1500 MHz<\/li>\n<li>Cartuchos de impresi\u00f3n: 2 (negro) Cartucho de t\u00f3ner original HP LaserJet 87A negro rendimiento aproximado 9000 p\u00e1ginas) CF287A,<\/li>\n<li>cartucho de t\u00f3ner original HP LaserJet 87X negro (rendimiento aproximado 18 000 p\u00e1ginas) CF287X<\/li>\n<li>Lenguajes de impresi\u00f3n: HP PCL 5, HP PCL 6, emulaci\u00f3n de postscript nivel 3 HP<\/li>\n<li>impresi\u00f3n de PDF directa (v 1.7), URF, PCLM, PWG<\/li>\n<li>Memoria: 256 MB<\/li>\n<li>Entrada de papel: Bandeja multiuso para 100 hojas y alimentador principal para 550 hojas<\/li>\n<li>Impresi\u00f3n a doble cara: Autom\u00e1tico<b><img loading=\"lazy\" class=\"aligncenter wp-image-10280\" src=\"https:\/\/hekalsoluciones.com\/hekalsoluciones\/wp-content\/uploads\/2024\/06\/ENVIO-GRATIS.png\" alt=\"\" width=\"535\" height=\"209\" srcset=\"https:\/\/hekalsoluciones.com\/hekalsoluciones\/wp-content\/uploads\/2024\/06\/ENVIO-GRATIS.png 1280w, https:\/\/hekalsoluciones.com\/hekalsoluciones\/wp-content\/uploads\/2024\/06\/ENVIO-GRATIS-300x117.png 300w, https:\/\/hekalsoluciones.com\/hekalsoluciones\/wp-content\/uploads\/2024\/06\/ENVIO-GRATIS-1024x400.png 1024w, https:\/\/hekalsoluciones.com\/hekalsoluciones\/wp-content\/uploads\/2024\/06\/ENVIO-GRATIS-768x300.png 768w\" sizes=\"(max-width: 535px) 100vw, 535px\" \/><\/b><\/li>\n<\/ul>\n<\/div>\n","protected":false},"featured_media":9000,"comment_status":"open","ping_status":"closed","template":"","meta":{"_monsterinsights_skip_tracking":false,"_monsterinsights_sitenote_active":false,"_monsterinsights_sitenote_note":"","_monsterinsights_sitenote_category":0},"aioseo_notices":[],"_links":{"self":[{"href":"https:\/\/hekalsoluciones.com\/hekalsoluciones\/wp-json\/wp\/v2\/product\/8995"}],"collection":[{"href":"https:\/\/hekalsoluciones.com\/hekalsoluciones\/wp-json\/wp\/v2\/product"}],"about":[{"href":"https:\/\/hekalsoluciones.com\/hekalsoluciones\/wp-json\/wp\/v2\/types\/product"}],"replies":[{"embeddable":true,"href":"https:\/\/hekalsoluciones.com\/hekalsoluciones\/wp-json\/wp\/v2\/comments?post=8995"}],"wp:featuredmedia":[{"embeddable":true,"href":"https:\/\/hekalsoluciones.com\/hekalsoluciones\/wp-json\/wp\/v2\/media\/9000"}],"wp:attachment":[{"href":"https:\/\/hekalsoluciones.com\/hekalsoluciones\/wp-json\/wp\/v2\/media?parent=8995"}],"curies":[{"name":"wp","href":"https:\/\/api.w.org\/{rel}","templated":true}]}}