{"id":9002,"date":"2024-02-28T15:21:30","date_gmt":"2024-02-28T15:21:30","guid":{"rendered":"https:\/\/hekalsoluciones.com\/hekalsoluciones\/?post_type=product&#038;p=9002"},"modified":"2026-04-28T16:20:45","modified_gmt":"2026-04-28T16:20:45","slug":"impresora-multifuncional-hp-laserjet-m141w","status":"publish","type":"product","link":"https:\/\/hekalsoluciones.com\/hekalsoluciones\/producto\/impresora-multifuncional-hp-laserjet-m141w\/","title":{"rendered":"Impresora Multifuncional HP Laser Jet MFP M141w"},"content":{"rendered":"<p>Impresora multifunci\u00f3n HP LaserJet M141w<\/p>\n<div class=\"shopcommerce-product-attributes\">\n<h4>Especificaciones<\/h4>\n<ul class=\"product-specs\">\n<li><strong>ACCESORIOS INCLUIDOS:<\/strong> <em>N\/A<\/em><\/li>\n<\/ul>\n<\/div>\n","protected":false},"excerpt":{"rendered":"<div>\n<ul>\n<li>Reemplazo 135w Hasta 20 ppm<\/li>\n<li>Volumen de p\u00e1ginas mensuales recomendado 100 a 2000<\/li>\n<li>Conectividad<\/li>\n<li>est\u00e1ndar USB 2.0 de alta velocidad<\/li>\n<li>conexi\u00f3n inal\u00e1mbrica 802.11 b\/g\/n<\/li>\n<li>Capacidad de entrada m\u00e1xima (hojas) Hasta 150 hojas<\/li>\n<li>capacidad de impresi\u00f3n m\u00f3vil Aplicaci\u00f3n HP Smart; Apple AirPrint\u2122; Google Cloud Print\u2122; Aplicaciones m\u00f3viles<\/li>\n<li>Certificaci\u00f3n Mopria\u2122<\/li>\n<li>Impresi\u00f3n Wi-Fi Direct<b><img loading=\"lazy\" class=\"aligncenter wp-image-10280\" src=\"https:\/\/hekalsoluciones.com\/hekalsoluciones\/wp-content\/uploads\/2024\/06\/ENVIO-GRATIS.png\" alt=\"\" width=\"535\" height=\"209\" srcset=\"https:\/\/hekalsoluciones.com\/hekalsoluciones\/wp-content\/uploads\/2024\/06\/ENVIO-GRATIS.png 1280w, https:\/\/hekalsoluciones.com\/hekalsoluciones\/wp-content\/uploads\/2024\/06\/ENVIO-GRATIS-300x117.png 300w, https:\/\/hekalsoluciones.com\/hekalsoluciones\/wp-content\/uploads\/2024\/06\/ENVIO-GRATIS-1024x400.png 1024w, https:\/\/hekalsoluciones.com\/hekalsoluciones\/wp-content\/uploads\/2024\/06\/ENVIO-GRATIS-768x300.png 768w\" sizes=\"(max-width: 535px) 100vw, 535px\" \/><\/b><\/li>\n<\/ul>\n<\/div>\n","protected":false},"featured_media":9007,"comment_status":"open","ping_status":"closed","template":"","meta":{"_monsterinsights_skip_tracking":false,"_monsterinsights_sitenote_active":false,"_monsterinsights_sitenote_note":"","_monsterinsights_sitenote_category":0},"aioseo_notices":[],"_links":{"self":[{"href":"https:\/\/hekalsoluciones.com\/hekalsoluciones\/wp-json\/wp\/v2\/product\/9002"}],"collection":[{"href":"https:\/\/hekalsoluciones.com\/hekalsoluciones\/wp-json\/wp\/v2\/product"}],"about":[{"href":"https:\/\/hekalsoluciones.com\/hekalsoluciones\/wp-json\/wp\/v2\/types\/product"}],"replies":[{"embeddable":true,"href":"https:\/\/hekalsoluciones.com\/hekalsoluciones\/wp-json\/wp\/v2\/comments?post=9002"}],"wp:featuredmedia":[{"embeddable":true,"href":"https:\/\/hekalsoluciones.com\/hekalsoluciones\/wp-json\/wp\/v2\/media\/9007"}],"wp:attachment":[{"href":"https:\/\/hekalsoluciones.com\/hekalsoluciones\/wp-json\/wp\/v2\/media?parent=9002"}],"curies":[{"name":"wp","href":"https:\/\/api.w.org\/{rel}","templated":true}]}}