{"id":9071,"date":"2024-02-28T16:54:38","date_gmt":"2024-02-28T16:54:38","guid":{"rendered":"https:\/\/hekalsoluciones.com\/hekalsoluciones\/?post_type=product&#038;p=9071"},"modified":"2024-10-09T21:12:27","modified_gmt":"2024-10-09T21:12:27","slug":"laptop-dell-latitude-5440-14-full-hd-intel-core-i7-1355u-1-70ghz-16gb-512gb-ssd-windows-11-pro","status":"publish","type":"product","link":"https:\/\/hekalsoluciones.com\/hekalsoluciones\/producto\/laptop-dell-latitude-5440-14-full-hd-intel-core-i7-1355u-1-70ghz-16gb-512gb-ssd-windows-11-pro\/","title":{"rendered":"Dell Latitude 5450 14&#8243; Intel Core Ultra 7 155U, 16GB, 512GB SSD, Windows 11 Pro"},"content":{"rendered":"<p>La Laptop Dell Latitude 5450 es perfecta para aquellos que buscan un rendimiento excepcional y una gran capacidad de almacenamiento. Con su potente procesador i7 ultra\u00a0 y sus 16GB de memoria RAM, podr\u00e1s realizar tus tareas diarias sin problemas. Adem\u00e1s, su disco duro de 512GB estado s\u00f3lido te brinda una velocidad de carga y transferencia de datos sorprendente. Su sistema operativo Windows 11P es f\u00e1cil de usar y te proporciona todas las herramientas que necesitas. Esta laptop tambi\u00e9n cuenta con una garant\u00eda de 3 a\u00f1os, lo que te brinda tranquilidad y seguridad. \u00a1No esperes m\u00e1s y adquiere hoy mismo la Laptop Dell Latitude 5450<\/p>\n<p>Trabaje desde cualquier lugar con nuestra Latitude m\u00e1s adaptable y sostenible<\/p>\n<p>Trabaje con confianza en esta nueva laptop empresarial de 14&#8243; que combina el m\u00e1ximo nivel de rendimiento, escalabilidad y seguridad. La serie 5000 es la m\u00e1s sustentable de los modelos Latitude1<\/p>\n<p>La confianza para trabajar en cualquier lugar<\/p>\n<p>Conexiones Wi-Fi 6E<\/p>\n<p>Wi-Fi 6E permite 7 canales m\u00e1s para obtener m\u00e1s ancho de banda, y wi-Fi m\u00e1s r\u00e1pido y suave, especialmente en \u00e1reas de alta densidad. Las opciones 4G4 LTE lo mantienen conectado dondequiera que trabaje.<\/p>\n<p>Trabaje de forma remota durante m\u00e1s tiempo<\/p>\n<p>La funci\u00f3n ExpressCharge que posee la bater\u00eda de larga duraci\u00f3n permite hasta un 80 % de carga en 40 minutos.<\/p>\n<p>Potencie cada proyecto<\/p>\n<p>Los procesadores Intel\u00ae\u00a0 de 13.\u00aa generaci\u00f3n hasta Core\u2122 i7 serie U e Intel vPro\u00ae disponible permiten la m\u00e1xima productividad en m\u00e1s lugares.<\/p>\n<p>Almacenamiento<\/p>\n<p>Ning\u00fan proyecto es demasiado grande con la memoria DDR4 de hasta 64 GB y almacenamiento SSD de hasta 2 TB<\/p>\n<p>&nbsp;<\/p>\n<p>&nbsp;<\/p>\n","protected":false},"excerpt":{"rendered":"<ul>\n<li>ProcesadorIntel Core i7 ultra 155U<\/li>\n<li>1.7 GHz Base, Sube hasta 4.8 GHz 12MB cache<\/li>\n<li>12 cores<\/li>\n<li>Memoria Ram16GB<\/li>\n<li>Ddr5 5600<\/li>\n<li>Capacidad Disco 512Gb Ssd<\/li>\n<li>Interfaz de Conexi\u00f3n M.2 Pcie<\/li>\n<li>Sistema Operativo Windows 11 Pro<\/li>\n<li>Puerto Red Gigabit 1<\/li>\n<li>Puertos Usb 3.2 2<\/li>\n<li>Otros Puertos 1 Puerto 3.5mm audio y micr\u00f3fono y lector de tarjetas micro sd<\/li>\n<li>Puertos de Video Hdmi<\/li>\n<li>Puerto Tipo C2<\/li>\n<li>Tama\u00f1o de Pantalla 14&#8243; IPS 1920&#215;10800<\/li>\n<li>Garant\u00eda de 1 a\u00f1o<b><img loading=\"lazy\" class=\"aligncenter wp-image-10280\" src=\"https:\/\/hekalsoluciones.com\/hekalsoluciones\/wp-content\/uploads\/2024\/06\/ENVIO-GRATIS.png\" alt=\"\" width=\"535\" height=\"209\" srcset=\"https:\/\/hekalsoluciones.com\/hekalsoluciones\/wp-content\/uploads\/2024\/06\/ENVIO-GRATIS.png 1280w, https:\/\/hekalsoluciones.com\/hekalsoluciones\/wp-content\/uploads\/2024\/06\/ENVIO-GRATIS-300x117.png 300w, https:\/\/hekalsoluciones.com\/hekalsoluciones\/wp-content\/uploads\/2024\/06\/ENVIO-GRATIS-1024x400.png 1024w, https:\/\/hekalsoluciones.com\/hekalsoluciones\/wp-content\/uploads\/2024\/06\/ENVIO-GRATIS-768x300.png 768w\" sizes=\"(max-width: 535px) 100vw, 535px\" \/><\/b><\/li>\n<\/ul>\n","protected":false},"featured_media":10613,"comment_status":"open","ping_status":"closed","template":"","meta":{"_monsterinsights_skip_tracking":false,"_monsterinsights_sitenote_active":false,"_monsterinsights_sitenote_note":"","_monsterinsights_sitenote_category":0},"aioseo_notices":[],"_links":{"self":[{"href":"https:\/\/hekalsoluciones.com\/hekalsoluciones\/wp-json\/wp\/v2\/product\/9071"}],"collection":[{"href":"https:\/\/hekalsoluciones.com\/hekalsoluciones\/wp-json\/wp\/v2\/product"}],"about":[{"href":"https:\/\/hekalsoluciones.com\/hekalsoluciones\/wp-json\/wp\/v2\/types\/product"}],"replies":[{"embeddable":true,"href":"https:\/\/hekalsoluciones.com\/hekalsoluciones\/wp-json\/wp\/v2\/comments?post=9071"}],"wp:featuredmedia":[{"embeddable":true,"href":"https:\/\/hekalsoluciones.com\/hekalsoluciones\/wp-json\/wp\/v2\/media\/10613"}],"wp:attachment":[{"href":"https:\/\/hekalsoluciones.com\/hekalsoluciones\/wp-json\/wp\/v2\/media?parent=9071"}],"curies":[{"name":"wp","href":"https:\/\/api.w.org\/{rel}","templated":true}]}}