{"id":9112,"date":"2024-02-28T21:34:56","date_gmt":"2024-02-28T21:34:56","guid":{"rendered":"https:\/\/hekalsoluciones.com\/hekalsoluciones\/?post_type=product&#038;p=9112"},"modified":"2024-06-17T17:56:17","modified_gmt":"2024-06-17T17:56:17","slug":"precision-3660-torre-workstation","status":"publish","type":"product","link":"https:\/\/hekalsoluciones.com\/hekalsoluciones\/producto\/precision-3660-torre-workstation\/","title":{"rendered":"Precision 3660 Torre workstation"},"content":{"rendered":"<h2 class=\"pd-bottom-title\">Capacidad de ampliaci\u00f3n extrema en un dise\u00f1o de minitorre<\/h2>\n<div class=\"pd-item-desc\"><strong>Opci\u00f3n de refrigeraci\u00f3n de la CPU<\/strong><br \/>\nObtenga una mejor refrigeraci\u00f3n con las refrigeraciones por aire avanzada o l\u00edquida premium.<strong>Almacenamiento frontal extra\u00edble y bloqueable<\/strong><br \/>\nAlmacenamiento de datos seguro y accesible.<strong>Puertos m\u00e1s r\u00e1pidos<\/strong><br \/>\nAcceso sencillo a los puertos (hasta 20\u00a0Gb\/s).<strong>Fuente de alimentaci\u00f3n extra\u00edble\u00a0<\/strong><br \/>\nUtilice la pesta\u00f1a de liberaci\u00f3n para retirar la fuente de alimentaci\u00f3n de forma sencilla.<\/div>\n<div>\n<h2 class=\"pd-bottom-title\">Rendimiento potente<\/h2>\n<div class=\"pd-item-desc\"><strong>No dar\u00e1s cr\u00e9dito<\/strong><br \/>\nTanto si trabajas en dise\u00f1o de sitios web o aplicaciones CAD, las tarjetas gr\u00e1ficas integradas Intel o las tarjetas gr\u00e1ficas hasta AMD Radeon Pro o NVIDIA Pro (hasta 450\u00a0W) garantizan una experiencia visual fluida y mejorada en todo momento.<strong>Bajar el ritmo no es opci\u00f3n<br \/>\n<\/strong>Cuenta con procesadores hasta Intel Core i9k, 24 (8P\u00a0+\u00a016E) Core<sup>\u2122<\/sup>. As\u00ed como con tarjetas gr\u00e1ficas hasta NVIDIA RTX A6000 y 64\u00a0GB de memoria DDR5 a 4800\u00a0MHz. Y hasta 28\u00a0TB de almacenamiento compatible con RAID.<strong>Conectividad pr\u00e1ctica<\/strong><\/div>\n<div>\n<h2 class=\"pd-bottom-title\">Refrigeraci\u00f3n l\u00edquida y por aire opcional<\/h2>\n<div class=\"pd-item-desc\">El flujo de aire o de l\u00edquido refrigera los componentes internos y no hace apenas ruido para no interrumpir la creatividad en el espacio de trabajo. Los sensores t\u00e9rmicos avanzados permiten que el sistema funcione a pleno rendimiento.<\/div>\n<div><\/div>\n<\/div>\n<\/div>\n","protected":false},"excerpt":{"rendered":"<ul>\n<li>\u00a0Intel Core i7-13700 (30MB Cache, 16 Core (8+8), 2.1GHz to 5.2GHz (65W)) TDP<\/li>\n<li>Memoria 32GB, 2x16GB DDR5 up to 4400MHz UDIMM ECC memory<\/li>\n<li>512GB PCIe NVMe Class 40 M.2\u00a0SSD<\/li>\n<li>Tarjeta de video Nvidia GeForce RTX 3060, 3660T 12GB<\/li>\n<li>Windows 11 Pro<\/li>\n<li>Teclado en espa\u00f1ol KB216\/ Dell Optical Mouse &#8211; MS116 (Black)<\/li>\n<li>Garantia Onsite\/In-Home Service After Remote Diagnosis 3Years<b><img loading=\"lazy\" class=\"aligncenter wp-image-10280\" src=\"https:\/\/hekalsoluciones.com\/hekalsoluciones\/wp-content\/uploads\/2024\/06\/ENVIO-GRATIS.png\" alt=\"\" width=\"535\" height=\"209\" srcset=\"https:\/\/hekalsoluciones.com\/hekalsoluciones\/wp-content\/uploads\/2024\/06\/ENVIO-GRATIS.png 1280w, https:\/\/hekalsoluciones.com\/hekalsoluciones\/wp-content\/uploads\/2024\/06\/ENVIO-GRATIS-300x117.png 300w, https:\/\/hekalsoluciones.com\/hekalsoluciones\/wp-content\/uploads\/2024\/06\/ENVIO-GRATIS-1024x400.png 1024w, https:\/\/hekalsoluciones.com\/hekalsoluciones\/wp-content\/uploads\/2024\/06\/ENVIO-GRATIS-768x300.png 768w\" sizes=\"(max-width: 535px) 100vw, 535px\" \/><\/b><\/li>\n<\/ul>\n<p>&nbsp;<\/p>\n","protected":false},"featured_media":9120,"comment_status":"open","ping_status":"closed","template":"","meta":{"_monsterinsights_skip_tracking":false,"_monsterinsights_sitenote_active":false,"_monsterinsights_sitenote_note":"","_monsterinsights_sitenote_category":0},"aioseo_notices":[],"_links":{"self":[{"href":"https:\/\/hekalsoluciones.com\/hekalsoluciones\/wp-json\/wp\/v2\/product\/9112"}],"collection":[{"href":"https:\/\/hekalsoluciones.com\/hekalsoluciones\/wp-json\/wp\/v2\/product"}],"about":[{"href":"https:\/\/hekalsoluciones.com\/hekalsoluciones\/wp-json\/wp\/v2\/types\/product"}],"replies":[{"embeddable":true,"href":"https:\/\/hekalsoluciones.com\/hekalsoluciones\/wp-json\/wp\/v2\/comments?post=9112"}],"wp:featuredmedia":[{"embeddable":true,"href":"https:\/\/hekalsoluciones.com\/hekalsoluciones\/wp-json\/wp\/v2\/media\/9120"}],"wp:attachment":[{"href":"https:\/\/hekalsoluciones.com\/hekalsoluciones\/wp-json\/wp\/v2\/media?parent=9112"}],"curies":[{"name":"wp","href":"https:\/\/api.w.org\/{rel}","templated":true}]}}