{"id":9463,"date":"2024-03-18T20:55:56","date_gmt":"2024-03-18T20:55:56","guid":{"rendered":"https:\/\/hekalsoluciones.com\/hekalsoluciones\/?post_type=product&#038;p=9463"},"modified":"2024-09-12T21:05:11","modified_gmt":"2024-09-12T21:05:11","slug":"mouse-usb-2-0-1200dpi-3-bot-negro-xue","status":"publish","type":"product","link":"https:\/\/hekalsoluciones.com\/hekalsoluciones\/producto\/mouse-usb-2-0-1200dpi-3-bot-negro-xue\/","title":{"rendered":"MOUSE USB 2.0 1200DPI 3-BOT XUE"},"content":{"rendered":"<p><strong>Descripci\u00f3n General:<\/strong><\/p>\n<p>El Mouse inal\u00e1mbrico 4D silencioso XUE\u00ae\u00a0es una de las piezas b\u00e1sicas en oficinas, escuelas, trabajo o cualquier lugar que se le ocurra donde exista un equipo de c\u00f3mputo, ya que su dise\u00f1o sencillo, practico y elegante cumple su funci\u00f3n simplemente a la perfecci\u00f3n permiti\u00e9ndonos tener movilidad en nuestro equipo y desarrollar nuestras actividades sin problema alguno.<\/p>\n<p><strong>Especificaciones:<\/strong><\/p>\n<p>Sensor: \u00d3ptico<br \/>\nCantidad de botones: Tres teclas silenciosas.<br \/>\nResoluci\u00f3n ajustable: 1200 DPI<br \/>\nRango de alcance: 10 m.<br \/>\nFrecuencia\u00a0RF: 2.4 Ghz (2402-2480 MHZ)<br \/>\nBajo consumo: Bateria recargable Litio<br \/>\nIncluye receptor USB.<br \/>\nCompatible con Windows y Mac.<br \/>\nColor:\u00a0 \u00a0 \u00a0 \u00a0 \u00a0 \u00a0 \u00a0 \u00a0 \u00a0 \u00a0 \u00a0 \u00a0 \u00a0 \u00a0 \u00a0 \u00a0\u00a0Blanco<br \/>\nGarant\u00eda:\u00a0 \u00a0 \u00a0 \u00a0 \u00a0 \u00a0 \u00a0 \u00a0 \u00a0 \u00a0 \u00a0 \u00a0 \u00a0 \u00a06 meses<br \/>\nResoluci\u00f3n:\u00a0 \u00a0 \u00a0 \u00a0 \u00a0 \u00a0 \u00a0 \u00a0 \u00a0 \u00a0 \u00a0 \u00a01200 DPI<br \/>\nConector:\u00a0 \u00a0 \u00a0 \u00a0 \u00a0 \u00a0 \u00a0 \u00a0 \u00a0 \u00a0 \u00a0 \u00a0 \u00a0 USB, Bluetooth 5.0<br \/>\nCompatible con:\u00a0 \u00a0 \u00a0 \u00a0 \u00a0 \u00a0 \u00a0 \u00a0Windows 7-8-8.1,10,11 o superior, Mac OS X10.8 o superior<\/p>\n<p><b>Manuf P\/N:\u00a0\u00a0<\/b>ACC-M2B-1178<\/p>\n<p><b>Fabricante:\u00a0\u00a0<\/b>XUE\u00ae<\/p>\n<p><b>Tipo:\u00a0\u00a0<\/b>\u00d3ptico<\/p>\n<p><b>Resoluci\u00f3n:\u00a0 1<\/b>2001600 DPI<\/p>\n<p><b>Conexi\u00f3n:\u00a0\u00a0<\/b>Inal\u00e1mbrica 2.4Ghz \/ Bluetooth 5.0<\/p>\n","protected":false},"excerpt":{"rendered":"<p><b>Manuf P\/N:\u00a0\u00a0<\/b>ACC-M2B-1178<\/p>\n<p><b>Fabricante:\u00a0\u00a0<\/b>XUE\u00ae<\/p>\n<p><b>Tipo:\u00a0\u00a0<\/b>\u00d3ptico<\/p>\n<p><b>Resoluci\u00f3n: 1<\/b>200 DPI<\/p>\n<p><b>Conexi\u00f3n:\u00a0\u00a0<\/b>Inal\u00e1mbrica 2.4Ghz \/ Bluetooth 5.0<b><img loading=\"lazy\" class=\"aligncenter wp-image-10280\" src=\"https:\/\/hekalsoluciones.com\/hekalsoluciones\/wp-content\/uploads\/2024\/06\/ENVIO-GRATIS.png\" alt=\"\" width=\"535\" height=\"209\" srcset=\"https:\/\/hekalsoluciones.com\/hekalsoluciones\/wp-content\/uploads\/2024\/06\/ENVIO-GRATIS.png 1280w, https:\/\/hekalsoluciones.com\/hekalsoluciones\/wp-content\/uploads\/2024\/06\/ENVIO-GRATIS-300x117.png 300w, https:\/\/hekalsoluciones.com\/hekalsoluciones\/wp-content\/uploads\/2024\/06\/ENVIO-GRATIS-1024x400.png 1024w, https:\/\/hekalsoluciones.com\/hekalsoluciones\/wp-content\/uploads\/2024\/06\/ENVIO-GRATIS-768x300.png 768w\" sizes=\"(max-width: 535px) 100vw, 535px\" \/><\/b><\/p>\n","protected":false},"featured_media":9749,"comment_status":"open","ping_status":"closed","template":"","meta":{"_monsterinsights_skip_tracking":false,"_monsterinsights_sitenote_active":false,"_monsterinsights_sitenote_note":"","_monsterinsights_sitenote_category":0},"aioseo_notices":[],"_links":{"self":[{"href":"https:\/\/hekalsoluciones.com\/hekalsoluciones\/wp-json\/wp\/v2\/product\/9463"}],"collection":[{"href":"https:\/\/hekalsoluciones.com\/hekalsoluciones\/wp-json\/wp\/v2\/product"}],"about":[{"href":"https:\/\/hekalsoluciones.com\/hekalsoluciones\/wp-json\/wp\/v2\/types\/product"}],"replies":[{"embeddable":true,"href":"https:\/\/hekalsoluciones.com\/hekalsoluciones\/wp-json\/wp\/v2\/comments?post=9463"}],"wp:featuredmedia":[{"embeddable":true,"href":"https:\/\/hekalsoluciones.com\/hekalsoluciones\/wp-json\/wp\/v2\/media\/9749"}],"wp:attachment":[{"href":"https:\/\/hekalsoluciones.com\/hekalsoluciones\/wp-json\/wp\/v2\/media?parent=9463"}],"curies":[{"name":"wp","href":"https:\/\/api.w.org\/{rel}","templated":true}]}}