{"id":9771,"date":"2024-04-04T20:35:24","date_gmt":"2024-04-04T20:35:24","guid":{"rendered":"https:\/\/hekalsoluciones.com\/hekalsoluciones\/?post_type=product&#038;p=9771"},"modified":"2026-02-05T16:39:22","modified_gmt":"2026-02-05T16:39:22","slug":"ktd-pe432e-16g-memoria-16gb-dell","status":"publish","type":"product","link":"https:\/\/hekalsoluciones.com\/hekalsoluciones\/producto\/ktd-pe432e-16g-memoria-16gb-dell\/","title":{"rendered":"Kingston KTD-PE432E\/16G &#8211; Memoria 16GB &#8211;  Server"},"content":{"rendered":"<p>Las memorias de Kingston han sido dise\u00f1adas, fabricadas y rigurosamente probadas para satisfacer las especificaciones exactas de cada sistema de una marca espec\u00edfica. Su compatibilidad y soporte t\u00e9cnico quedan respaldados a trav\u00e9s de una garant\u00eda de por vida y la reconocida fiabilidad de Kingston.<\/p>\n","protected":false},"excerpt":{"rendered":"<div class=\"c-productCard4__header\"><a class=\"c-productCard4__header__link\" role=\"text\"><span class=\"c-productCard4__header__link__name\">16GB DDR4 3200MT\/s ECC Unbuffered DIMM<\/span><\/a><\/div>\n<div class=\"c-productCard4__details\">\n<p class=\"c-productCard4__details__shortDesc\">DDR4 3200MT\/s ECC Unbuffered DIMM CL22 2RX8 1.2V 288-pin 8Gbit<img loading=\"lazy\" class=\"aligncenter wp-image-10280\" src=\"https:\/\/hekalsoluciones.com\/hekalsoluciones\/wp-content\/uploads\/2024\/06\/ENVIO-GRATIS.png\" alt=\"\" width=\"535\" height=\"209\" srcset=\"https:\/\/hekalsoluciones.com\/hekalsoluciones\/wp-content\/uploads\/2024\/06\/ENVIO-GRATIS.png 1280w, https:\/\/hekalsoluciones.com\/hekalsoluciones\/wp-content\/uploads\/2024\/06\/ENVIO-GRATIS-300x117.png 300w, https:\/\/hekalsoluciones.com\/hekalsoluciones\/wp-content\/uploads\/2024\/06\/ENVIO-GRATIS-1024x400.png 1024w, https:\/\/hekalsoluciones.com\/hekalsoluciones\/wp-content\/uploads\/2024\/06\/ENVIO-GRATIS-768x300.png 768w\" sizes=\"(max-width: 535px) 100vw, 535px\" \/><\/p>\n<p>&nbsp;<\/p>\n<\/div>\n","protected":false},"featured_media":9774,"comment_status":"closed","ping_status":"closed","template":"","meta":{"_monsterinsights_skip_tracking":false,"_monsterinsights_sitenote_active":false,"_monsterinsights_sitenote_note":"","_monsterinsights_sitenote_category":0},"aioseo_notices":[],"_links":{"self":[{"href":"https:\/\/hekalsoluciones.com\/hekalsoluciones\/wp-json\/wp\/v2\/product\/9771"}],"collection":[{"href":"https:\/\/hekalsoluciones.com\/hekalsoluciones\/wp-json\/wp\/v2\/product"}],"about":[{"href":"https:\/\/hekalsoluciones.com\/hekalsoluciones\/wp-json\/wp\/v2\/types\/product"}],"replies":[{"embeddable":true,"href":"https:\/\/hekalsoluciones.com\/hekalsoluciones\/wp-json\/wp\/v2\/comments?post=9771"}],"wp:featuredmedia":[{"embeddable":true,"href":"https:\/\/hekalsoluciones.com\/hekalsoluciones\/wp-json\/wp\/v2\/media\/9774"}],"wp:attachment":[{"href":"https:\/\/hekalsoluciones.com\/hekalsoluciones\/wp-json\/wp\/v2\/media?parent=9771"}],"curies":[{"name":"wp","href":"https:\/\/api.w.org\/{rel}","templated":true}]}}